{"id":4070,"date":"2025-02-11T12:53:28","date_gmt":"2025-02-11T11:53:28","guid":{"rendered":"http:\/\/localhost\/pwic.gouv.ci\/importations-copy\/"},"modified":"2026-02-17T11:16:41","modified_gmt":"2026-02-17T11:16:41","slug":"rfcv","status":"publish","type":"page","link":"https:\/\/www.gucecotedivoire.ci\/pwic\/importations\/rfcv\/","title":{"rendered":"RFCV"},"content":{"rendered":"\t\t<div data-elementor-type=\"wp-page\" data-elementor-id=\"4070\" class=\"elementor elementor-4070\">\n\t\t\t\t<div class=\"elementor-element elementor-element-a9813bf e-flex e-con-boxed wpr-particle-no wpr-jarallax-no wpr-parallax-no wpr-sticky-section-no e-con e-parent\" data-id=\"a9813bf\" data-element_type=\"container\">\n\t\t\t\t\t<div class=\"e-con-inner\">\n\t\t<div class=\"elementor-element elementor-element-314665d e-con-full e-flex wpr-particle-no wpr-jarallax-no wpr-parallax-no wpr-sticky-section-no e-con e-child\" data-id=\"314665d\" data-element_type=\"container\" data-settings=\"{&quot;background_background&quot;:&quot;classic&quot;}\">\n\t\t\t\t<div class=\"elementor-element elementor-element-77b5f79 exad-sticky-section-no exad-glass-effect-no elementor-widget elementor-widget-heading\" data-id=\"77b5f79\" data-element_type=\"widget\" data-widget_type=\"heading.default\">\n\t\t\t\t<div class=\"elementor-widget-container\">\n\t\t\t\t\t<h1 class=\"elementor-heading-title elementor-size-default\">RFCV<\/h1>\t\t\t\t<\/div>\n\t\t\t\t<\/div>\n\t\t\t\t<\/div>\n\t\t\t\t<div class=\"elementor-element elementor-element-e0977e8 exad-sticky-section-no exad-glass-effect-no elementor-widget elementor-widget-heading\" data-id=\"e0977e8\" data-element_type=\"widget\" data-widget_type=\"heading.default\">\n\t\t\t\t<div class=\"elementor-widget-container\">\n\t\t\t\t\t<h2 class=\"elementor-heading-title elementor-size-default\">RFCV \u2013 Rapport Final de Classification et de Valeur.<\/h2>\t\t\t\t<\/div>\n\t\t\t\t<\/div>\n\t\t\t\t<div class=\"elementor-element elementor-element-a03bbf6 exad-sticky-section-no exad-glass-effect-no elementor-widget elementor-widget-text-editor\" data-id=\"a03bbf6\" data-element_type=\"widget\" data-widget_type=\"text-editor.default\">\n\t\t\t\t<div class=\"elementor-widget-container\">\n\t\t\t\t\t\t\t\t\t<p>Toutes les marchandises dont la valeur FOB est sup\u00e9rieure ou \u00e9gale \u00e0 Un (1) million de FCFA doivent obtenir un Rapport Final de Classification de Valeur (RFCV) aupr\u00e8s du GUCE. Cette Attestation de Classification et de Valeur fait partie des documents obligatoires pour valider une D\u00e9claration en Douane.<\/p><p>La liste des produits exempt\u00e9s de cette formalit\u00e9 est disponible sur les sites de la Douane.<\/p><p>Une fois votre marchandise embarqu\u00e9e et les documents d\u00e9finitifs en votre possession (Connaissement Maritime, Facture D\u00e9finitive, etc.), il convient d\u2019effectuer les derni\u00e8res d\u00e9marches suivantes pour obtenir le RFCV n\u00e9cessaire pour effectuer votre D\u00e9claration en Douane :<\/p>\t\t\t\t\t\t\t\t<\/div>\n\t\t\t\t<\/div>\n\t\t\t\t<div class=\"elementor-element elementor-element-ce47404 e-n-tabs-mobile exad-glass-effect-no elementor-widget elementor-widget-n-tabs\" data-id=\"ce47404\" data-element_type=\"widget\" data-settings=\"{&quot;horizontal_scroll&quot;:&quot;disable&quot;}\" data-widget_type=\"nested-tabs.default\">\n\t\t\t\t<div class=\"elementor-widget-container\">\n\t\t\t\t\t\t\t<div class=\"e-n-tabs\" data-widget-number=\"216298500\" aria-label=\"Onglets. Ouvrez des \u00e9l\u00e9ments avec Entrer ou Espace, fermez-les avec Echape et naviguez \u00e0 l&#039;aide des touches fl\u00e9ch\u00e9es.\">\n\t\t\t<div class=\"e-n-tabs-heading\" role=\"tablist\">\n\t\t\t\t\t<button id=\"e-n-tab-title-2162985001\" data-tab-title-id=\"e-n-tab-title-2162985001\" class=\"e-n-tab-title\" aria-selected=\"true\" data-tab-index=\"1\" role=\"tab\" tabindex=\"0\" aria-controls=\"e-n-tab-content-2162985001\" style=\"--n-tabs-title-order: 1;\">\n\t\t\t\t\t\t<span class=\"e-n-tab-title-text\">\n\t\t\t\tMarchandises soumises au RFCV\t\t\t<\/span>\n\t\t<\/button>\n\t\t\t\t<button id=\"e-n-tab-title-2162985002\" data-tab-title-id=\"e-n-tab-title-2162985002\" class=\"e-n-tab-title\" aria-selected=\"false\" data-tab-index=\"2\" role=\"tab\" tabindex=\"-1\" aria-controls=\"e-n-tab-content-2162985002\" style=\"--n-tabs-title-order: 2;\">\n\t\t\t\t\t\t<span class=\"e-n-tab-title-text\">\n\t\t\t\tMarchandises non soumises au RFCV\t\t\t<\/span>\n\t\t<\/button>\n\t\t\t\t<button id=\"e-n-tab-title-2162985003\" data-tab-title-id=\"e-n-tab-title-2162985003\" class=\"e-n-tab-title\" aria-selected=\"false\" data-tab-index=\"3\" role=\"tab\" tabindex=\"-1\" aria-controls=\"e-n-tab-content-2162985003\" style=\"--n-tabs-title-order: 3;\">\n\t\t\t\t\t<span class=\"e-n-tab-icon\">\n\t\t\t<svg aria-hidden=\"true\" class=\"e-font-icon-svg e-fas-ban\" viewBox=\"0 0 512 512\" xmlns=\"http:\/\/www.w3.org\/2000\/svg\"><path d=\"M256 8C119.034 8 8 119.033 8 256s111.034 248 248 248 248-111.034 248-248S392.967 8 256 8zm130.108 117.892c65.448 65.448 70 165.481 20.677 235.637L150.47 105.216c70.204-49.356 170.226-44.735 235.638 20.676zM125.892 386.108c-65.448-65.448-70-165.481-20.677-235.637L361.53 406.784c-70.203 49.356-170.226 44.736-235.638-20.676z\"><\/path><\/svg>\t\t\t<svg aria-hidden=\"true\" class=\"e-font-icon-svg e-fas-ban\" viewBox=\"0 0 512 512\" xmlns=\"http:\/\/www.w3.org\/2000\/svg\"><path d=\"M256 8C119.034 8 8 119.033 8 256s111.034 248 248 248 248-111.034 248-248S392.967 8 256 8zm130.108 117.892c65.448 65.448 70 165.481 20.677 235.637L150.47 105.216c70.204-49.356 170.226-44.735 235.638 20.676zM125.892 386.108c-65.448-65.448-70-165.481-20.677-235.637L361.53 406.784c-70.203 49.356-170.226 44.736-235.638-20.676z\"><\/path><\/svg>\t\t<\/span>\n\t\t\t\t\t<span class=\"e-n-tab-title-text\">\n\t\t\t\tAttention\t\t\t<\/span>\n\t\t<\/button>\n\t\t\t\t\t<\/div>\n\t\t\t<div class=\"e-n-tabs-content\">\n\t\t\t\t<div id=\"e-n-tab-content-2162985001\" role=\"tabpanel\" aria-labelledby=\"e-n-tab-title-2162985001\" data-tab-index=\"1\" style=\"--n-tabs-title-order: 1;\" class=\"e-active elementor-element elementor-element-c3680ab e-con-full e-flex wpr-particle-no wpr-jarallax-no wpr-parallax-no wpr-sticky-section-no e-con e-child\" data-id=\"c3680ab\" data-element_type=\"container\">\n\t\t<div class=\"elementor-element elementor-element-9b0b072 e-flex e-con-boxed wpr-particle-no wpr-jarallax-no wpr-parallax-no wpr-sticky-section-no e-con e-child\" data-id=\"9b0b072\" data-element_type=\"container\">\n\t\t\t\t\t<div class=\"e-con-inner\">\n\t\t\t\t<div class=\"elementor-element elementor-element-f008f98 exad-sticky-section-no exad-glass-effect-no elementor-widget elementor-widget-text-editor\" data-id=\"f008f98\" data-element_type=\"widget\" data-widget_type=\"text-editor.default\">\n\t\t\t\t<div class=\"elementor-widget-container\">\n\t\t\t\t\t\t\t\t\t<p>Toutes les marchandises dont la\u00a0<strong>valeur FOB est sup\u00e9rieure ou \u00e9gale \u00e0 Un (1) million de FCFA<\/strong>\u00a0doivent obtenir un Rapport Final de Classification de Valeur (RFCV) aupr\u00e8s du GUCE. Cette Attestation de Classification et de Valeur fait partie des documents obligatoires pour valider une D\u00e9claration en Douane.<\/p><div id=\"sp_easy_accordion-1739208033\"><div id=\"sp-ea-3998\" class=\"sp-ea-one sp-easy-accordion\" data-ea-active=\"ea-click\" data-ea-mode=\"vertical\" data-preloader=\"\" data-scroll-active-item=\"\" data-offset-to-scroll=\"0\"><div class=\"ea-card  sp-ea-single\"><h3 class=\"ea-header\">\u00a0<\/h3><\/div><\/div><\/div>\t\t\t\t\t\t\t\t<\/div>\n\t\t\t\t<\/div>\n\t\t\t\t<div class=\"elementor-element elementor-element-9d96297 exad-sticky-section-no exad-glass-effect-no elementor-widget elementor-widget-exad-exclusive-tabs\" data-id=\"9d96297\" data-element_type=\"widget\" data-widget_type=\"exad-exclusive-tabs.default\">\n\t\t\t\t<div class=\"elementor-widget-container\">\n\t\t\t\t\t\t\t<div class=\"exad-tabs-9d96297 exad-advance-tab exad-tab-horizontal exad-tab-align-center\" data-tabs>\r\n\t\t\t\r\n\t\t\t<ul class=\"exad-advance-tab-nav\">\r\n\t\t\t\t\t\t\t\t\t<li class=\"active \" data-tab>\r\n\t\t\t\t\t\t\t\t\t\t\t\t<span class=\"exad-tab-title\">\r\n\t\t\t\t\t\tD\u00e9marches\t\t\t\t\t\t<\/span>\r\n\t\t\t\t\t<\/li>\r\n\t\t\t\t\t\t\t\t\t<li class=\" \" data-tab>\r\n\t\t\t\t\t\t\t\t\t\t\t\t<span class=\"exad-tab-title\">\r\n\t\t\t\t\t\tFormulaire de R\u00e9clamation\t\t\t\t\t\t<\/span>\r\n\t\t\t\t\t<\/li>\r\n\t\t\t\t\t\t\t\t\t<li class=\" \" data-tab>\r\n\t\t\t\t\t\t\t\t\t\t\t\t<span class=\"exad-tab-title\">\r\n\t\t\t\t\t\tDemande de Modification\t\t\t\t\t\t<\/span>\r\n\t\t\t\t\t<\/li>\r\n\t\t\t\t\t\t\t<\/ul>\r\n\t\t\t\r\n\t\t\t\t\t\t\t<div class=\"exad-advance-tab-content exad-tab-image-has-no active exad-tab-image-right\">\r\n\t\t\t\t\t\t\t\t\t\t\t<div class=\"exad-advance-tab-content-element\">\r\n\t\t\t\t\t\t\t<div class=\"exad-advance-tab-content-description\">\r\n\t\t\t\t\t\t\t<p><strong>ETAPE 1<\/strong>\u00a0\u2013 Remplir en ligne l\u2019Avis de D\u00e9livrance (AD)<\/p><p><strong>ETAPE 2<\/strong>\u00a0\u2013 T\u00e9l\u00e9charger les documents d\u00e9finitifs suivants sur la plateforme du GUCE :<\/p><ul><li>Facture Commerciale D\u00e9finitive.<\/li><li>Connaissement Maritime (Bill of Lading ou B\/L) ou Lettre de Transport A\u00e9rien (LTA\/AWB) ou routier (Lettre de Voiture\/Consignment note).<\/li><li>Liste de Colisage.<\/li><li>Facture du Fret.<\/li><li>Une copie de la FDI.<\/li><li>Tous les autres certificats disponibles<a href=\"http:\/\/uatpwic.guce.gouv.ci\/fr\/web\/tip\/import#_ftn1\">[1]<\/a>.<\/li><\/ul><p>Dans les 5 jours ouvr\u00e9s suivant la soumission des documents ci-dessus, la DARRV adressera au r\u00e9ceptionnaire ou au transitaire le Rapport Final de Classification et de Valeur (RFCV) par e-mail.<br \/>Le RFCV mentionnera l\u2019\u00e9valuation effectu\u00e9e par la DARRV de la valeur en douane de la marchandise ainsi que les codes SH des marchandises import\u00e9es.<\/p>\t\t\t\t\t\t\t<\/div>\r\n\t\t\t\t\t\t\t\t\t\t\t\t\t<\/div>\r\n\t\t\t\t\t\t\t\t\t\t\t\t\t\t\t<\/div>\r\n\t\t\t\t\t\t\t<div class=\"exad-advance-tab-content exad-tab-image-has-no  exad-tab-image-right\">\r\n\t\t\t\t\t\t\t\t\t\t\t<div class=\"exad-advance-tab-content-element\">\r\n\t\t\t\t\t\t\t<div class=\"exad-advance-tab-content-description\">\r\n\t\t\t\t\t\t\t<div class=\"elementor-element elementor-element-d17c79c exad-sticky-section-no exad-glass-effect-no elementor-widget elementor-widget-heading\" data-id=\"d17c79c\" data-element_type=\"widget\" data-widget_type=\"heading.default\"><p>\u00a0<\/p><div class=\"ea-card sp-ea-single ea-expand\"><div id=\"collapse39981\" class=\"sp-collapse spcollapse show\" role=\"region\" aria-labelledby=\"ea-header-39981\"><div class=\"ea-body\"><p>Si des diff\u00e9rences sont d\u00e9tect\u00e9es par rapport aux documents soumis, GUCE remettra un Formulaire de R\u00e9clamation avec le d\u00e9tail des informations \u00e0 compl\u00e9ter. Il convient alors de remplir le Formulaire de R\u00e9clamation et le renvoyer au Responsable du Service Client de la DARRV.<\/p><\/div><\/div><\/div><\/div>\t\t\t\t\t\t\t<\/div>\r\n\t\t\t\t\t\t\t\t\t\t\t\t\t<\/div>\r\n\t\t\t\t\t\t\t\t\t\t\t\t\t\t\t<\/div>\r\n\t\t\t\t\t\t\t<div class=\"exad-advance-tab-content exad-tab-image-has-no  exad-tab-image-right\">\r\n\t\t\t\t\t\t\t\t\t\t\t<div class=\"exad-advance-tab-content-element\">\r\n\t\t\t\t\t\t\t<div class=\"exad-advance-tab-content-description\">\r\n\t\t\t\t\t\t\t<div class=\"elementor-element elementor-element-e0977e8 exad-sticky-section-no exad-glass-effect-no elementor-widget elementor-widget-heading\" data-id=\"e0977e8\" data-element_type=\"widget\" data-widget_type=\"heading.default\"><p>\u00a0<\/p><p class=\"elementor-widget-container\">Si une demande de modification est pr\u00e9sent\u00e9e, il convient d\u2019utiliser le Formulaire de Litige.<br \/>La demande devra \u00eatre accompagn\u00e9e de tous les certificats ou documents justifiant sa validit\u00e9. GUCE informera le d\u00e9posant de la d\u00e9cision prise \u00e0 propos de la demande de modification d\u00e8s que celle-ci sera disponible. L\u2019avis de d\u00e9cision sera disponible au Ruling Center sur pr\u00e9sentation de l\u2019exemplaire du RFCV ou de la FDI Si la demande est jug\u00e9e recevable, un nouveau certificat RFCV sera \u00e9mis et sera transmis.<br \/>La d\u00e9cision rendue est susceptible d\u2019appel aupr\u00e8s du Comit\u00e9 d\u2019Arbitrage de la Valeur (CAV), BP V 25 Abidjan, T\u00e9l: (+225) 20 25 15 00 \/ poste 562, apr\u00e8s saisine.<\/p><\/div>\t\t\t\t\t\t\t<\/div>\r\n\t\t\t\t\t\t\t\t\t\t\t\t\t<\/div>\r\n\t\t\t\t\t\t\t\t\t\t\t\t\t\t\t<\/div>\r\n\t\t\t\t\t<\/div>\r\n\t\t\t\t\t<\/div>\n\t\t\t\t<\/div>\n\t\t\t\t\t<\/div>\n\t\t\t\t<\/div>\n\t\t\t\t<\/div>\n\t\t<div id=\"e-n-tab-content-2162985002\" role=\"tabpanel\" aria-labelledby=\"e-n-tab-title-2162985002\" data-tab-index=\"2\" style=\"--n-tabs-title-order: 2;\" class=\" elementor-element elementor-element-6d03947 e-con-full e-flex wpr-particle-no wpr-jarallax-no wpr-parallax-no wpr-sticky-section-no e-con e-child\" data-id=\"6d03947\" data-element_type=\"container\">\n\t\t\t\t<div class=\"elementor-element elementor-element-673e73c exad-sticky-section-no exad-glass-effect-no elementor-widget elementor-widget-text-editor\" data-id=\"673e73c\" data-element_type=\"widget\" data-widget_type=\"text-editor.default\">\n\t\t\t\t<div class=\"elementor-widget-container\">\n\t\t\t\t\t\t\t\t\t<p>Sont dispens\u00e9es de la proc\u00e9dure RFCV :<\/p><ul><li>les marchandises dont la valeur FOB est inf\u00e9rieure \u00e0 Un (1) million de FCFA,<\/li><li>ou qui font partie des produits exempt\u00e9s du Contr\u00f4le Documentaire de la Valeur \u00e0 l\u2019Importation.<\/li><\/ul>\t\t\t\t\t\t\t\t<\/div>\n\t\t\t\t<\/div>\n\t\t\t\t<div class=\"elementor-element elementor-element-d34d4a5 exad-sticky-section-no exad-glass-effect-no elementor-widget elementor-widget-text-editor\" data-id=\"d34d4a5\" data-element_type=\"widget\" data-widget_type=\"text-editor.default\">\n\t\t\t\t<div class=\"elementor-widget-container\">\n\t\t\t\t\t\t\t\t\t<h5 class=\"ea-header\">Liste des produits<\/h5><div id=\"collapse40000\" class=\"sp-collapse spcollapse show\" role=\"region\" aria-labelledby=\"ea-header-40000\"><div class=\"ea-body\"><p>Ces biens et marchandises sont n\u00e9anmoins soumis \u00e0 l\u2019obtention obligatoire d\u2019une FDI :<\/p><ul><li>Or.<\/li><li>Pierres pr\u00e9cieuses.<\/li><li>Objets d\u2019art.<\/li><li>M\u00e9taux de r\u00e9cup\u00e9ration.<\/li><li>Explosifs.<\/li><li>Armes et munitions, et autres mat\u00e9riels pour l\u2019Arm\u00e9e et la Police.<\/li><li>Animaux vivants.<\/li><li>Poissons, l\u00e9gumes et fruits frais ou r\u00e9frig\u00e9r\u00e9s (ni congel\u00e9s, ni surgel\u00e9s).<\/li><li>Plantes et produits de la floriculture.<\/li><li>Films cin\u00e9matographiques impressionn\u00e9s et d\u00e9velopp\u00e9s.<\/li><li>Journaux et magazines actuels, timbres postaux et fiscaux, papiers timbr\u00e9s, billets de banque et ch\u00e9quiers, passeports.<\/li><li>Donations faites par des Gouvernements \u00e9trangers ou des organisations internationales \u00e0 l\u2019\u00c9tat, aux \u0153uvres caritatives, aux fondations et organisations philanthropiques reconnues d\u2019utilit\u00e9 publique en C\u00f4te d\u2019Ivoire.<\/li><li>Les fournitures aux missions diplomatiques et consulaires, ou aux organismes internationaux, import\u00e9s pour leurs propres besoins.<\/li><li>Les importations relevant des privil\u00e8ges diplomatiques et assimil\u00e9s.<\/li><li>Les importations relevant des privil\u00e8ges d\u00e9coulant de la coop\u00e9ration militaire.<\/li><li>La recherche et l\u2019exploitation mini\u00e8re.<\/li><li>La recherche et l\u2019exploitation p\u00e9troli\u00e8re.<\/li><li>Les importations exempt\u00e9es par des conventions d\u2019\u00c9tats.<\/li><li>Les importations effectu\u00e9es dans le cadre de projets financ\u00e9s par les appuis ext\u00e9rieurs.<\/li><li>Les d\u00e9clarations en d\u00e9tail et les d\u00e9clarations simplifi\u00e9es portant sur les biens ou marchandises d\u2019une valeur FOB inf\u00e9rieure ou \u00e9gale \u00e0 Cinq cent mille (500.000) FCFA.<\/li><li>Biens import\u00e9s, \u00e0 valeur non commerciale et de fa\u00e7on non r\u00e9p\u00e9titive, pour un usage personnel et dont la valeur n\u2019exc\u00e8de pas Trois (3) millions de FCFA<\/li><li>Les objets personnels et les objets domestiques usag\u00e9s.<\/li><li>Les cadeaux personnels.<\/li><li>Les colis postaux.<\/li><li>Les produits p\u00e9troliers, \u00e0 l\u2019exclusion des huiles min\u00e9rales et graisses consistantes.<\/li><li>Les \u00e9chantillons commerciaux.<\/li><li>Les v\u00e9hicules usag\u00e9s du chapitre 8701, 8702, 8703, 8704, 8705, 8706 &amp; 8716 tels que vis\u00e9s dans\u00a0la Circulaire de la Direction G\u00e9n\u00e9rale des Douanes n\u00b01681 du 20 Ao\u00fbt 2014 [C2014.1681].<\/li><\/ul><\/div><\/div>\t\t\t\t\t\t\t\t<\/div>\n\t\t\t\t<\/div>\n\t\t\t\t<\/div>\n\t\t<div id=\"e-n-tab-content-2162985003\" role=\"tabpanel\" aria-labelledby=\"e-n-tab-title-2162985003\" data-tab-index=\"3\" style=\"--n-tabs-title-order: 3;\" class=\" elementor-element elementor-element-e3f7a66 e-flex e-con-boxed wpr-particle-no wpr-jarallax-no wpr-parallax-no wpr-sticky-section-no e-con e-child\" data-id=\"e3f7a66\" data-element_type=\"container\">\n\t\t\t\t\t<div class=\"e-con-inner\">\n\t\t\t\t<div class=\"elementor-element elementor-element-1bf7e00 exad-sticky-section-no exad-glass-effect-no elementor-widget elementor-widget-text-editor\" data-id=\"1bf7e00\" data-element_type=\"widget\" data-widget_type=\"text-editor.default\">\n\t\t\t\t<div class=\"elementor-widget-container\">\n\t\t\t\t\t\t\t\t\t<p>Un D\u00e9cret de d\u00e9cembre 2017 r\u00e9duit \u00e0 10 ans l\u2019\u00e2ge maximum des camions d\u2019occasion admis \u00e0 l\u2019importation en C\u00f4te d\u2019Ivoire. Ce d\u00e9cret limite \u00e0 7 ans l\u2019\u00e2ge maximum des mini vans et camionnettes, et \u00e0 5 ans l\u2019\u00e2ge maximum des voitures particuli\u00e8res admises \u00e0 l\u2019importation.<\/p><p>Par exemple Certificat d\u2019origine, Certificat d\u2019Analyse pour produits chimiques ou denr\u00e9es alimentaires, Attestation pour produits d\u2019acier etc.<\/p>\t\t\t\t\t\t\t\t<\/div>\n\t\t\t\t<\/div>\n\t\t\t\t\t<\/div>\n\t\t\t\t<\/div>\n\t\t\t\t\t<\/div>\n\t\t<\/div>\n\t\t\t\t\t\t<\/div>\n\t\t\t\t<\/div>\n\t\t\t\t\t<\/div>\n\t\t\t\t<\/div>\n\t\t\t\t<\/div>\n\t\t","protected":false},"excerpt":{"rendered":"<p>RFCV RFCV \u2013 Rapport Final de Classification et de Valeur. Toutes les marchandises dont la valeur FOB est sup\u00e9rieure ou \u00e9gale \u00e0 Un (1) million de FCFA doivent obtenir un Rapport Final de Classification de Valeur (RFCV) aupr\u00e8s du GUCE. Cette Attestation de Classification et de Valeur fait partie des documents obligatoires pour valider une D\u00e9claration en Douane. La liste des produits exempt\u00e9s de cette formalit\u00e9 est disponible sur les sites de la Douane. Une fois votre marchandise embarqu\u00e9e et les documents d\u00e9finitifs en votre possession (Connaissement Maritime, Facture D\u00e9finitive, etc.), il convient d\u2019effectuer les derni\u00e8res d\u00e9marches suivantes pour obtenir le RFCV n\u00e9cessaire pour effectuer votre D\u00e9claration en Douane : Marchandises soumises au RFCV Marchandises non soumises au RFCV Attention Toutes les marchandises dont la\u00a0valeur FOB est sup\u00e9rieure ou \u00e9gale \u00e0 Un (1) million de FCFA\u00a0doivent obtenir un Rapport Final de Classification de Valeur (RFCV) aupr\u00e8s du GUCE. Cette Attestation de Classification et de Valeur fait partie des documents obligatoires pour valider une D\u00e9claration en Douane. \u00a0 D\u00e9marches Formulaire de R\u00e9clamation Demande de Modification ETAPE 1\u00a0\u2013 Remplir en ligne l\u2019Avis de D\u00e9livrance (AD) ETAPE 2\u00a0\u2013 T\u00e9l\u00e9charger les documents d\u00e9finitifs suivants sur la plateforme du GUCE : Facture Commerciale D\u00e9finitive. Connaissement Maritime (Bill of Lading ou B\/L) ou Lettre de Transport A\u00e9rien (LTA\/AWB) ou routier (Lettre de Voiture\/Consignment note). Liste de Colisage. Facture du Fret. Une copie de la FDI. Tous les autres certificats disponibles[1]. Dans les 5 jours ouvr\u00e9s suivant la soumission des documents ci-dessus, la DARRV adressera au r\u00e9ceptionnaire ou au transitaire le Rapport Final de Classification et de Valeur (RFCV) par e-mail.Le RFCV mentionnera l\u2019\u00e9valuation effectu\u00e9e par la DARRV de la valeur en douane de la marchandise ainsi que les codes SH des marchandises import\u00e9es. \u00a0 Si des diff\u00e9rences sont d\u00e9tect\u00e9es par rapport aux documents soumis, GUCE remettra un Formulaire de R\u00e9clamation avec le d\u00e9tail des informations \u00e0 compl\u00e9ter. Il convient alors de remplir le Formulaire de R\u00e9clamation et le renvoyer au Responsable du Service Client de la DARRV. \u00a0 Si une demande de modification est pr\u00e9sent\u00e9e, il convient d\u2019utiliser le Formulaire de Litige.La demande devra \u00eatre accompagn\u00e9e de tous les certificats ou documents justifiant sa validit\u00e9. GUCE informera le d\u00e9posant de la d\u00e9cision prise \u00e0 propos de la demande de modification d\u00e8s que celle-ci sera disponible. L\u2019avis de d\u00e9cision sera disponible au Ruling Center sur pr\u00e9sentation de l\u2019exemplaire du RFCV ou de la FDI Si la demande est jug\u00e9e recevable, un nouveau certificat RFCV sera \u00e9mis et sera transmis.La d\u00e9cision rendue est susceptible d\u2019appel aupr\u00e8s du Comit\u00e9 d\u2019Arbitrage de la Valeur (CAV), BP V 25 Abidjan, T\u00e9l: (+225) 20 25 15 00 \/ poste 562, apr\u00e8s saisine. Sont dispens\u00e9es de la proc\u00e9dure RFCV : les marchandises dont la valeur FOB est inf\u00e9rieure \u00e0 Un (1) million de FCFA, ou qui font partie des produits exempt\u00e9s du Contr\u00f4le Documentaire de la Valeur \u00e0 l\u2019Importation. Liste des produits Ces biens et marchandises sont n\u00e9anmoins soumis \u00e0 l\u2019obtention obligatoire d\u2019une FDI : Or. Pierres pr\u00e9cieuses. Objets d\u2019art. M\u00e9taux de r\u00e9cup\u00e9ration. Explosifs. Armes et munitions, et autres mat\u00e9riels pour l\u2019Arm\u00e9e et la Police. Animaux vivants. Poissons, l\u00e9gumes et fruits frais ou r\u00e9frig\u00e9r\u00e9s (ni congel\u00e9s, ni surgel\u00e9s). Plantes et produits de la floriculture. Films cin\u00e9matographiques impressionn\u00e9s et d\u00e9velopp\u00e9s. Journaux et magazines actuels, timbres postaux et fiscaux, papiers timbr\u00e9s, billets de banque et ch\u00e9quiers, passeports. Donations faites par des Gouvernements \u00e9trangers ou des organisations internationales \u00e0 l\u2019\u00c9tat, aux \u0153uvres caritatives, aux fondations et organisations philanthropiques reconnues d\u2019utilit\u00e9 publique en C\u00f4te d\u2019Ivoire. Les fournitures aux missions diplomatiques et consulaires, ou aux organismes internationaux, import\u00e9s pour leurs propres besoins. Les importations relevant des privil\u00e8ges diplomatiques et assimil\u00e9s. Les importations relevant des privil\u00e8ges d\u00e9coulant de la coop\u00e9ration militaire. La recherche et l\u2019exploitation mini\u00e8re. La recherche et l\u2019exploitation p\u00e9troli\u00e8re. Les importations exempt\u00e9es par des conventions d\u2019\u00c9tats. Les importations effectu\u00e9es dans le cadre de projets financ\u00e9s par les appuis ext\u00e9rieurs. Les d\u00e9clarations en d\u00e9tail et les d\u00e9clarations simplifi\u00e9es portant sur les biens ou marchandises d\u2019une valeur FOB inf\u00e9rieure ou \u00e9gale \u00e0 Cinq cent mille (500.000) FCFA. Biens import\u00e9s, \u00e0 valeur non commerciale et de fa\u00e7on non r\u00e9p\u00e9titive, pour un usage personnel et dont la valeur n\u2019exc\u00e8de pas Trois (3) millions de FCFA Les objets personnels et les objets domestiques usag\u00e9s. Les cadeaux personnels. Les colis postaux. Les produits p\u00e9troliers, \u00e0 l\u2019exclusion des huiles min\u00e9rales et graisses consistantes. Les \u00e9chantillons commerciaux. Les v\u00e9hicules usag\u00e9s du chapitre 8701, 8702, 8703, 8704, 8705, 8706 &amp; 8716 tels que vis\u00e9s dans\u00a0la Circulaire de la Direction G\u00e9n\u00e9rale des Douanes n\u00b01681 du 20 Ao\u00fbt 2014 [C2014.1681]. Un D\u00e9cret de d\u00e9cembre 2017 r\u00e9duit \u00e0 10 ans l\u2019\u00e2ge maximum des camions d\u2019occasion admis \u00e0 l\u2019importation en C\u00f4te d\u2019Ivoire. Ce d\u00e9cret limite \u00e0 7 ans l\u2019\u00e2ge maximum des mini vans et camionnettes, et \u00e0 5 ans l\u2019\u00e2ge maximum des voitures particuli\u00e8res admises \u00e0 l\u2019importation. Par exemple Certificat d\u2019origine, Certificat d\u2019Analyse pour produits chimiques ou denr\u00e9es alimentaires, Attestation pour produits d\u2019acier etc. Toutes les marchandises dont la\u00a0valeur FOB est sup\u00e9rieure ou \u00e9gale \u00e0 Un (1) million de FCFA\u00a0doivent obtenir un Rapport Final de Classification de Valeur (RFCV) aupr\u00e8s du GUCE. Cette Attestation de Classification et de Valeur fait partie des documents obligatoires pour valider une D\u00e9claration en Douane. \u00a0 D\u00e9marches Formulaire de R\u00e9clamation Demande de Modification ETAPE 1\u00a0\u2013 Remplir en ligne l\u2019Avis de D\u00e9livrance (AD) ETAPE 2\u00a0\u2013 T\u00e9l\u00e9charger les documents d\u00e9finitifs suivants sur la plateforme du GUCE : Facture Commerciale D\u00e9finitive. Connaissement Maritime (Bill of Lading ou B\/L) ou Lettre de Transport A\u00e9rien (LTA\/AWB) ou routier (Lettre de Voiture\/Consignment note). Liste de Colisage. Facture du Fret. Une copie de la FDI. Tous les autres certificats disponibles[1]. Dans les 5 jours ouvr\u00e9s suivant la soumission des documents ci-dessus, la DARRV adressera au r\u00e9ceptionnaire ou au transitaire le Rapport Final de Classification et de Valeur (RFCV) par e-mail.Le RFCV mentionnera l\u2019\u00e9valuation effectu\u00e9e par la DARRV de la valeur en douane de la marchandise ainsi que les codes SH des marchandises import\u00e9es. \u00a0 Si des diff\u00e9rences sont d\u00e9tect\u00e9es par rapport aux documents soumis, GUCE remettra un Formulaire de R\u00e9clamation avec<\/p>\n","protected":false},"author":1,"featured_media":0,"parent":749,"menu_order":0,"comment_status":"closed","ping_status":"closed","template":"","meta":{"ngg_post_thumbnail":0,"footnotes":""},"class_list":["post-4070","page","type-page","status-publish","hentry"],"_links":{"self":[{"href":"https:\/\/www.gucecotedivoire.ci\/pwic\/wp-json\/wp\/v2\/pages\/4070","targetHints":{"allow":["GET"]}}],"collection":[{"href":"https:\/\/www.gucecotedivoire.ci\/pwic\/wp-json\/wp\/v2\/pages"}],"about":[{"href":"https:\/\/www.gucecotedivoire.ci\/pwic\/wp-json\/wp\/v2\/types\/page"}],"author":[{"embeddable":true,"href":"https:\/\/www.gucecotedivoire.ci\/pwic\/wp-json\/wp\/v2\/users\/1"}],"replies":[{"embeddable":true,"href":"https:\/\/www.gucecotedivoire.ci\/pwic\/wp-json\/wp\/v2\/comments?post=4070"}],"version-history":[{"count":3,"href":"https:\/\/www.gucecotedivoire.ci\/pwic\/wp-json\/wp\/v2\/pages\/4070\/revisions"}],"predecessor-version":[{"id":9659,"href":"https:\/\/www.gucecotedivoire.ci\/pwic\/wp-json\/wp\/v2\/pages\/4070\/revisions\/9659"}],"up":[{"embeddable":true,"href":"https:\/\/www.gucecotedivoire.ci\/pwic\/wp-json\/wp\/v2\/pages\/749"}],"wp:attachment":[{"href":"https:\/\/www.gucecotedivoire.ci\/pwic\/wp-json\/wp\/v2\/media?parent=4070"}],"curies":[{"name":"wp","href":"https:\/\/api.w.org\/{rel}","templated":true}]}}