{"id":4955,"date":"2025-03-14T16:58:11","date_gmt":"2025-03-14T15:58:11","guid":{"rendered":"http:\/\/localhost\/pwic.gouv.ci\/?page_id=4955"},"modified":"2025-03-17T14:55:08","modified_gmt":"2025-03-17T13:55:08","slug":"commerce_intra_regional_uemoa","status":"publish","type":"page","link":"https:\/\/www.gucecotedivoire.ci\/pwic\/commerce_intra_regional_uemoa\/","title":{"rendered":"Commerce Intra-R\u00e9gional &#8211; UEMOA"},"content":{"rendered":"\t\t<div data-elementor-type=\"wp-page\" data-elementor-id=\"4955\" class=\"elementor elementor-4955\">\n\t\t\t\t<div class=\"elementor-element elementor-element-d0b71d3 e-flex e-con-boxed wpr-particle-no wpr-jarallax-no wpr-parallax-no wpr-sticky-section-no e-con e-parent\" data-id=\"d0b71d3\" data-element_type=\"container\">\n\t\t\t\t\t<div class=\"e-con-inner\">\n\t\t<div class=\"elementor-element elementor-element-7627266 e-con-full e-flex wpr-particle-no wpr-jarallax-no wpr-parallax-no wpr-sticky-section-no e-con e-child\" data-id=\"7627266\" data-element_type=\"container\" data-settings=\"{&quot;background_background&quot;:&quot;slideshow&quot;,&quot;background_slideshow_gallery&quot;:[{&quot;id&quot;:4980,&quot;url&quot;:&quot;https:\\\/\\\/www.gucecotedivoire.ci\\\/pwic\\\/wp-content\\\/uploads\\\/2025\\\/03\\\/tasty-arrangement-with-fresh-fruits-1-scaled.jpg&quot;}],&quot;background_slideshow_loop&quot;:&quot;yes&quot;,&quot;background_slideshow_slide_duration&quot;:5000,&quot;background_slideshow_slide_transition&quot;:&quot;fade&quot;,&quot;background_slideshow_transition_duration&quot;:500}\">\n\t\t\t\t<div class=\"elementor-element elementor-element-8565984 exad-sticky-section-no exad-glass-effect-no elementor-widget elementor-widget-heading\" data-id=\"8565984\" data-element_type=\"widget\" data-widget_type=\"heading.default\">\n\t\t\t\t<div class=\"elementor-widget-container\">\n\t\t\t\t\t<h1 class=\"elementor-heading-title elementor-size-default\">Commerce Intra-R\u00e9gional - UEMOA<\/h1>\t\t\t\t<\/div>\n\t\t\t\t<\/div>\n\t\t\t\t<\/div>\n\t\t\t\t<div class=\"elementor-element elementor-element-8762dae elementor-drop-cap-yes elementor-drop-cap-view-default exad-sticky-section-no exad-glass-effect-no elementor-widget elementor-widget-text-editor\" data-id=\"8762dae\" data-element_type=\"widget\" data-settings=\"{&quot;drop_cap&quot;:&quot;yes&quot;}\" data-widget_type=\"text-editor.default\">\n\t\t\t\t<div class=\"elementor-widget-container\">\n\t\t\t\t\t\t\t\t\t<p>Pour promouvoir son int\u00e9gration \u00e9conomique, l\u2019UEMOA a mis en place un dispositif communautaire de facilitation des \u00e9changes ou sch\u00e9ma de libre-\u00e9change (en parall\u00e8le \u00e0 celui de la CEDEAO) appel\u00e9 Taxe Pr\u00e9f\u00e9rentielle Communautaire (TPC). Les r\u00e8gles d\u2019origine et la proc\u00e9dure d\u2019agr\u00e9ment sont identiques \u00e0 celles de la CEDEAO, la demande de reconnaissance de l\u2019origine communautaire \u00e9tant transmise au Minist\u00e8re en charge de l\u2019Industrie (Direction G\u00e9n\u00e9rale de l\u2019Activit\u00e9 Industrielle).<\/p><p>Le dispositif communautaire de l\u2019UEMOA repose sur les principaux textes suivants (voir www.uemoa.int ) :<\/p><ul><li>Acte Additionnel\u00a0<a href=\"http:\/\/uatpwic.guce.gouv.ci\/documents\/11439\/30935\/L60.342\/67a99c35-cd06-4e0d-8163-773d6d4aae17\"><u><em><strong>N\u00b004\/96 du 10 mai 1996<\/strong><\/em><\/u><\/a><a href=\"http:\/\/uatpwic.guce.gouv.ci\/documents\/11439\/30935\/L60.342\/67a99c35-cd06-4e0d-8163-773d6d4aae17\">,<\/a>\u00a0instituant un r\u00e9gime tarifaire pr\u00e9f\u00e9rentiel transitoire des \u00e9changes (TPC : Taxe Pr\u00e9f\u00e9rentielle Communautaire) au sein de l\u2019UEMOA et son mode de fonctionnement, modifi\u00e9 par les Actes Additionnels N\u00b001\/97 du 23 juin 1997 [UEMOA AA01.97] et 04\/98 du 30 d\u00e9cembre 1998 [UEMOA AA04.98].<\/li><li><em><a href=\"http:\/\/uatpwic.guce.gouv.ci\/documents\/11439\/54413\/Recueil_Textes+CEDEAO+et+UEMOA+sur+commerce+intra+r%C3%A9gional.pdf\/4bcc77f0-43d9-4e22-8256-46a81cb5e7e2?version=1.0\">Protocole Additionnel N\u00b0III\/2001 du 19 D\u00e9cembre 2001<\/a><\/em>, instituant les r\u00e8gles d\u2019origine des produits de l\u2019UEMOA.<\/li><li>R\u00e8glement d\u2019Ex\u00e9cution N\u00b014\/COM\/UEMOA, portant d\u00e9termination des modalit\u00e9s de demande et de d\u00e9livrance des certificats d\u2019origine des produits de l\u2019UEMOA.<\/li><\/ul>\t\t\t\t\t\t\t\t<\/div>\n\t\t\t\t<\/div>\n\t\t<div class=\"elementor-element elementor-element-535156a e-con-full e-flex wpr-particle-no wpr-jarallax-no wpr-parallax-no wpr-sticky-section-no e-con e-child\" data-id=\"535156a\" data-element_type=\"container\">\n\t\t\t\t<div class=\"elementor-element elementor-element-5070150 e-n-tabs-mobile exad-sticky-section-no exad-glass-effect-no elementor-widget elementor-widget-n-tabs\" data-id=\"5070150\" data-element_type=\"widget\" data-settings=\"{&quot;horizontal_scroll&quot;:&quot;disable&quot;}\" data-widget_type=\"nested-tabs.default\">\n\t\t\t\t<div class=\"elementor-widget-container\">\n\t\t\t\t\t\t\t<div class=\"e-n-tabs\" data-widget-number=\"84345168\" aria-label=\"Onglets. Ouvrez des \u00e9l\u00e9ments avec Entrer ou Espace, fermez-les avec Echape et naviguez \u00e0 l&#039;aide des touches fl\u00e9ch\u00e9es.\">\n\t\t\t<div class=\"e-n-tabs-heading\" role=\"tablist\">\n\t\t\t\t\t<button id=\"e-n-tab-title-843451681\" data-tab-title-id=\"e-n-tab-title-843451681\" class=\"e-n-tab-title\" aria-selected=\"true\" data-tab-index=\"1\" role=\"tab\" tabindex=\"0\" aria-controls=\"e-n-tab-content-843451681\" style=\"--n-tabs-title-order: 1;\">\n\t\t\t\t\t\t<span class=\"e-n-tab-title-text\">\n\t\t\t\tTAXE PR\u00c9F\u00c9RENTIELLE COMMUNAUTAIRE<br>(TPC) DE L\u2019UEMOA\t\t\t<\/span>\n\t\t<\/button>\n\t\t\t\t<button id=\"e-n-tab-title-843451682\" data-tab-title-id=\"e-n-tab-title-843451682\" class=\"e-n-tab-title\" aria-selected=\"false\" data-tab-index=\"2\" role=\"tab\" tabindex=\"-1\" aria-controls=\"e-n-tab-content-843451682\" style=\"--n-tabs-title-order: 2;\">\n\t\t\t\t\t\t<span class=\"e-n-tab-title-text\">\n\t\t\t\tOBTENIR UN AGR\u00c9MENT TAXE<br>PR\u00c9F\u00c9RENTIELLE COMMUNAUTAIRE (TPC)\t\t\t<\/span>\n\t\t<\/button>\n\t\t\t\t<button id=\"e-n-tab-title-843451683\" data-tab-title-id=\"e-n-tab-title-843451683\" class=\"e-n-tab-title\" aria-selected=\"false\" data-tab-index=\"3\" role=\"tab\" tabindex=\"-1\" aria-controls=\"e-n-tab-content-843451683\" style=\"--n-tabs-title-order: 3;\">\n\t\t\t\t\t\t<span class=\"e-n-tab-title-text\">\n\t\t\t\tCERTIFICATS D\u2019ORIGINE<br>DES PRODUITS INDUSTRIELS\t\t\t<\/span>\n\t\t<\/button>\n\t\t\t\t\t<\/div>\n\t\t\t<div class=\"e-n-tabs-content\">\n\t\t\t\t<div id=\"e-n-tab-content-843451681\" role=\"tabpanel\" aria-labelledby=\"e-n-tab-title-843451681\" data-tab-index=\"1\" style=\"--n-tabs-title-order: 1;\" class=\"e-active elementor-element elementor-element-a620ad4 e-con-full e-flex wpr-particle-no wpr-jarallax-no wpr-parallax-no wpr-sticky-section-no e-con e-child\" data-id=\"a620ad4\" data-element_type=\"container\">\n\t\t\t\t<div class=\"elementor-element elementor-element-fb1c9a1 exad-sticky-section-no exad-glass-effect-no elementor-widget elementor-widget-text-editor\" data-id=\"fb1c9a1\" data-element_type=\"widget\" data-widget_type=\"text-editor.default\">\n\t\t\t\t<div class=\"elementor-widget-container\">\n\t\t\t\t\t\t\t\t\t<p>Ce m\u00e9canisme assure la libre circulation des marchandises originaires de l\u2019UEMOA sans le paiement des droits de douanes et des taxes d\u2019effet \u00e9quivalent \u00e0 l\u2019importation dans l\u2019espace UEMOA (cette exon\u00e9ration ne s\u2019applique pas \u00e0 la Taxe sur la Valeur Ajout\u00e9e (TVA) et autres taxes int\u00e9rieures).<br \/>La TPC est ouverte \u00e0 toute entreprise qui se trouve et exerce ses activit\u00e9s dans l\u2019un des huit (8) \u00c9tats-membres de l\u2019UEMOA, et qui compte exporter ses produits r\u00e9pondant aux crit\u00e8res d\u2019origine dans l\u2019espace UEMOA.<\/p><p><a href=\"https:\/\/www.gucecotedivoire.ci\/pwic\/commence_intra_regional_uemoa\/tpc\/\"> <button type=\"button\">En savoir +<\/button> <\/a><\/p>\t\t\t\t\t\t\t\t<\/div>\n\t\t\t\t<\/div>\n\t\t\t\t<\/div>\n\t\t<div id=\"e-n-tab-content-843451682\" role=\"tabpanel\" aria-labelledby=\"e-n-tab-title-843451682\" data-tab-index=\"2\" style=\"--n-tabs-title-order: 2;\" class=\" elementor-element elementor-element-101b809 e-flex e-con-boxed wpr-particle-no wpr-jarallax-no wpr-parallax-no wpr-sticky-section-no e-con e-child\" data-id=\"101b809\" data-element_type=\"container\">\n\t\t\t\t\t<div class=\"e-con-inner\">\n\t\t\t\t<div class=\"elementor-element elementor-element-9439def exad-sticky-section-no exad-glass-effect-no elementor-widget elementor-widget-text-editor\" data-id=\"9439def\" data-element_type=\"widget\" data-widget_type=\"text-editor.default\">\n\t\t\t\t<div class=\"elementor-widget-container\">\n\t\t\t\t\t\t\t\t\t<p><strong>Proc\u00e9dure d\u2019Octroi de l\u2019Origine Communautaire<\/strong><\/p><p>Dans le cadre de la proc\u00e9dure d\u2019Exportation, le Minist\u00e8re en charge de l\u2019industrie a la responsabilit\u00e9 de d\u00e9livrer les d\u00e9cisions d\u2019Agr\u00e9ment de\u00a0<strong>reconnaissance de l\u2019Origine Communautaire UEMOA\u00a0<\/strong>pour les entreprises d\u00e9sirant adh\u00e9rer\u00a0<strong>au Sch\u00e9ma de Lib\u00e9ration des Echanges de l\u2019UEMOA (Agr\u00e9ment \u00e0 la Taxe Pr\u00e9f\u00e9rentielle de l\u2019UEMOA).<\/strong><\/p><p><a href=\"https:\/\/www.gucecotedivoire.ci\/pwic\/commence_intra_regional_uemoa\/atpc\/\"> <button type=\"button\">En savoir +<\/button> <\/a><\/p>\t\t\t\t\t\t\t\t<\/div>\n\t\t\t\t<\/div>\n\t\t\t\t\t<\/div>\n\t\t\t\t<\/div>\n\t\t<div id=\"e-n-tab-content-843451683\" role=\"tabpanel\" aria-labelledby=\"e-n-tab-title-843451683\" data-tab-index=\"3\" style=\"--n-tabs-title-order: 3;\" class=\" elementor-element elementor-element-0c1f1b1 e-flex e-con-boxed wpr-particle-no wpr-jarallax-no wpr-parallax-no wpr-sticky-section-no e-con e-child\" data-id=\"0c1f1b1\" data-element_type=\"container\">\n\t\t\t\t\t<div class=\"e-con-inner\">\n\t\t\t\t<div class=\"elementor-element elementor-element-422063b exad-sticky-section-no exad-glass-effect-no elementor-widget elementor-widget-text-editor\" data-id=\"422063b\" data-element_type=\"widget\" data-widget_type=\"text-editor.default\">\n\t\t\t\t<div class=\"elementor-widget-container\">\n\t\t\t\t\t\t\t\t\t<p>Dans le cadre de la proc\u00e9dure d\u2019Exportation, le Minist\u00e8re en charge de l\u2019Industrie a la responsabilit\u00e9 de d\u00e9livrer les\u00a0<strong>Certificats d\u2019Origine<\/strong>\u00a0et les d\u00e9cisions d\u2019Agr\u00e9ment de R<strong>econnaissance de l\u2019Origine Communautaire UEMOA\u00a0<\/strong>pour les entreprises d\u00e9sirant adh\u00e9rer\u00a0<strong>au Sch\u00e9ma de Lib\u00e9ration des \u00c9changes de l\u2019UEMOA (Agr\u00e9ment \u00e0 la Taxe Pr\u00e9f\u00e9rentielle de l\u2019UEMOA).<\/strong><br \/><br \/><a href=\"https:\/\/www.gucecotedivoire.ci\/pwic\/commence_intra_regional_uemoa\/coo_produits_industriels\/\"> <button type=\"button\">En savoir +<\/button> <\/a><\/p>\t\t\t\t\t\t\t\t<\/div>\n\t\t\t\t<\/div>\n\t\t\t\t\t<\/div>\n\t\t\t\t<\/div>\n\t\t\t\t\t<\/div>\n\t\t<\/div>\n\t\t\t\t\t\t<\/div>\n\t\t\t\t<\/div>\n\t\t\t\t<\/div>\n\t\t\t\t\t<\/div>\n\t\t\t\t<\/div>\n\t\t\t\t<\/div>\n\t\t","protected":false},"excerpt":{"rendered":"<p>Commerce Intra-R\u00e9gional &#8211; UEMOA Pour promouvoir son int\u00e9gration \u00e9conomique, l\u2019UEMOA a mis en place un dispositif communautaire de facilitation des \u00e9changes ou sch\u00e9ma de libre-\u00e9change (en parall\u00e8le \u00e0 celui de la CEDEAO) appel\u00e9 Taxe Pr\u00e9f\u00e9rentielle Communautaire (TPC). Les r\u00e8gles d\u2019origine et la proc\u00e9dure d\u2019agr\u00e9ment sont identiques \u00e0 celles de la CEDEAO, la demande de reconnaissance de l\u2019origine communautaire \u00e9tant transmise au Minist\u00e8re en charge de l\u2019Industrie (Direction G\u00e9n\u00e9rale de l\u2019Activit\u00e9 Industrielle). Le dispositif communautaire de l\u2019UEMOA repose sur les principaux textes suivants (voir www.uemoa.int ) : Acte Additionnel\u00a0N\u00b004\/96 du 10 mai 1996,\u00a0instituant un r\u00e9gime tarifaire pr\u00e9f\u00e9rentiel transitoire des \u00e9changes (TPC : Taxe Pr\u00e9f\u00e9rentielle Communautaire) au sein de l\u2019UEMOA et son mode de fonctionnement, modifi\u00e9 par les Actes Additionnels N\u00b001\/97 du 23 juin 1997 [UEMOA AA01.97] et 04\/98 du 30 d\u00e9cembre 1998 [UEMOA AA04.98]. Protocole Additionnel N\u00b0III\/2001 du 19 D\u00e9cembre 2001, instituant les r\u00e8gles d\u2019origine des produits de l\u2019UEMOA. R\u00e8glement d\u2019Ex\u00e9cution N\u00b014\/COM\/UEMOA, portant d\u00e9termination des modalit\u00e9s de demande et de d\u00e9livrance des certificats d\u2019origine des produits de l\u2019UEMOA. TAXE PR\u00c9F\u00c9RENTIELLE COMMUNAUTAIRE(TPC) DE L\u2019UEMOA OBTENIR UN AGR\u00c9MENT TAXEPR\u00c9F\u00c9RENTIELLE COMMUNAUTAIRE (TPC) CERTIFICATS D\u2019ORIGINEDES PRODUITS INDUSTRIELS Ce m\u00e9canisme assure la libre circulation des marchandises originaires de l\u2019UEMOA sans le paiement des droits de douanes et des taxes d\u2019effet \u00e9quivalent \u00e0 l\u2019importation dans l\u2019espace UEMOA (cette exon\u00e9ration ne s\u2019applique pas \u00e0 la Taxe sur la Valeur Ajout\u00e9e (TVA) et autres taxes int\u00e9rieures).La TPC est ouverte \u00e0 toute entreprise qui se trouve et exerce ses activit\u00e9s dans l\u2019un des huit (8) \u00c9tats-membres de l\u2019UEMOA, et qui compte exporter ses produits r\u00e9pondant aux crit\u00e8res d\u2019origine dans l\u2019espace UEMOA. En savoir + Proc\u00e9dure d\u2019Octroi de l\u2019Origine Communautaire Dans le cadre de la proc\u00e9dure d\u2019Exportation, le Minist\u00e8re en charge de l\u2019industrie a la responsabilit\u00e9 de d\u00e9livrer les d\u00e9cisions d\u2019Agr\u00e9ment de\u00a0reconnaissance de l\u2019Origine Communautaire UEMOA\u00a0pour les entreprises d\u00e9sirant adh\u00e9rer\u00a0au Sch\u00e9ma de Lib\u00e9ration des Echanges de l\u2019UEMOA (Agr\u00e9ment \u00e0 la Taxe Pr\u00e9f\u00e9rentielle de l\u2019UEMOA). En savoir + Dans le cadre de la proc\u00e9dure d\u2019Exportation, le Minist\u00e8re en charge de l\u2019Industrie a la responsabilit\u00e9 de d\u00e9livrer les\u00a0Certificats d\u2019Origine\u00a0et les d\u00e9cisions d\u2019Agr\u00e9ment de Reconnaissance de l\u2019Origine Communautaire UEMOA\u00a0pour les entreprises d\u00e9sirant adh\u00e9rer\u00a0au Sch\u00e9ma de Lib\u00e9ration des \u00c9changes de l\u2019UEMOA (Agr\u00e9ment \u00e0 la Taxe Pr\u00e9f\u00e9rentielle de l\u2019UEMOA). En savoir + Ce m\u00e9canisme assure la libre circulation des marchandises originaires de l\u2019UEMOA sans le paiement des droits de douanes et des taxes d\u2019effet \u00e9quivalent \u00e0 l\u2019importation dans l\u2019espace UEMOA (cette exon\u00e9ration ne s\u2019applique pas \u00e0 la Taxe sur la Valeur Ajout\u00e9e (TVA) et autres taxes int\u00e9rieures).La TPC est ouverte \u00e0 toute entreprise qui se trouve et exerce ses activit\u00e9s dans l\u2019un des huit (8) \u00c9tats-membres de l\u2019UEMOA, et qui compte exporter ses produits r\u00e9pondant aux crit\u00e8res d\u2019origine dans l\u2019espace UEMOA. En savoir + Proc\u00e9dure d\u2019Octroi de l\u2019Origine Communautaire Dans le cadre de la proc\u00e9dure d\u2019Exportation, le Minist\u00e8re en charge de l\u2019industrie a la responsabilit\u00e9 de d\u00e9livrer les d\u00e9cisions d\u2019Agr\u00e9ment de\u00a0reconnaissance de l\u2019Origine Communautaire UEMOA\u00a0pour les entreprises d\u00e9sirant adh\u00e9rer\u00a0au Sch\u00e9ma de Lib\u00e9ration des Echanges de l\u2019UEMOA (Agr\u00e9ment \u00e0 la Taxe Pr\u00e9f\u00e9rentielle de l\u2019UEMOA). En savoir + Dans le cadre de la proc\u00e9dure d\u2019Exportation, le Minist\u00e8re en charge de l\u2019Industrie a la responsabilit\u00e9 de d\u00e9livrer les\u00a0Certificats d\u2019Origine\u00a0et les d\u00e9cisions d\u2019Agr\u00e9ment de Reconnaissance de l\u2019Origine Communautaire UEMOA\u00a0pour les entreprises d\u00e9sirant adh\u00e9rer\u00a0au Sch\u00e9ma de Lib\u00e9ration des \u00c9changes de l\u2019UEMOA (Agr\u00e9ment \u00e0 la Taxe Pr\u00e9f\u00e9rentielle de l\u2019UEMOA). En savoir +<\/p>\n","protected":false},"author":1,"featured_media":0,"parent":0,"menu_order":0,"comment_status":"closed","ping_status":"closed","template":"","meta":{"ngg_post_thumbnail":0,"footnotes":""},"class_list":["post-4955","page","type-page","status-publish","hentry"],"_links":{"self":[{"href":"https:\/\/www.gucecotedivoire.ci\/pwic\/wp-json\/wp\/v2\/pages\/4955","targetHints":{"allow":["GET"]}}],"collection":[{"href":"https:\/\/www.gucecotedivoire.ci\/pwic\/wp-json\/wp\/v2\/pages"}],"about":[{"href":"https:\/\/www.gucecotedivoire.ci\/pwic\/wp-json\/wp\/v2\/types\/page"}],"author":[{"embeddable":true,"href":"https:\/\/www.gucecotedivoire.ci\/pwic\/wp-json\/wp\/v2\/users\/1"}],"replies":[{"embeddable":true,"href":"https:\/\/www.gucecotedivoire.ci\/pwic\/wp-json\/wp\/v2\/comments?post=4955"}],"version-history":[{"count":0,"href":"https:\/\/www.gucecotedivoire.ci\/pwic\/wp-json\/wp\/v2\/pages\/4955\/revisions"}],"wp:attachment":[{"href":"https:\/\/www.gucecotedivoire.ci\/pwic\/wp-json\/wp\/v2\/media?parent=4955"}],"curies":[{"name":"wp","href":"https:\/\/api.w.org\/{rel}","templated":true}]}}