{"id":5007,"date":"2025-03-14T18:22:22","date_gmt":"2025-03-14T17:22:22","guid":{"rendered":"http:\/\/localhost\/pwic.gouv.ci\/?page_id=5007"},"modified":"2025-03-14T19:04:17","modified_gmt":"2025-03-14T18:04:17","slug":"tpc","status":"publish","type":"page","link":"https:\/\/www.gucecotedivoire.ci\/pwic\/commerce_intra_regional_uemoa\/tpc\/","title":{"rendered":"Taxe pr\u00e9f\u00e9rentielle communautaire"},"content":{"rendered":"\t\t<div data-elementor-type=\"wp-page\" data-elementor-id=\"5007\" class=\"elementor elementor-5007\">\n\t\t\t\t<div class=\"elementor-element elementor-element-a9813bf e-flex e-con-boxed wpr-particle-no wpr-jarallax-no wpr-parallax-no wpr-sticky-section-no e-con e-parent\" data-id=\"a9813bf\" data-element_type=\"container\">\n\t\t\t\t\t<div class=\"e-con-inner\">\n\t\t<div class=\"elementor-element elementor-element-314665d e-con-full e-flex wpr-particle-no wpr-jarallax-no wpr-parallax-no wpr-sticky-section-no e-con e-child\" data-id=\"314665d\" data-element_type=\"container\" data-settings=\"{&quot;background_background&quot;:&quot;slideshow&quot;,&quot;background_slideshow_gallery&quot;:[{&quot;id&quot;:4980,&quot;url&quot;:&quot;https:\\\/\\\/www.gucecotedivoire.ci\\\/pwic\\\/wp-content\\\/uploads\\\/2025\\\/03\\\/tasty-arrangement-with-fresh-fruits-1-scaled.jpg&quot;}],&quot;background_slideshow_loop&quot;:&quot;yes&quot;,&quot;background_slideshow_slide_duration&quot;:5000,&quot;background_slideshow_slide_transition&quot;:&quot;fade&quot;,&quot;background_slideshow_transition_duration&quot;:500}\">\n\t\t\t\t<div class=\"elementor-element elementor-element-77b5f79 exad-sticky-section-no exad-glass-effect-no elementor-widget elementor-widget-heading\" data-id=\"77b5f79\" data-element_type=\"widget\" data-widget_type=\"heading.default\">\n\t\t\t\t<div class=\"elementor-widget-container\">\n\t\t\t\t\t<h1 class=\"elementor-heading-title elementor-size-default\">Taxe pr\u00e9f\u00e9rentielle communautaire - TPC<\/h1>\t\t\t\t<\/div>\n\t\t\t\t<\/div>\n\t\t\t\t<\/div>\n\t\t<div class=\"elementor-element elementor-element-d5ff55b e-con-full e-flex wpr-particle-no wpr-jarallax-no wpr-parallax-no wpr-sticky-section-no e-con e-child\" data-id=\"d5ff55b\" data-element_type=\"container\">\n\t\t\t\t<div class=\"elementor-element elementor-element-d8b085a exad-sticky-section-no exad-glass-effect-no elementor-widget elementor-widget-text-editor\" data-id=\"d8b085a\" data-element_type=\"widget\" data-widget_type=\"text-editor.default\">\n\t\t\t\t<div class=\"elementor-widget-container\">\n\t\t\t\t\t\t\t\t\tCe m\u00e9canisme assure la libre circulation des marchandises originaires de l\u2019UEMOA sans le paiement des droits de douanes et des taxes d\u2019effet \u00e9quivalent \u00e0 l\u2019importation dans l\u2019espace UEMOA (cette exon\u00e9ration ne s\u2019applique pas \u00e0 la Taxe sur la Valeur Ajout\u00e9e (TVA) et autres taxes int\u00e9rieures).\nLa TPC est ouverte \u00e0 toute entreprise qui se trouve et exerce ses activit\u00e9s dans l\u2019un des huit (8) \u00c9tats-membres de l\u2019UEMOA, et qui compte exporter ses produits r\u00e9pondant aux crit\u00e8res d\u2019origine dans l\u2019espace UEMOA.\t\t\t\t\t\t\t\t<\/div>\n\t\t\t\t<\/div>\n\t\t\t\t<div class=\"elementor-element elementor-element-431af59 e-n-tabs-mobile exad-glass-effect-no elementor-widget elementor-widget-n-tabs\" data-id=\"431af59\" data-element_type=\"widget\" data-settings=\"{&quot;horizontal_scroll&quot;:&quot;disable&quot;}\" data-widget_type=\"nested-tabs.default\">\n\t\t\t\t<div class=\"elementor-widget-container\">\n\t\t\t\t\t\t\t<div class=\"e-n-tabs\" data-widget-number=\"70365017\" aria-label=\"Onglets. Ouvrez des \u00e9l\u00e9ments avec Entrer ou Espace, fermez-les avec Echape et naviguez \u00e0 l&#039;aide des touches fl\u00e9ch\u00e9es.\">\n\t\t\t<div class=\"e-n-tabs-heading\" role=\"tablist\">\n\t\t\t\t\t<button id=\"e-n-tab-title-703650171\" data-tab-title-id=\"e-n-tab-title-703650171\" class=\"e-n-tab-title\" aria-selected=\"true\" data-tab-index=\"1\" role=\"tab\" tabindex=\"0\" aria-controls=\"e-n-tab-content-703650171\" style=\"--n-tabs-title-order: 1;\">\n\t\t\t\t\t\t<span class=\"e-n-tab-title-text\">\n\t\t\t\tProduits concern\u00e9s par le Taxe Pr\u00e9f\u00e9rentielle Communautaire (TPC)\t\t\t<\/span>\n\t\t<\/button>\n\t\t\t\t<button id=\"e-n-tab-title-703650172\" data-tab-title-id=\"e-n-tab-title-703650172\" class=\"e-n-tab-title\" aria-selected=\"false\" data-tab-index=\"2\" role=\"tab\" tabindex=\"-1\" aria-controls=\"e-n-tab-content-703650172\" style=\"--n-tabs-title-order: 2;\">\n\t\t\t\t\t\t<span class=\"e-n-tab-title-text\">\n\t\t\t\t\u00ab R\u00e8gles d\u2019Origine \u00bb de l\u2019UEMOA (ou de la CEDEAO)\t\t\t<\/span>\n\t\t<\/button>\n\t\t\t\t\t<\/div>\n\t\t\t<div class=\"e-n-tabs-content\">\n\t\t\t\t<div id=\"e-n-tab-content-703650171\" role=\"tabpanel\" aria-labelledby=\"e-n-tab-title-703650171\" data-tab-index=\"1\" style=\"--n-tabs-title-order: 1;\" class=\"e-active elementor-element elementor-element-8ef7296 e-con-full e-flex wpr-particle-no wpr-jarallax-no wpr-parallax-no wpr-sticky-section-no e-con e-child\" data-id=\"8ef7296\" data-element_type=\"container\">\n\t\t\t\t<div class=\"elementor-element elementor-element-5787dd3 exad-sticky-section-no exad-glass-effect-no elementor-widget elementor-widget-text-editor\" data-id=\"5787dd3\" data-element_type=\"widget\" data-widget_type=\"text-editor.default\">\n\t\t\t\t<div class=\"elementor-widget-container\">\n\t\t\t\t\t\t\t\t\t<p>Les groupes de produits suivants b\u00e9n\u00e9ficient du TPC, pourvu qu\u2019ils soient originaires de la r\u00e9gion de l\u2019UEMOA :<\/p><ul><li>Les produits de l\u2019agriculture et de l\u2019\u00e9levage.<\/li><li>Les produits issus de la p\u00eache en mer, rivi\u00e8re ou lac.<\/li><li>Les produits miniers.<\/li><li>Les objets d\u2019artisanat.<\/li><li>Les produits industriels agr\u00e9\u00e9s (conformes aux r\u00e8gles d\u2019origine UEMOA).<\/li><\/ul><p>Pour circuler en franchise dans la r\u00e9gion un certificat d\u2019origine UEMOA (TPC) doit accompagner le produit \u00e0 chaque exp\u00e9dition sauf pour les produits inscrits dans la liste limitative ci-dessous :<\/p><ul><li>Les produits de\u00a0<strong>l\u2019agriculture et de l\u2019\u00e9levage<\/strong>\u00a0(un\u00a0<strong>certificat sanitaire ou phytosanitaire appropri\u00e9<\/strong>\u00a0doit- \u00eatre obtenu dans le pays d\u2019origine pour les produits agricoles et de l\u2019\u00e9levage).<\/li><li><strong>Les articles faits \u00e0 la main<\/strong>, avec ou sans l\u2019aide d\u2019outils, d\u2019instruments ou de dispositifs actionn\u00e9s directement par le fabricant.<\/li><\/ul>\t\t\t\t\t\t\t\t<\/div>\n\t\t\t\t<\/div>\n\t\t\t\t<\/div>\n\t\t<div id=\"e-n-tab-content-703650172\" role=\"tabpanel\" aria-labelledby=\"e-n-tab-title-703650172\" data-tab-index=\"2\" style=\"--n-tabs-title-order: 2;\" class=\" elementor-element elementor-element-6e88316 e-con-full e-flex wpr-particle-no wpr-jarallax-no wpr-parallax-no wpr-sticky-section-no e-con e-child\" data-id=\"6e88316\" data-element_type=\"container\">\n\t\t\t\t<div class=\"elementor-element elementor-element-e49d89b exad-sticky-section-no exad-glass-effect-no elementor-widget elementor-widget-text-editor\" data-id=\"e49d89b\" data-element_type=\"widget\" data-widget_type=\"text-editor.default\">\n\t\t\t\t<div class=\"elementor-widget-container\">\n\t\t\t\t\t\t\t\t\t<p>Les r\u00e8gles d\u2019origine qui sous-tendent ce concept sont d\u00e9finies dans le Protocole Additionnel N\u00b0III\/2001 du 19 D\u00e9cembre 2001 dans le cas de l\u2019UEMOA[UEMOA PA III.2001] relatif \u00e0 la d\u00e9finition de la notion de produits originaires des \u00c9tats membres de l\u2019UEMOA. Il d\u00e9finit un produit industriel originaire de la CEDEAO si le produit est conforme \u00e0 l\u2019une au moins des r\u00e8gles suivantes :<\/p>\t\t\t\t\t\t\t\t<\/div>\n\t\t\t\t<\/div>\n\t\t<div class=\"elementor-element elementor-element-75e525f e-flex e-con-boxed wpr-particle-no wpr-jarallax-no wpr-parallax-no wpr-sticky-section-no e-con e-child\" data-id=\"75e525f\" data-element_type=\"container\">\n\t\t\t\t\t<div class=\"e-con-inner\">\n\t\t\t\t<div class=\"elementor-element elementor-element-b7f5984 exad-sticky-section-no exad-glass-effect-no elementor-widget elementor-widget-exad-exclusive-tabs\" data-id=\"b7f5984\" data-element_type=\"widget\" data-widget_type=\"exad-exclusive-tabs.default\">\n\t\t\t\t<div class=\"elementor-widget-container\">\n\t\t\t\t\t\t\t<div class=\"exad-tabs-b7f5984 exad-advance-tab exad-tab-vertical \" data-tabs>\r\n\t\t\t\r\n\t\t\t<ul class=\"exad-advance-tab-nav\">\r\n\t\t\t\t\t\t\t\t\t<li class=\"active \" data-tab>\r\n\t\t\t\t\t\t\t\t\t\t\t\t<span class=\"exad-tab-title\">\r\n\t\t\t\t\t\tR\u00e8gle 1\t\t\t\t\t\t<\/span>\r\n\t\t\t\t\t<\/li>\r\n\t\t\t\t\t\t\t\t\t<li class=\" \" data-tab>\r\n\t\t\t\t\t\t\t\t\t\t\t\t<span class=\"exad-tab-title\">\r\n\t\t\t\t\t\tR\u00e8gle 2\t\t\t\t\t\t<\/span>\r\n\t\t\t\t\t<\/li>\r\n\t\t\t\t\t\t\t\t\t<li class=\" \" data-tab>\r\n\t\t\t\t\t\t\t\t\t\t\t\t<span class=\"exad-tab-title\">\r\n\t\t\t\t\t\tR\u00e8gle 3\t\t\t\t\t\t<\/span>\r\n\t\t\t\t\t<\/li>\r\n\t\t\t\t\t\t\t<\/ul>\r\n\t\t\t\r\n\t\t\t\t\t\t\t<div class=\"exad-advance-tab-content exad-tab-image-has-no active exad-tab-image-right\">\r\n\t\t\t\t\t\t\t\t\t\t\t<div class=\"exad-advance-tab-content-element\">\r\n\t\t\t\t\t\t\t<div class=\"exad-advance-tab-content-description\">\r\n\t\t\t\t\t\t\t<h5>Les produits enti\u00e8rement obtenus<\/h5><div class=\"ea-card sp-ea-single ea-expand\"><div id=\"collapse39250\" class=\"sp-collapse spcollapse show\" role=\"region\" aria-labelledby=\"ea-header-39250\"><div class=\"ea-body\"><p>Les produits sont consid\u00e9r\u00e9s comme enti\u00e8rement obtenus au sein de la CEDEAO si au moins 60% de l\u2019ensemble de leurs mati\u00e8res premi\u00e8res, en quantit\u00e9, sont originaires de l\u2019UEMOA.<\/p><\/div><\/div><\/div>\t\t\t\t\t\t\t<\/div>\r\n\t\t\t\t\t\t\t\t\t\t\t\t\t<\/div>\r\n\t\t\t\t\t\t\t\t\t\t\t\t\t\t\t<\/div>\r\n\t\t\t\t\t\t\t<div class=\"exad-advance-tab-content exad-tab-image-has-no  exad-tab-image-right\">\r\n\t\t\t\t\t\t\t\t\t\t\t<div class=\"exad-advance-tab-content-element\">\r\n\t\t\t\t\t\t\t<div class=\"exad-advance-tab-content-description\">\r\n\t\t\t\t\t\t\t<div class=\"elementor-element elementor-element-d17c79c exad-sticky-section-no exad-glass-effect-no elementor-widget elementor-widget-heading\" data-id=\"d17c79c\" data-element_type=\"widget\" data-widget_type=\"heading.default\"><h5 class=\"elementor-widget-container\">Changement de la Position Tarifaire<\/h5><p>Les marchandises qui ne sont pas enti\u00e8rement transform\u00e9es mais dont la production exige l\u2019usage des mat\u00e9riaux qui seront class\u00e9s sous une sous -rubrique tarifaire diff\u00e9rente de celle du produit.<\/p><p>(<em>Chaque produit peut \u00eatre class\u00e9 en fonction d\u2019une liste d\u00e9velopp\u00e9e par l\u2019Organisation Mondiale des Douanes (Classement Tarifaire SH). La liste est compos\u00e9e des chiffres ventil\u00e9s comme suit : \u2022 \u201cChapitres\u201d- 2 chiffres, \u2022 \u201cPositions\u201d- 4 chiffres et \u2022 \u201cSous-positions\u201d- 6 chiffres. Si le produit fini exige l\u2019usage exclusif des mati\u00e8res qui sont class\u00e9es sous une position tarifaire autre que celle du produit fini, il peut faire l\u2019objet d\u2019\u00e9changes en franchise de droit de douane. Cette r\u00e8gle est assortie d\u2019une liste d\u2019exceptions mentionnant les cas dans lesquels le changement de position n\u2019est pas d\u00e9terminant ou imposant des conditions suppl\u00e9mentaires<\/em>.)<\/p><\/div>\t\t\t\t\t\t\t<\/div>\r\n\t\t\t\t\t\t\t\t\t\t\t\t\t<\/div>\r\n\t\t\t\t\t\t\t\t\t\t\t\t\t\t\t<\/div>\r\n\t\t\t\t\t\t\t<div class=\"exad-advance-tab-content exad-tab-image-has-no  exad-tab-image-right\">\r\n\t\t\t\t\t\t\t\t\t\t\t<div class=\"exad-advance-tab-content-element\">\r\n\t\t\t\t\t\t\t<div class=\"exad-advance-tab-content-description\">\r\n\t\t\t\t\t\t\t<h5>Crit\u00e8re de valeur ajout\u00e9e<\/h5><p>Les marchandises qui ne sont pas enti\u00e8rement transform\u00e9es mais dont la production\u00a0exige l\u2019usage des mat\u00e9riaux qui ont subi une valeur ajout\u00e9e d\u2019au moins 30% du prix ex-usine des produits finis.<\/p><p>Si les mati\u00e8res premi\u00e8res b\u00e9n\u00e9ficient d\u2019une valeur ajout\u00e9e d\u2019au moins 30% du prix de revient ex-usine hors taxes des produits finis, la marchandise est consid\u00e9r\u00e9e comme un produit d\u2019origine et peut faire l\u2019objet d\u2019\u00e9changes en franchise de droit de douane dans l\u2019espace.<\/p><p>L\u2019application du r\u00e9gime pr\u00e9f\u00e9rentiel li\u00e9e \u00e0 l\u2019origine des marchandises se traduit par (1) l\u2019accord d\u2019agr\u00e9ment aux produits, (2) la d\u00e9livrance de certificat d\u2019origine (3) ainsi qu\u2019une possibilit\u00e9 d\u2019identification des produits par une proc\u00e9dure de marquage.<\/p><ul><li><strong>L\u2019Agr\u00e9ment<\/strong><br \/>Les produits reconnus originaires agr\u00e9\u00e9s b\u00e9n\u00e9ficient de la Taxe Pr\u00e9f\u00e9rentielle Communautaire (TPC) par d\u00e9cision de la Commission apr\u00e8s avis des experts de l\u2019UEMOA.<\/li><li><strong>Le Certificat d\u2019Origine<\/strong><br \/>C\u2019est un document commercial qui atteste et qui constitue la preuve irr\u00e9futable de l\u2019origine communautaire d\u2019une op\u00e9ration d\u2019exp\u00e9dition de marchandises intracommunautaires. Il est d\u00e9livr\u00e9 par les Minist\u00e8res en charge de l\u2019Industrie et des mines (voir Chap.1 Certificats d\u2019Origine).<\/li><li><strong>Le Marquage<\/strong><br \/>Pour les besoins d\u2019identification des produits agr\u00e9\u00e9s \u00e0 la TPC, le marquage des marchandises est exig\u00e9 d\u00e8s lors que cela est techniquement possible. Les caract\u00e9ristiques de ce marquage sont alors communiqu\u00e9es aux instances de contr\u00f4le aux fins de faciliter l\u2019identification des produits agr\u00e9\u00e9s.<\/li><\/ul>\t\t\t\t\t\t\t<\/div>\r\n\t\t\t\t\t\t\t\t\t\t\t\t\t<\/div>\r\n\t\t\t\t\t\t\t\t\t\t\t\t\t\t\t<\/div>\r\n\t\t\t\t\t<\/div>\r\n\t\t\t\t\t<\/div>\n\t\t\t\t<\/div>\n\t\t\t\t\t<\/div>\n\t\t\t\t<\/div>\n\t\t\t\t<\/div>\n\t\t\t\t\t<\/div>\n\t\t<\/div>\n\t\t\t\t\t\t<\/div>\n\t\t\t\t<\/div>\n\t\t\t\t<\/div>\n\t\t\t\t\t<\/div>\n\t\t\t\t<\/div>\n\t\t\t\t<\/div>\n\t\t","protected":false},"excerpt":{"rendered":"<p>Taxe pr\u00e9f\u00e9rentielle communautaire &#8211; TPC Ce m\u00e9canisme assure la libre circulation des marchandises originaires de l\u2019UEMOA sans le paiement des droits de douanes et des taxes d\u2019effet \u00e9quivalent \u00e0 l\u2019importation dans l\u2019espace UEMOA (cette exon\u00e9ration ne s\u2019applique pas \u00e0 la Taxe sur la Valeur Ajout\u00e9e (TVA) et autres taxes int\u00e9rieures). La TPC est ouverte \u00e0 toute entreprise qui se trouve et exerce ses activit\u00e9s dans l\u2019un des huit (8) \u00c9tats-membres de l\u2019UEMOA, et qui compte exporter ses produits r\u00e9pondant aux crit\u00e8res d\u2019origine dans l\u2019espace UEMOA. Produits concern\u00e9s par le Taxe Pr\u00e9f\u00e9rentielle Communautaire (TPC) \u00ab R\u00e8gles d\u2019Origine \u00bb de l\u2019UEMOA (ou de la CEDEAO) Les groupes de produits suivants b\u00e9n\u00e9ficient du TPC, pourvu qu\u2019ils soient originaires de la r\u00e9gion de l\u2019UEMOA : Les produits de l\u2019agriculture et de l\u2019\u00e9levage. Les produits issus de la p\u00eache en mer, rivi\u00e8re ou lac. Les produits miniers. Les objets d\u2019artisanat. Les produits industriels agr\u00e9\u00e9s (conformes aux r\u00e8gles d\u2019origine UEMOA). Pour circuler en franchise dans la r\u00e9gion un certificat d\u2019origine UEMOA (TPC) doit accompagner le produit \u00e0 chaque exp\u00e9dition sauf pour les produits inscrits dans la liste limitative ci-dessous : Les produits de\u00a0l\u2019agriculture et de l\u2019\u00e9levage\u00a0(un\u00a0certificat sanitaire ou phytosanitaire appropri\u00e9\u00a0doit- \u00eatre obtenu dans le pays d\u2019origine pour les produits agricoles et de l\u2019\u00e9levage). Les articles faits \u00e0 la main, avec ou sans l\u2019aide d\u2019outils, d\u2019instruments ou de dispositifs actionn\u00e9s directement par le fabricant. Les r\u00e8gles d\u2019origine qui sous-tendent ce concept sont d\u00e9finies dans le Protocole Additionnel N\u00b0III\/2001 du 19 D\u00e9cembre 2001 dans le cas de l\u2019UEMOA[UEMOA PA III.2001] relatif \u00e0 la d\u00e9finition de la notion de produits originaires des \u00c9tats membres de l\u2019UEMOA. Il d\u00e9finit un produit industriel originaire de la CEDEAO si le produit est conforme \u00e0 l\u2019une au moins des r\u00e8gles suivantes : R\u00e8gle 1 R\u00e8gle 2 R\u00e8gle 3 Les produits enti\u00e8rement obtenus Les produits sont consid\u00e9r\u00e9s comme enti\u00e8rement obtenus au sein de la CEDEAO si au moins 60% de l\u2019ensemble de leurs mati\u00e8res premi\u00e8res, en quantit\u00e9, sont originaires de l\u2019UEMOA. Changement de la Position Tarifaire Les marchandises qui ne sont pas enti\u00e8rement transform\u00e9es mais dont la production exige l\u2019usage des mat\u00e9riaux qui seront class\u00e9s sous une sous -rubrique tarifaire diff\u00e9rente de celle du produit. (Chaque produit peut \u00eatre class\u00e9 en fonction d\u2019une liste d\u00e9velopp\u00e9e par l\u2019Organisation Mondiale des Douanes (Classement Tarifaire SH). La liste est compos\u00e9e des chiffres ventil\u00e9s comme suit : \u2022 \u201cChapitres\u201d- 2 chiffres, \u2022 \u201cPositions\u201d- 4 chiffres et \u2022 \u201cSous-positions\u201d- 6 chiffres. Si le produit fini exige l\u2019usage exclusif des mati\u00e8res qui sont class\u00e9es sous une position tarifaire autre que celle du produit fini, il peut faire l\u2019objet d\u2019\u00e9changes en franchise de droit de douane. Cette r\u00e8gle est assortie d\u2019une liste d\u2019exceptions mentionnant les cas dans lesquels le changement de position n\u2019est pas d\u00e9terminant ou imposant des conditions suppl\u00e9mentaires.) Crit\u00e8re de valeur ajout\u00e9e Les marchandises qui ne sont pas enti\u00e8rement transform\u00e9es mais dont la production\u00a0exige l\u2019usage des mat\u00e9riaux qui ont subi une valeur ajout\u00e9e d\u2019au moins 30% du prix ex-usine des produits finis. Si les mati\u00e8res premi\u00e8res b\u00e9n\u00e9ficient d\u2019une valeur ajout\u00e9e d\u2019au moins 30% du prix de revient ex-usine hors taxes des produits finis, la marchandise est consid\u00e9r\u00e9e comme un produit d\u2019origine et peut faire l\u2019objet d\u2019\u00e9changes en franchise de droit de douane dans l\u2019espace. L\u2019application du r\u00e9gime pr\u00e9f\u00e9rentiel li\u00e9e \u00e0 l\u2019origine des marchandises se traduit par (1) l\u2019accord d\u2019agr\u00e9ment aux produits, (2) la d\u00e9livrance de certificat d\u2019origine (3) ainsi qu\u2019une possibilit\u00e9 d\u2019identification des produits par une proc\u00e9dure de marquage. L\u2019Agr\u00e9mentLes produits reconnus originaires agr\u00e9\u00e9s b\u00e9n\u00e9ficient de la Taxe Pr\u00e9f\u00e9rentielle Communautaire (TPC) par d\u00e9cision de la Commission apr\u00e8s avis des experts de l\u2019UEMOA. Le Certificat d\u2019OrigineC\u2019est un document commercial qui atteste et qui constitue la preuve irr\u00e9futable de l\u2019origine communautaire d\u2019une op\u00e9ration d\u2019exp\u00e9dition de marchandises intracommunautaires. Il est d\u00e9livr\u00e9 par les Minist\u00e8res en charge de l\u2019Industrie et des mines (voir Chap.1 Certificats d\u2019Origine). Le MarquagePour les besoins d\u2019identification des produits agr\u00e9\u00e9s \u00e0 la TPC, le marquage des marchandises est exig\u00e9 d\u00e8s lors que cela est techniquement possible. Les caract\u00e9ristiques de ce marquage sont alors communiqu\u00e9es aux instances de contr\u00f4le aux fins de faciliter l\u2019identification des produits agr\u00e9\u00e9s. Les groupes de produits suivants b\u00e9n\u00e9ficient du TPC, pourvu qu\u2019ils soient originaires de la r\u00e9gion de l\u2019UEMOA : Les produits de l\u2019agriculture et de l\u2019\u00e9levage. Les produits issus de la p\u00eache en mer, rivi\u00e8re ou lac. Les produits miniers. Les objets d\u2019artisanat. Les produits industriels agr\u00e9\u00e9s (conformes aux r\u00e8gles d\u2019origine UEMOA). Pour circuler en franchise dans la r\u00e9gion un certificat d\u2019origine UEMOA (TPC) doit accompagner le produit \u00e0 chaque exp\u00e9dition sauf pour les produits inscrits dans la liste limitative ci-dessous : Les produits de\u00a0l\u2019agriculture et de l\u2019\u00e9levage\u00a0(un\u00a0certificat sanitaire ou phytosanitaire appropri\u00e9\u00a0doit- \u00eatre obtenu dans le pays d\u2019origine pour les produits agricoles et de l\u2019\u00e9levage). Les articles faits \u00e0 la main, avec ou sans l\u2019aide d\u2019outils, d\u2019instruments ou de dispositifs actionn\u00e9s directement par le fabricant. Les r\u00e8gles d\u2019origine qui sous-tendent ce concept sont d\u00e9finies dans le Protocole Additionnel N\u00b0III\/2001 du 19 D\u00e9cembre 2001 dans le cas de l\u2019UEMOA[UEMOA PA III.2001] relatif \u00e0 la d\u00e9finition de la notion de produits originaires des \u00c9tats membres de l\u2019UEMOA. Il d\u00e9finit un produit industriel originaire de la CEDEAO si le produit est conforme \u00e0 l\u2019une au moins des r\u00e8gles suivantes : R\u00e8gle 1 R\u00e8gle 2 R\u00e8gle 3 Les produits enti\u00e8rement obtenus Les produits sont consid\u00e9r\u00e9s comme enti\u00e8rement obtenus au sein de la CEDEAO si au moins 60% de l\u2019ensemble de leurs mati\u00e8res premi\u00e8res, en quantit\u00e9, sont originaires de l\u2019UEMOA. Changement de la Position Tarifaire Les marchandises qui ne sont pas enti\u00e8rement transform\u00e9es mais dont la production exige l\u2019usage des mat\u00e9riaux qui seront class\u00e9s sous une sous -rubrique tarifaire diff\u00e9rente de celle du produit. (Chaque produit peut \u00eatre class\u00e9 en fonction d\u2019une liste d\u00e9velopp\u00e9e par l\u2019Organisation Mondiale des Douanes (Classement Tarifaire SH). La liste est compos\u00e9e des chiffres ventil\u00e9s comme suit : \u2022 \u201cChapitres\u201d- 2 chiffres, \u2022 \u201cPositions\u201d- 4 chiffres et \u2022 \u201cSous-positions\u201d- 6 chiffres. Si le produit fini exige l\u2019usage exclusif des mati\u00e8res qui sont class\u00e9es sous une position tarifaire autre que celle du produit fini, il<\/p>\n","protected":false},"author":1,"featured_media":0,"parent":4955,"menu_order":0,"comment_status":"closed","ping_status":"closed","template":"","meta":{"ngg_post_thumbnail":0,"footnotes":""},"class_list":["post-5007","page","type-page","status-publish","hentry"],"_links":{"self":[{"href":"https:\/\/www.gucecotedivoire.ci\/pwic\/wp-json\/wp\/v2\/pages\/5007","targetHints":{"allow":["GET"]}}],"collection":[{"href":"https:\/\/www.gucecotedivoire.ci\/pwic\/wp-json\/wp\/v2\/pages"}],"about":[{"href":"https:\/\/www.gucecotedivoire.ci\/pwic\/wp-json\/wp\/v2\/types\/page"}],"author":[{"embeddable":true,"href":"https:\/\/www.gucecotedivoire.ci\/pwic\/wp-json\/wp\/v2\/users\/1"}],"replies":[{"embeddable":true,"href":"https:\/\/www.gucecotedivoire.ci\/pwic\/wp-json\/wp\/v2\/comments?post=5007"}],"version-history":[{"count":0,"href":"https:\/\/www.gucecotedivoire.ci\/pwic\/wp-json\/wp\/v2\/pages\/5007\/revisions"}],"up":[{"embeddable":true,"href":"https:\/\/www.gucecotedivoire.ci\/pwic\/wp-json\/wp\/v2\/pages\/4955"}],"wp:attachment":[{"href":"https:\/\/www.gucecotedivoire.ci\/pwic\/wp-json\/wp\/v2\/media?parent=5007"}],"curies":[{"name":"wp","href":"https:\/\/api.w.org\/{rel}","templated":true}]}}