{"id":5182,"date":"2025-03-17T14:21:26","date_gmt":"2025-03-17T13:21:26","guid":{"rendered":"http:\/\/localhost\/pwic.gouv.ci\/?page_id=5182"},"modified":"2025-03-17T14:55:06","modified_gmt":"2025-03-17T13:55:06","slug":"commerce_intra_regional_cedeao","status":"publish","type":"page","link":"https:\/\/www.gucecotedivoire.ci\/pwic\/commerce_intra_regional_cedeao\/","title":{"rendered":"Commerce Intra-R\u00e9gional &#8211; CEDEAO"},"content":{"rendered":"\t\t<div data-elementor-type=\"wp-page\" data-elementor-id=\"5182\" class=\"elementor elementor-5182\">\n\t\t\t\t<div class=\"elementor-element elementor-element-ebcd43f e-flex e-con-boxed wpr-particle-no wpr-jarallax-no wpr-parallax-no wpr-sticky-section-no e-con e-parent\" data-id=\"ebcd43f\" data-element_type=\"container\">\n\t\t\t\t\t<div class=\"e-con-inner\">\n\t\t<div class=\"elementor-element elementor-element-adf24aa e-con-full e-flex wpr-particle-no wpr-jarallax-no wpr-parallax-no wpr-sticky-section-no e-con e-child\" data-id=\"adf24aa\" data-element_type=\"container\" data-settings=\"{&quot;background_background&quot;:&quot;slideshow&quot;,&quot;background_slideshow_gallery&quot;:[{&quot;id&quot;:5188,&quot;url&quot;:&quot;https:\\\/\\\/www.gucecotedivoire.ci\\\/pwic\\\/wp-content\\\/uploads\\\/2025\\\/03\\\/hand-holding-cherry-tomato-plastic-crate-market-1-scaled.jpg&quot;}],&quot;background_slideshow_loop&quot;:&quot;yes&quot;,&quot;background_slideshow_slide_duration&quot;:5000,&quot;background_slideshow_slide_transition&quot;:&quot;fade&quot;,&quot;background_slideshow_transition_duration&quot;:500}\">\n\t\t\t\t<div class=\"elementor-element elementor-element-4279ce0 exad-sticky-section-no exad-glass-effect-no elementor-widget elementor-widget-heading\" data-id=\"4279ce0\" data-element_type=\"widget\" data-widget_type=\"heading.default\">\n\t\t\t\t<div class=\"elementor-widget-container\">\n\t\t\t\t\t<h1 class=\"elementor-heading-title elementor-size-default\">Commerce Intra-R\u00e9gional - CEDEAO<\/h1>\t\t\t\t<\/div>\n\t\t\t\t<\/div>\n\t\t\t\t<\/div>\n\t\t\t\t<div class=\"elementor-element elementor-element-4d58bb4 elementor-drop-cap-yes elementor-drop-cap-view-default exad-sticky-section-no exad-glass-effect-no elementor-widget elementor-widget-text-editor\" data-id=\"4d58bb4\" data-element_type=\"widget\" data-settings=\"{&quot;drop_cap&quot;:&quot;yes&quot;}\" data-widget_type=\"text-editor.default\">\n\t\t\t\t<div class=\"elementor-widget-container\">\n\t\t\t\t\t\t\t\t\t<p>L\u2019un des principaux objectifs de la CEDEAO (Selon l\u2019article 3 du trait\u00e9 r\u00e9vis\u00e9 de la CEDEAO) est de promouvoir l\u2019int\u00e9gration \u00e9conomique de la r\u00e9gion en cr\u00e9ant entre autres un march\u00e9 commun. L\u2019instrument cr\u00e9\u00e9 \u00e0 cet effet est le Sch\u00e9ma de Lib\u00e9ralisation des \u00c9changes de la CEDEAO (SLEC).<\/p>\t\t\t\t\t\t\t\t<\/div>\n\t\t\t\t<\/div>\n\t\t<div class=\"elementor-element elementor-element-2e2afa4 e-con-full e-flex wpr-particle-no wpr-jarallax-no wpr-parallax-no wpr-sticky-section-no e-con e-child\" data-id=\"2e2afa4\" data-element_type=\"container\">\n\t\t\t\t<div class=\"elementor-element elementor-element-648cc20 e-n-tabs-mobile exad-sticky-section-no exad-glass-effect-no elementor-widget elementor-widget-n-tabs\" data-id=\"648cc20\" data-element_type=\"widget\" data-settings=\"{&quot;horizontal_scroll&quot;:&quot;disable&quot;}\" data-widget_type=\"nested-tabs.default\">\n\t\t\t\t<div class=\"elementor-widget-container\">\n\t\t\t\t\t\t\t<div class=\"e-n-tabs\" data-widget-number=\"105434144\" aria-label=\"Onglets. Ouvrez des \u00e9l\u00e9ments avec Entrer ou Espace, fermez-les avec Echape et naviguez \u00e0 l&#039;aide des touches fl\u00e9ch\u00e9es.\">\n\t\t\t<div class=\"e-n-tabs-heading\" role=\"tablist\">\n\t\t\t\t\t<button id=\"e-n-tab-title-1054341441\" data-tab-title-id=\"e-n-tab-title-1054341441\" class=\"e-n-tab-title\" aria-selected=\"true\" data-tab-index=\"1\" role=\"tab\" tabindex=\"0\" aria-controls=\"e-n-tab-content-1054341441\" style=\"--n-tabs-title-order: 1;\">\n\t\t\t\t\t\t<span class=\"e-n-tab-title-text\">\n\t\t\t\tSCHEMA DE LIBERALISATION DES<br>ECHANGES DE LA CEDEAO (SLEC)\t\t\t<\/span>\n\t\t<\/button>\n\t\t\t\t<button id=\"e-n-tab-title-1054341442\" data-tab-title-id=\"e-n-tab-title-1054341442\" class=\"e-n-tab-title\" aria-selected=\"false\" data-tab-index=\"2\" role=\"tab\" tabindex=\"-1\" aria-controls=\"e-n-tab-content-1054341442\" style=\"--n-tabs-title-order: 2;\">\n\t\t\t\t\t\t<span class=\"e-n-tab-title-text\">\n\t\t\t\tOBTENIR UN AGR\u00c9MENT SLEC <br>PROC\u00c9DURE D\u2019AGR\u00c9MENT EN C\u00d4TE D\u2019IVOIRE\t\t\t<\/span>\n\t\t<\/button>\n\t\t\t\t<button id=\"e-n-tab-title-1054341443\" data-tab-title-id=\"e-n-tab-title-1054341443\" class=\"e-n-tab-title\" aria-selected=\"false\" data-tab-index=\"3\" role=\"tab\" tabindex=\"-1\" aria-controls=\"e-n-tab-content-1054341443\" style=\"--n-tabs-title-order: 3;\">\n\t\t\t\t\t\t<span class=\"e-n-tab-title-text\">\n\t\t\t\tOBTENIR LE CERTIFICAT D\u2019ORIGINE<br>CEDEAO DES PRODUITS INDUSTRIELS\t\t\t<\/span>\n\t\t<\/button>\n\t\t\t\t\t<\/div>\n\t\t\t<div class=\"e-n-tabs-content\">\n\t\t\t\t<div id=\"e-n-tab-content-1054341441\" role=\"tabpanel\" aria-labelledby=\"e-n-tab-title-1054341441\" data-tab-index=\"1\" style=\"--n-tabs-title-order: 1;\" class=\"e-active elementor-element elementor-element-0a547e8 e-con-full e-flex wpr-particle-no wpr-jarallax-no wpr-parallax-no wpr-sticky-section-no e-con e-child\" data-id=\"0a547e8\" data-element_type=\"container\">\n\t\t\t\t<div class=\"elementor-element elementor-element-f1e56d3 exad-sticky-section-no exad-glass-effect-no elementor-widget elementor-widget-text-editor\" data-id=\"f1e56d3\" data-element_type=\"widget\" data-widget_type=\"text-editor.default\">\n\t\t\t\t<div class=\"elementor-widget-container\">\n\t\t\t\t\t\t\t\t\t<p>Le Sch\u00e9ma de Lib\u00e9ralisation des \u00c9changes de la CEDEAO (SLEC ou SLE) est un outil qui vise \u00e0 la mise en place effective de la zone de libre-\u00e9change. Le m\u00e9canisme du SLEC assure la libre circulation des marchandises originaires de la CEDEAO sans le paiement des droits de douanes et des taxes d\u2019effet \u00e9quivalant \u00e0 l\u2019importation dans l\u2019espace CEDEAO (cette exon\u00e9ration n\u2019inclut pas la Taxe sur la Valeur Ajout\u00e9e (TVA) et les droits d\u2019accise s\u2019ils sont en vigueur dans un des \u00c9tats membres).<\/p><p><a href=\"https:\/\/www.gucecotedivoire.ci\/pwic\/commence_intra_regional_cedeao\/slec\/\"> <button type=\"button\">En savoir +<\/button> <\/a><\/p>\t\t\t\t\t\t\t\t<\/div>\n\t\t\t\t<\/div>\n\t\t\t\t<\/div>\n\t\t<div id=\"e-n-tab-content-1054341442\" role=\"tabpanel\" aria-labelledby=\"e-n-tab-title-1054341442\" data-tab-index=\"2\" style=\"--n-tabs-title-order: 2;\" class=\" elementor-element elementor-element-c399107 e-flex e-con-boxed wpr-particle-no wpr-jarallax-no wpr-parallax-no wpr-sticky-section-no e-con e-child\" data-id=\"c399107\" data-element_type=\"container\">\n\t\t\t\t\t<div class=\"e-con-inner\">\n\t\t\t\t<div class=\"elementor-element elementor-element-7035ce8 exad-sticky-section-no exad-glass-effect-no elementor-widget elementor-widget-text-editor\" data-id=\"7035ce8\" data-element_type=\"widget\" data-widget_type=\"text-editor.default\">\n\t\t\t\t<div class=\"elementor-widget-container\">\n\t\t\t\t\t\t\t\t\t<p>Le Minist\u00e8re de l\u2019Int\u00e9gration R\u00e9gionale et des Ivoiriens de l\u2019Ext\u00e9rieur est le point focal pour toute entreprise ivoirienne d\u00e9sirant adh\u00e9rer au Sch\u00e9ma de Lib\u00e9ration des \u00c9changes de la CEDEAO <strong>(SLEC) \u2013 Cf.\u00a0<u><a href=\"http:\/\/www.etls.ecowas.int\/fr\/le-contact-de-point-focal\/\">http:\/\/www.etls.ecowas.int\/fr\/le-contact-de-point-focal\/<\/a><\/u><\/strong><\/p><p><a href=\"https:\/\/www.gucecotedivoire.ci\/pwic\/commence_intra_regional_cedeao\/aslec\/\"> <button type=\"button\">En savoir +<\/button> <\/a><\/p>\t\t\t\t\t\t\t\t<\/div>\n\t\t\t\t<\/div>\n\t\t\t\t\t<\/div>\n\t\t\t\t<\/div>\n\t\t<div id=\"e-n-tab-content-1054341443\" role=\"tabpanel\" aria-labelledby=\"e-n-tab-title-1054341443\" data-tab-index=\"3\" style=\"--n-tabs-title-order: 3;\" class=\" elementor-element elementor-element-62bd65a e-flex e-con-boxed wpr-particle-no wpr-jarallax-no wpr-parallax-no wpr-sticky-section-no e-con e-child\" data-id=\"62bd65a\" data-element_type=\"container\">\n\t\t\t\t\t<div class=\"e-con-inner\">\n\t\t\t\t<div class=\"elementor-element elementor-element-1032180 exad-sticky-section-no exad-glass-effect-no elementor-widget elementor-widget-text-editor\" data-id=\"1032180\" data-element_type=\"widget\" data-widget_type=\"text-editor.default\">\n\t\t\t\t<div class=\"elementor-widget-container\">\n\t\t\t\t\t\t\t\t\t<p>Dans le cadre de la proc\u00e9dure d\u2019Exportation, le Minist\u00e8re en charge de l\u2019Industrie a la responsabilit\u00e9 de d\u00e9livrer les <strong>Certificats d\u2019Origine dont le certificat d\u2019origine CEDEAO de produits industriels \u2013 Cf.\u00a0<\/strong><a href=\"http:\/\/www.commerce.gouv.ci\/resultat.php?cx=016722646521402321667%3Ammo9lyyiha8&amp;cof=FORID%3A9&amp;domains=commerce.gouv.ci&amp;q=certificat+d%27origine&amp;sitesearch=commerce.gouv.ci&amp;imageField.x=0&amp;imageField.y=0\">http:\/\/www.commerce.gouv.ci\/<\/a><\/p><p><a href=\"https:\/\/www.gucecotedivoire.ci\/pwic\/commence_intra_regional_cedeao\/coo_produits_industriels\/\"> <button type=\"button\">En savoir +<\/button> <\/a><\/p>\t\t\t\t\t\t\t\t<\/div>\n\t\t\t\t<\/div>\n\t\t\t\t\t<\/div>\n\t\t\t\t<\/div>\n\t\t\t\t\t<\/div>\n\t\t<\/div>\n\t\t\t\t\t\t<\/div>\n\t\t\t\t<\/div>\n\t\t\t\t<\/div>\n\t\t\t\t\t<\/div>\n\t\t\t\t<\/div>\n\t\t\t\t<\/div>\n\t\t","protected":false},"excerpt":{"rendered":"<p>Commerce Intra-R\u00e9gional &#8211; CEDEAO L\u2019un des principaux objectifs de la CEDEAO (Selon l\u2019article 3 du trait\u00e9 r\u00e9vis\u00e9 de la CEDEAO) est de promouvoir l\u2019int\u00e9gration \u00e9conomique de la r\u00e9gion en cr\u00e9ant entre autres un march\u00e9 commun. L\u2019instrument cr\u00e9\u00e9 \u00e0 cet effet est le Sch\u00e9ma de Lib\u00e9ralisation des \u00c9changes de la CEDEAO (SLEC). SCHEMA DE LIBERALISATION DESECHANGES DE LA CEDEAO (SLEC) OBTENIR UN AGR\u00c9MENT SLEC PROC\u00c9DURE D\u2019AGR\u00c9MENT EN C\u00d4TE D\u2019IVOIRE OBTENIR LE CERTIFICAT D\u2019ORIGINECEDEAO DES PRODUITS INDUSTRIELS Le Sch\u00e9ma de Lib\u00e9ralisation des \u00c9changes de la CEDEAO (SLEC ou SLE) est un outil qui vise \u00e0 la mise en place effective de la zone de libre-\u00e9change. Le m\u00e9canisme du SLEC assure la libre circulation des marchandises originaires de la CEDEAO sans le paiement des droits de douanes et des taxes d\u2019effet \u00e9quivalant \u00e0 l\u2019importation dans l\u2019espace CEDEAO (cette exon\u00e9ration n\u2019inclut pas la Taxe sur la Valeur Ajout\u00e9e (TVA) et les droits d\u2019accise s\u2019ils sont en vigueur dans un des \u00c9tats membres). En savoir + Le Minist\u00e8re de l\u2019Int\u00e9gration R\u00e9gionale et des Ivoiriens de l\u2019Ext\u00e9rieur est le point focal pour toute entreprise ivoirienne d\u00e9sirant adh\u00e9rer au Sch\u00e9ma de Lib\u00e9ration des \u00c9changes de la CEDEAO (SLEC) \u2013 Cf.\u00a0http:\/\/www.etls.ecowas.int\/fr\/le-contact-de-point-focal\/ En savoir + Dans le cadre de la proc\u00e9dure d\u2019Exportation, le Minist\u00e8re en charge de l\u2019Industrie a la responsabilit\u00e9 de d\u00e9livrer les Certificats d\u2019Origine dont le certificat d\u2019origine CEDEAO de produits industriels \u2013 Cf.\u00a0http:\/\/www.commerce.gouv.ci\/ En savoir + Le Sch\u00e9ma de Lib\u00e9ralisation des \u00c9changes de la CEDEAO (SLEC ou SLE) est un outil qui vise \u00e0 la mise en place effective de la zone de libre-\u00e9change. Le m\u00e9canisme du SLEC assure la libre circulation des marchandises originaires de la CEDEAO sans le paiement des droits de douanes et des taxes d\u2019effet \u00e9quivalant \u00e0 l\u2019importation dans l\u2019espace CEDEAO (cette exon\u00e9ration n\u2019inclut pas la Taxe sur la Valeur Ajout\u00e9e (TVA) et les droits d\u2019accise s\u2019ils sont en vigueur dans un des \u00c9tats membres). En savoir + Le Minist\u00e8re de l\u2019Int\u00e9gration R\u00e9gionale et des Ivoiriens de l\u2019Ext\u00e9rieur est le point focal pour toute entreprise ivoirienne d\u00e9sirant adh\u00e9rer au Sch\u00e9ma de Lib\u00e9ration des \u00c9changes de la CEDEAO (SLEC) \u2013 Cf.\u00a0http:\/\/www.etls.ecowas.int\/fr\/le-contact-de-point-focal\/ En savoir + Dans le cadre de la proc\u00e9dure d\u2019Exportation, le Minist\u00e8re en charge de l\u2019Industrie a la responsabilit\u00e9 de d\u00e9livrer les Certificats d\u2019Origine dont le certificat d\u2019origine CEDEAO de produits industriels \u2013 Cf.\u00a0http:\/\/www.commerce.gouv.ci\/ En savoir +<\/p>\n","protected":false},"author":1,"featured_media":0,"parent":0,"menu_order":0,"comment_status":"closed","ping_status":"closed","template":"","meta":{"ngg_post_thumbnail":0,"footnotes":""},"class_list":["post-5182","page","type-page","status-publish","hentry"],"_links":{"self":[{"href":"https:\/\/www.gucecotedivoire.ci\/pwic\/wp-json\/wp\/v2\/pages\/5182","targetHints":{"allow":["GET"]}}],"collection":[{"href":"https:\/\/www.gucecotedivoire.ci\/pwic\/wp-json\/wp\/v2\/pages"}],"about":[{"href":"https:\/\/www.gucecotedivoire.ci\/pwic\/wp-json\/wp\/v2\/types\/page"}],"author":[{"embeddable":true,"href":"https:\/\/www.gucecotedivoire.ci\/pwic\/wp-json\/wp\/v2\/users\/1"}],"replies":[{"embeddable":true,"href":"https:\/\/www.gucecotedivoire.ci\/pwic\/wp-json\/wp\/v2\/comments?post=5182"}],"version-history":[{"count":0,"href":"https:\/\/www.gucecotedivoire.ci\/pwic\/wp-json\/wp\/v2\/pages\/5182\/revisions"}],"wp:attachment":[{"href":"https:\/\/www.gucecotedivoire.ci\/pwic\/wp-json\/wp\/v2\/media?parent=5182"}],"curies":[{"name":"wp","href":"https:\/\/api.w.org\/{rel}","templated":true}]}}