{"id":5211,"date":"2025-03-17T14:57:14","date_gmt":"2025-03-17T13:57:14","guid":{"rendered":"http:\/\/localhost\/pwic.gouv.ci\/?page_id=5211"},"modified":"2025-03-17T15:41:57","modified_gmt":"2025-03-17T14:41:57","slug":"slec","status":"publish","type":"page","link":"https:\/\/www.gucecotedivoire.ci\/pwic\/commerce_intra_regional_cedeao\/slec\/","title":{"rendered":"Sch\u00e9ma de Lib\u00e9ralisation des \u00e9changes de la CEDEAO (SLEC)"},"content":{"rendered":"\t\t<div data-elementor-type=\"wp-page\" data-elementor-id=\"5211\" class=\"elementor elementor-5211\">\n\t\t\t\t<div class=\"elementor-element elementor-element-5ed99d5 e-flex e-con-boxed wpr-particle-no wpr-jarallax-no wpr-parallax-no wpr-sticky-section-no e-con e-parent\" data-id=\"5ed99d5\" data-element_type=\"container\">\n\t\t\t\t\t<div class=\"e-con-inner\">\n\t\t<div class=\"elementor-element elementor-element-06b3175 e-con-full e-flex wpr-particle-no wpr-jarallax-no wpr-parallax-no wpr-sticky-section-no e-con e-child\" data-id=\"06b3175\" data-element_type=\"container\" data-settings=\"{&quot;background_background&quot;:&quot;slideshow&quot;,&quot;background_slideshow_gallery&quot;:[{&quot;id&quot;:5188,&quot;url&quot;:&quot;https:\\\/\\\/www.gucecotedivoire.ci\\\/pwic\\\/wp-content\\\/uploads\\\/2025\\\/03\\\/hand-holding-cherry-tomato-plastic-crate-market-1-scaled.jpg&quot;}],&quot;background_slideshow_loop&quot;:&quot;yes&quot;,&quot;background_slideshow_slide_duration&quot;:5000,&quot;background_slideshow_slide_transition&quot;:&quot;fade&quot;,&quot;background_slideshow_transition_duration&quot;:500}\">\n\t\t\t\t<div class=\"elementor-element elementor-element-c073dd3 exad-sticky-section-no exad-glass-effect-no elementor-widget elementor-widget-heading\" data-id=\"c073dd3\" data-element_type=\"widget\" data-widget_type=\"heading.default\">\n\t\t\t\t<div class=\"elementor-widget-container\">\n\t\t\t\t\t<h1 class=\"elementor-heading-title elementor-size-default\">Sch\u00e9ma de Lib\u00e9ralisation des \u00e9changes de la CEDEAO (SLEC)<\/h1>\t\t\t\t<\/div>\n\t\t\t\t<\/div>\n\t\t\t\t<\/div>\n\t\t\t\t<div class=\"elementor-element elementor-element-bca47af elementor-drop-cap-yes elementor-drop-cap-view-default exad-sticky-section-no exad-glass-effect-no elementor-widget elementor-widget-text-editor\" data-id=\"bca47af\" data-element_type=\"widget\" data-settings=\"{&quot;drop_cap&quot;:&quot;yes&quot;}\" data-widget_type=\"text-editor.default\">\n\t\t\t\t<div class=\"elementor-widget-container\">\n\t\t\t\t\t\t\t\t\t<p>Le Sch\u00e9ma de Lib\u00e9ralisation des \u00c9changes de la CEDEAO (SLEC ou SLE) est un outil qui vise \u00e0 la mise en place effective de la zone de libre-\u00e9change. Le m\u00e9canisme du SLEC assure la libre circulation des marchandises originaires de la CEDEAO sans le paiement des droits de douanes et des taxes d\u2019effet \u00e9quivalant \u00e0 l\u2019importation dans l\u2019espace CEDEAO (cette exon\u00e9ration n\u2019inclut pas la Taxe sur la Valeur Ajout\u00e9e (TVA) et les droits d\u2019accise s\u2019ils sont en vigueur dans un des \u00c9tats membres).<\/p><p>Le SLEC a \u00e9t\u00e9 mis en place en 1979 et ne couvrait \u00e0 l\u2019\u00e9poque que les produits agricoles et les objets de l\u2019artisanat faits \u00e0 la main.<br \/>Puis, en 1990, il a \u00e9t\u00e9 \u00e9largi aux produits industriels. Cette expansion a n\u00e9cessit\u00e9 la formulation des r\u00e8gles relatives \u00e0 la d\u00e9finition de la notion de \u00ab produits originaires \u00bb de la CEDEAO et la mise en place de \u00ab R\u00e8gles d\u2019origine\u00bb.<\/p><p>Le SLEC est ouvert \u00e0 toute entreprise qui se trouve et exerce ses activit\u00e9s dans l\u2019un des 15 \u00c9tats-membres de la CEDEAO et qui compte exporter ses produits au sein de la r\u00e9gion.<\/p><p>Toutes les entreprises sont tenues de respecter les r\u00e8gles \u00e9nonc\u00e9es dans les protocoles et r\u00e8glements r\u00e9gissant le SLE, notamment le Protocole A\/P1\/1\/03 du 31 janvier 2003 et les R\u00e8glements C\/REG.3\/4\/02, C\/REG.4\/4\/02, C\/REG.5\/4\/02 du 23 avril 2002 (disponibles sur les sites suivants : <a href=\"http:\/\/www.etls.ecowas.int\/\">www.etls.ecowas.int<\/a> , <a href=\"http:\/\/www.ecowas.int\/\">www.ecowas.int<\/a> et aupr\u00e8s de la Commission de la CEDEAO et des Cellules nationales de la CEDEAO) \u2013 (Cf. <a href=\"http:\/\/www.etls.ecowas.int\/fr\/\">http:\/\/www.etls.ecowas.int\/fr\/<\/a>).<\/p>\t\t\t\t\t\t\t\t<\/div>\n\t\t\t\t<\/div>\n\t\t<div class=\"elementor-element elementor-element-7080de1 e-con-full e-flex wpr-particle-no wpr-jarallax-no wpr-parallax-no wpr-sticky-section-no e-con e-child\" data-id=\"7080de1\" data-element_type=\"container\">\n\t\t\t\t<div class=\"elementor-element elementor-element-372575f e-n-tabs-mobile exad-sticky-section-no exad-glass-effect-no elementor-widget elementor-widget-n-tabs\" data-id=\"372575f\" data-element_type=\"widget\" data-settings=\"{&quot;horizontal_scroll&quot;:&quot;disable&quot;}\" data-widget_type=\"nested-tabs.default\">\n\t\t\t\t<div class=\"elementor-widget-container\">\n\t\t\t\t\t\t\t<div class=\"e-n-tabs\" data-widget-number=\"57825119\" aria-label=\"Onglets. Ouvrez des \u00e9l\u00e9ments avec Entrer ou Espace, fermez-les avec Echape et naviguez \u00e0 l&#039;aide des touches fl\u00e9ch\u00e9es.\">\n\t\t\t<div class=\"e-n-tabs-heading\" role=\"tablist\">\n\t\t\t\t\t<button id=\"e-n-tab-title-578251191\" data-tab-title-id=\"e-n-tab-title-578251191\" class=\"e-n-tab-title\" aria-selected=\"true\" data-tab-index=\"1\" role=\"tab\" tabindex=\"0\" aria-controls=\"e-n-tab-content-578251191\" style=\"--n-tabs-title-order: 1;\">\n\t\t\t\t\t\t<span class=\"e-n-tab-title-text\">\n\t\t\t\tProduits concern\u00e9s\t\t\t<\/span>\n\t\t<\/button>\n\t\t\t\t<button id=\"e-n-tab-title-578251192\" data-tab-title-id=\"e-n-tab-title-578251192\" class=\"e-n-tab-title\" aria-selected=\"false\" data-tab-index=\"2\" role=\"tab\" tabindex=\"-1\" aria-controls=\"e-n-tab-content-578251192\" style=\"--n-tabs-title-order: 2;\">\n\t\t\t\t\t\t<span class=\"e-n-tab-title-text\">\n\t\t\t\t\u00ab R\u00e8gles d\u2019Origine \u00bb de la CEDEAO\t\t\t<\/span>\n\t\t<\/button>\n\t\t\t\t\t<\/div>\n\t\t\t<div class=\"e-n-tabs-content\">\n\t\t\t\t<div id=\"e-n-tab-content-578251191\" role=\"tabpanel\" aria-labelledby=\"e-n-tab-title-578251191\" data-tab-index=\"1\" style=\"--n-tabs-title-order: 1;\" class=\"e-active elementor-element elementor-element-724bda6 e-con-full e-flex wpr-particle-no wpr-jarallax-no wpr-parallax-no wpr-sticky-section-no e-con e-child\" data-id=\"724bda6\" data-element_type=\"container\">\n\t\t\t\t<div class=\"elementor-element elementor-element-1e8edeb exad-sticky-section-no exad-glass-effect-no elementor-widget elementor-widget-text-editor\" data-id=\"1e8edeb\" data-element_type=\"widget\" data-widget_type=\"text-editor.default\">\n\t\t\t\t<div class=\"elementor-widget-container\">\n\t\t\t\t\t\t\t\t\t<p>Les groupes de produits suivants b\u00e9n\u00e9ficient du SLEC, pourvu qu\u2019ils soient originaires de la r\u00e9gion de la CEDEAO :<\/p><ul><li>Les produits de l\u2019agriculture et de l\u2019\u00e9levage.<\/li><li>Les produits issus de la p\u00eache en mer, rivi\u00e8re ou lac.<\/li><li>Les produits miniers.<\/li><li>Les objets d\u2019artisanat.<\/li><li><strong>Les produits industriels agr\u00e9\u00e9s<\/strong> (conformes <strong>aux r\u00e8gles d\u2019origine CEDEAO).<\/strong><\/li><\/ul><p>\u00a0<\/p><p>Ils peuvent faire l\u2019objet du commerce en franchise dans la r\u00e9gion.<strong> Un certificat d\u2019origine SLEC doit accompagner le produit \u00e0 chaque exp\u00e9dition, sauf pour <\/strong>les produits inscrits dans la liste limitative ci-dessous\u00a0:<\/p><ul><li>Les produits de <strong>l\u2019agriculture et de l\u2019\u00e9levage<\/strong> (un <strong>certificat sanitaire ou phytosanitaire appropri\u00e9<\/strong> doit \u00eatre obtenu dans le pays d\u2019origine pour les produits agricoles et de l\u2019\u00e9levage).<\/li><li><strong>Les articles faits \u00e0 la main<\/strong>, avec ou sans l\u2019aide d\u2019outils, d\u2019instruments ou de dispositifs actionn\u00e9s directement par le fabricant.<\/li><\/ul>\t\t\t\t\t\t\t\t<\/div>\n\t\t\t\t<\/div>\n\t\t\t\t<\/div>\n\t\t<div id=\"e-n-tab-content-578251192\" role=\"tabpanel\" aria-labelledby=\"e-n-tab-title-578251192\" data-tab-index=\"2\" style=\"--n-tabs-title-order: 2;\" class=\" elementor-element elementor-element-122cc6f e-flex e-con-boxed wpr-particle-no wpr-jarallax-no wpr-parallax-no wpr-sticky-section-no e-con e-child\" data-id=\"122cc6f\" data-element_type=\"container\">\n\t\t\t\t\t<div class=\"e-con-inner\">\n\t\t\t\t<div class=\"elementor-element elementor-element-7cc5a6e exad-sticky-section-no exad-glass-effect-no elementor-widget elementor-widget-text-editor\" data-id=\"7cc5a6e\" data-element_type=\"widget\" data-widget_type=\"text-editor.default\">\n\t\t\t\t<div class=\"elementor-widget-container\">\n\t\t\t\t\t\t\t\t\t<p>Les r\u00e8gles d\u2019origine qui sous-tendent ce concept sont d\u00e9finies dans le Protocole A\/P1\/1\/03 de la CEDEAO en date du 31 janvier 2003 relatif \u00e0 la d\u00e9finition de la notion de produits originaires des \u00c9tats membres de la CEDEAO. Il d\u00e9finit un produit industriel originaire de la CEDEAO si le produit est conforme \u00e0 l\u2019une au moins des r\u00e8gles suivantes :<\/p>\t\t\t\t\t\t\t\t<\/div>\n\t\t\t\t<\/div>\n\t\t\t\t<div class=\"elementor-element elementor-element-36b972b exad-sticky-section-no exad-glass-effect-no elementor-widget elementor-widget-exad-exclusive-tabs\" data-id=\"36b972b\" data-element_type=\"widget\" data-widget_type=\"exad-exclusive-tabs.default\">\n\t\t\t\t<div class=\"elementor-widget-container\">\n\t\t\t\t\t\t\t<div class=\"exad-tabs-36b972b exad-advance-tab exad-tab-vertical \" data-tabs>\r\n\t\t\t\r\n\t\t\t<ul class=\"exad-advance-tab-nav\">\r\n\t\t\t\t\t\t\t\t\t<li class=\"active \" data-tab>\r\n\t\t\t\t\t\t\t\t\t\t\t\t<span class=\"exad-tab-title\">\r\n\t\t\t\t\t\tR\u00e8gle 1\t\t\t\t\t\t<\/span>\r\n\t\t\t\t\t<\/li>\r\n\t\t\t\t\t\t\t\t\t<li class=\" \" data-tab>\r\n\t\t\t\t\t\t\t\t\t\t\t\t<span class=\"exad-tab-title\">\r\n\t\t\t\t\t\tR\u00e8gle 2\t\t\t\t\t\t<\/span>\r\n\t\t\t\t\t<\/li>\r\n\t\t\t\t\t\t\t\t\t<li class=\" \" data-tab>\r\n\t\t\t\t\t\t\t\t\t\t\t\t<span class=\"exad-tab-title\">\r\n\t\t\t\t\t\tR\u00e8gle 3\t\t\t\t\t\t<\/span>\r\n\t\t\t\t\t<\/li>\r\n\t\t\t\t\t\t\t<\/ul>\r\n\t\t\t\r\n\t\t\t\t\t\t\t<div class=\"exad-advance-tab-content exad-tab-image-has-no active exad-tab-image-right\">\r\n\t\t\t\t\t\t\t\t\t\t\t<div class=\"exad-advance-tab-content-element\">\r\n\t\t\t\t\t\t\t<div class=\"exad-advance-tab-content-description\">\r\n\t\t\t\t\t\t\t<h5>Les produits enti\u00e8rement obtenus<\/h5><div class=\"ea-card sp-ea-single ea-expand\"><div id=\"collapse39250\" class=\"sp-collapse spcollapse show\" role=\"region\" aria-labelledby=\"ea-header-39250\"><div class=\"ea-body\"><p>Les produits sont consid\u00e9r\u00e9s comme enti\u00e8rement obtenus au sein de la CEDEAO si au moins 60% de l\u2019ensemble de leurs mati\u00e8res premi\u00e8res, en quantit\u00e9, sont originaires de la CEDEAO.<\/p><\/div><\/div><\/div>\t\t\t\t\t\t\t<\/div>\r\n\t\t\t\t\t\t\t\t\t\t\t\t\t<\/div>\r\n\t\t\t\t\t\t\t\t\t\t\t\t\t\t\t<\/div>\r\n\t\t\t\t\t\t\t<div class=\"exad-advance-tab-content exad-tab-image-has-no  exad-tab-image-right\">\r\n\t\t\t\t\t\t\t\t\t\t\t<div class=\"exad-advance-tab-content-element\">\r\n\t\t\t\t\t\t\t<div class=\"exad-advance-tab-content-description\">\r\n\t\t\t\t\t\t\t<div class=\"elementor-element elementor-element-d17c79c exad-sticky-section-no exad-glass-effect-no elementor-widget elementor-widget-heading\" data-id=\"d17c79c\" data-element_type=\"widget\" data-widget_type=\"heading.default\"><h5 class=\"elementor-widget-container\">Changement de la position tarifaire<\/h5><p>Les marchandises qui ne sont pas enti\u00e8rement transform\u00e9es mais dont la production exige l\u2019usage des mat\u00e9riaux qui seront class\u00e9s sous une sous-rubrique tarifaire diff\u00e9rente de celle du produit. Chaque produit peut \u00eatre class\u00e9 en fonction d\u2019une liste d\u00e9velopp\u00e9e par l\u2019Organisation Mondiale des Douanes : le classement tarifaire SH.<br \/>La liste est compos\u00e9e des chiffres ventil\u00e9s comme suit :<br \/>\u2022 \u201cChapitres\u201d : 2 chiffres,<br \/>\u2022 \u201cPositions\u201d : 4 chiffres,<br \/>\u2022 \u201cSous-positions\u201d : 6 chiffres.<br \/>Si le produit fini exige l\u2019usage exclusif des mati\u00e8res qui sont class\u00e9es sous une position tarifaire autre que celle du produit fini, il peut faire l\u2019objet d\u2019\u00e9changes en franchise de droit de douane. Cette r\u00e8gle est assortie d\u2019une liste d\u2019exceptions mentionnant les cas dans lesquels le changement de position n\u2019est pas d\u00e9terminant ou imposant des conditions suppl\u00e9mentaires.)<\/p><\/div>\t\t\t\t\t\t\t<\/div>\r\n\t\t\t\t\t\t\t\t\t\t\t\t\t<\/div>\r\n\t\t\t\t\t\t\t\t\t\t\t\t\t\t\t<\/div>\r\n\t\t\t\t\t\t\t<div class=\"exad-advance-tab-content exad-tab-image-has-no  exad-tab-image-right\">\r\n\t\t\t\t\t\t\t\t\t\t\t<div class=\"exad-advance-tab-content-element\">\r\n\t\t\t\t\t\t\t<div class=\"exad-advance-tab-content-description\">\r\n\t\t\t\t\t\t\t<h5>Crit\u00e8re de valeur ajout\u00e9e<\/h5><p>Les marchandises qui ne sont pas enti\u00e8rement transform\u00e9es mais dont la production exige l\u2019usage des mat\u00e9riaux qui comportent une valeur ajout\u00e9e d\u2019au moins 30% du prix ex-usine des produits finis. Si les mati\u00e8res premi\u00e8res contiennent une valeur ajout\u00e9e d\u2019au moins 30% du prix de revient ex-usine hors taxes des produits finis, la marchandise est consid\u00e9r\u00e9e comme un produit d\u2019origine et peut faire l\u2019objet d\u2019\u00e9changes en franchise de droit de douane dans l\u2019espace.<\/p>\t\t\t\t\t\t\t<\/div>\r\n\t\t\t\t\t\t\t\t\t\t\t\t\t<\/div>\r\n\t\t\t\t\t\t\t\t\t\t\t\t\t\t\t<\/div>\r\n\t\t\t\t\t<\/div>\r\n\t\t\t\t\t<\/div>\n\t\t\t\t<\/div>\n\t\t\t\t\t<\/div>\n\t\t\t\t<\/div>\n\t\t\t\t\t<\/div>\n\t\t<\/div>\n\t\t\t\t\t\t<\/div>\n\t\t\t\t<\/div>\n\t\t\t\t<\/div>\n\t\t\t\t\t<\/div>\n\t\t\t\t<\/div>\n\t\t\t\t<\/div>\n\t\t","protected":false},"excerpt":{"rendered":"<p>Sch\u00e9ma de Lib\u00e9ralisation des \u00e9changes de la CEDEAO (SLEC) Le Sch\u00e9ma de Lib\u00e9ralisation des \u00c9changes de la CEDEAO (SLEC ou SLE) est un outil qui vise \u00e0 la mise en place effective de la zone de libre-\u00e9change. Le m\u00e9canisme du SLEC assure la libre circulation des marchandises originaires de la CEDEAO sans le paiement des droits de douanes et des taxes d\u2019effet \u00e9quivalant \u00e0 l\u2019importation dans l\u2019espace CEDEAO (cette exon\u00e9ration n\u2019inclut pas la Taxe sur la Valeur Ajout\u00e9e (TVA) et les droits d\u2019accise s\u2019ils sont en vigueur dans un des \u00c9tats membres). Le SLEC a \u00e9t\u00e9 mis en place en 1979 et ne couvrait \u00e0 l\u2019\u00e9poque que les produits agricoles et les objets de l\u2019artisanat faits \u00e0 la main.Puis, en 1990, il a \u00e9t\u00e9 \u00e9largi aux produits industriels. Cette expansion a n\u00e9cessit\u00e9 la formulation des r\u00e8gles relatives \u00e0 la d\u00e9finition de la notion de \u00ab produits originaires \u00bb de la CEDEAO et la mise en place de \u00ab R\u00e8gles d\u2019origine\u00bb. Le SLEC est ouvert \u00e0 toute entreprise qui se trouve et exerce ses activit\u00e9s dans l\u2019un des 15 \u00c9tats-membres de la CEDEAO et qui compte exporter ses produits au sein de la r\u00e9gion. Toutes les entreprises sont tenues de respecter les r\u00e8gles \u00e9nonc\u00e9es dans les protocoles et r\u00e8glements r\u00e9gissant le SLE, notamment le Protocole A\/P1\/1\/03 du 31 janvier 2003 et les R\u00e8glements C\/REG.3\/4\/02, C\/REG.4\/4\/02, C\/REG.5\/4\/02 du 23 avril 2002 (disponibles sur les sites suivants : www.etls.ecowas.int , www.ecowas.int et aupr\u00e8s de la Commission de la CEDEAO et des Cellules nationales de la CEDEAO) \u2013 (Cf. http:\/\/www.etls.ecowas.int\/fr\/). Produits concern\u00e9s \u00ab R\u00e8gles d\u2019Origine \u00bb de la CEDEAO Les groupes de produits suivants b\u00e9n\u00e9ficient du SLEC, pourvu qu\u2019ils soient originaires de la r\u00e9gion de la CEDEAO : Les produits de l\u2019agriculture et de l\u2019\u00e9levage. Les produits issus de la p\u00eache en mer, rivi\u00e8re ou lac. Les produits miniers. Les objets d\u2019artisanat. Les produits industriels agr\u00e9\u00e9s (conformes aux r\u00e8gles d\u2019origine CEDEAO). \u00a0 Ils peuvent faire l\u2019objet du commerce en franchise dans la r\u00e9gion. Un certificat d\u2019origine SLEC doit accompagner le produit \u00e0 chaque exp\u00e9dition, sauf pour les produits inscrits dans la liste limitative ci-dessous\u00a0: Les produits de l\u2019agriculture et de l\u2019\u00e9levage (un certificat sanitaire ou phytosanitaire appropri\u00e9 doit \u00eatre obtenu dans le pays d\u2019origine pour les produits agricoles et de l\u2019\u00e9levage). Les articles faits \u00e0 la main, avec ou sans l\u2019aide d\u2019outils, d\u2019instruments ou de dispositifs actionn\u00e9s directement par le fabricant. Les r\u00e8gles d\u2019origine qui sous-tendent ce concept sont d\u00e9finies dans le Protocole A\/P1\/1\/03 de la CEDEAO en date du 31 janvier 2003 relatif \u00e0 la d\u00e9finition de la notion de produits originaires des \u00c9tats membres de la CEDEAO. Il d\u00e9finit un produit industriel originaire de la CEDEAO si le produit est conforme \u00e0 l\u2019une au moins des r\u00e8gles suivantes : R\u00e8gle 1 R\u00e8gle 2 R\u00e8gle 3 Les produits enti\u00e8rement obtenus Les produits sont consid\u00e9r\u00e9s comme enti\u00e8rement obtenus au sein de la CEDEAO si au moins 60% de l\u2019ensemble de leurs mati\u00e8res premi\u00e8res, en quantit\u00e9, sont originaires de la CEDEAO. Changement de la position tarifaire Les marchandises qui ne sont pas enti\u00e8rement transform\u00e9es mais dont la production exige l\u2019usage des mat\u00e9riaux qui seront class\u00e9s sous une sous-rubrique tarifaire diff\u00e9rente de celle du produit. Chaque produit peut \u00eatre class\u00e9 en fonction d\u2019une liste d\u00e9velopp\u00e9e par l\u2019Organisation Mondiale des Douanes : le classement tarifaire SH.La liste est compos\u00e9e des chiffres ventil\u00e9s comme suit :\u2022 \u201cChapitres\u201d : 2 chiffres,\u2022 \u201cPositions\u201d : 4 chiffres,\u2022 \u201cSous-positions\u201d : 6 chiffres.Si le produit fini exige l\u2019usage exclusif des mati\u00e8res qui sont class\u00e9es sous une position tarifaire autre que celle du produit fini, il peut faire l\u2019objet d\u2019\u00e9changes en franchise de droit de douane. Cette r\u00e8gle est assortie d\u2019une liste d\u2019exceptions mentionnant les cas dans lesquels le changement de position n\u2019est pas d\u00e9terminant ou imposant des conditions suppl\u00e9mentaires.) Crit\u00e8re de valeur ajout\u00e9e Les marchandises qui ne sont pas enti\u00e8rement transform\u00e9es mais dont la production exige l\u2019usage des mat\u00e9riaux qui comportent une valeur ajout\u00e9e d\u2019au moins 30% du prix ex-usine des produits finis. Si les mati\u00e8res premi\u00e8res contiennent une valeur ajout\u00e9e d\u2019au moins 30% du prix de revient ex-usine hors taxes des produits finis, la marchandise est consid\u00e9r\u00e9e comme un produit d\u2019origine et peut faire l\u2019objet d\u2019\u00e9changes en franchise de droit de douane dans l\u2019espace. Les groupes de produits suivants b\u00e9n\u00e9ficient du SLEC, pourvu qu\u2019ils soient originaires de la r\u00e9gion de la CEDEAO : Les produits de l\u2019agriculture et de l\u2019\u00e9levage. Les produits issus de la p\u00eache en mer, rivi\u00e8re ou lac. Les produits miniers. Les objets d\u2019artisanat. Les produits industriels agr\u00e9\u00e9s (conformes aux r\u00e8gles d\u2019origine CEDEAO). \u00a0 Ils peuvent faire l\u2019objet du commerce en franchise dans la r\u00e9gion. Un certificat d\u2019origine SLEC doit accompagner le produit \u00e0 chaque exp\u00e9dition, sauf pour les produits inscrits dans la liste limitative ci-dessous\u00a0: Les produits de l\u2019agriculture et de l\u2019\u00e9levage (un certificat sanitaire ou phytosanitaire appropri\u00e9 doit \u00eatre obtenu dans le pays d\u2019origine pour les produits agricoles et de l\u2019\u00e9levage). Les articles faits \u00e0 la main, avec ou sans l\u2019aide d\u2019outils, d\u2019instruments ou de dispositifs actionn\u00e9s directement par le fabricant. Les r\u00e8gles d\u2019origine qui sous-tendent ce concept sont d\u00e9finies dans le Protocole A\/P1\/1\/03 de la CEDEAO en date du 31 janvier 2003 relatif \u00e0 la d\u00e9finition de la notion de produits originaires des \u00c9tats membres de la CEDEAO. Il d\u00e9finit un produit industriel originaire de la CEDEAO si le produit est conforme \u00e0 l\u2019une au moins des r\u00e8gles suivantes : R\u00e8gle 1 R\u00e8gle 2 R\u00e8gle 3 Les produits enti\u00e8rement obtenus Les produits sont consid\u00e9r\u00e9s comme enti\u00e8rement obtenus au sein de la CEDEAO si au moins 60% de l\u2019ensemble de leurs mati\u00e8res premi\u00e8res, en quantit\u00e9, sont originaires de la CEDEAO. Changement de la position tarifaire Les marchandises qui ne sont pas enti\u00e8rement transform\u00e9es mais dont la production exige l\u2019usage des mat\u00e9riaux qui seront class\u00e9s sous une sous-rubrique tarifaire diff\u00e9rente de celle du produit. Chaque produit peut \u00eatre class\u00e9 en fonction d\u2019une liste d\u00e9velopp\u00e9e par l\u2019Organisation Mondiale des Douanes : le classement tarifaire SH.La liste est compos\u00e9e des chiffres ventil\u00e9s comme suit :\u2022 \u201cChapitres\u201d : 2 chiffres,\u2022<\/p>\n","protected":false},"author":1,"featured_media":0,"parent":5182,"menu_order":0,"comment_status":"closed","ping_status":"closed","template":"","meta":{"ngg_post_thumbnail":0,"footnotes":""},"class_list":["post-5211","page","type-page","status-publish","hentry"],"_links":{"self":[{"href":"https:\/\/www.gucecotedivoire.ci\/pwic\/wp-json\/wp\/v2\/pages\/5211","targetHints":{"allow":["GET"]}}],"collection":[{"href":"https:\/\/www.gucecotedivoire.ci\/pwic\/wp-json\/wp\/v2\/pages"}],"about":[{"href":"https:\/\/www.gucecotedivoire.ci\/pwic\/wp-json\/wp\/v2\/types\/page"}],"author":[{"embeddable":true,"href":"https:\/\/www.gucecotedivoire.ci\/pwic\/wp-json\/wp\/v2\/users\/1"}],"replies":[{"embeddable":true,"href":"https:\/\/www.gucecotedivoire.ci\/pwic\/wp-json\/wp\/v2\/comments?post=5211"}],"version-history":[{"count":0,"href":"https:\/\/www.gucecotedivoire.ci\/pwic\/wp-json\/wp\/v2\/pages\/5211\/revisions"}],"up":[{"embeddable":true,"href":"https:\/\/www.gucecotedivoire.ci\/pwic\/wp-json\/wp\/v2\/pages\/5182"}],"wp:attachment":[{"href":"https:\/\/www.gucecotedivoire.ci\/pwic\/wp-json\/wp\/v2\/media?parent=5211"}],"curies":[{"name":"wp","href":"https:\/\/api.w.org\/{rel}","templated":true}]}}