{"id":5213,"date":"2025-03-17T14:58:41","date_gmt":"2025-03-17T13:58:41","guid":{"rendered":"http:\/\/localhost\/pwic.gouv.ci\/?page_id=5213"},"modified":"2025-03-17T15:43:04","modified_gmt":"2025-03-17T14:43:04","slug":"aslec","status":"publish","type":"page","link":"https:\/\/www.gucecotedivoire.ci\/pwic\/commerce_intra_regional_cedeao\/aslec\/","title":{"rendered":"Agr\u00e9ment au SLEC &#8211; CEDEAO &#8211; Proc\u00e9dure en CI"},"content":{"rendered":"\t\t<div data-elementor-type=\"wp-page\" data-elementor-id=\"5213\" class=\"elementor elementor-5213\">\n\t\t\t\t<div class=\"elementor-element elementor-element-ebcd43f e-flex e-con-boxed wpr-particle-no wpr-jarallax-no wpr-parallax-no wpr-sticky-section-no e-con e-parent\" data-id=\"ebcd43f\" data-element_type=\"container\">\n\t\t\t\t\t<div class=\"e-con-inner\">\n\t\t<div class=\"elementor-element elementor-element-adf24aa e-con-full e-flex wpr-particle-no wpr-jarallax-no wpr-parallax-no wpr-sticky-section-no e-con e-child\" data-id=\"adf24aa\" data-element_type=\"container\" data-settings=\"{&quot;background_background&quot;:&quot;slideshow&quot;,&quot;background_slideshow_gallery&quot;:[{&quot;id&quot;:5188,&quot;url&quot;:&quot;https:\\\/\\\/www.gucecotedivoire.ci\\\/pwic\\\/wp-content\\\/uploads\\\/2025\\\/03\\\/hand-holding-cherry-tomato-plastic-crate-market-1-scaled.jpg&quot;}],&quot;background_slideshow_loop&quot;:&quot;yes&quot;,&quot;background_slideshow_slide_duration&quot;:5000,&quot;background_slideshow_slide_transition&quot;:&quot;fade&quot;,&quot;background_slideshow_transition_duration&quot;:500}\">\n\t\t\t\t<div class=\"elementor-element elementor-element-4279ce0 exad-sticky-section-no exad-glass-effect-no elementor-widget elementor-widget-heading\" data-id=\"4279ce0\" data-element_type=\"widget\" data-widget_type=\"heading.default\">\n\t\t\t\t<div class=\"elementor-widget-container\">\n\t\t\t\t\t<h1 class=\"elementor-heading-title elementor-size-default\">Agr\u00e9ment au SLEC - CEDEAO<\/h1>\t\t\t\t<\/div>\n\t\t\t\t<\/div>\n\t\t\t\t<\/div>\n\t\t\t\t<div class=\"elementor-element elementor-element-4d58bb4 elementor-drop-cap-yes elementor-drop-cap-view-default exad-sticky-section-no exad-glass-effect-no elementor-widget elementor-widget-text-editor\" data-id=\"4d58bb4\" data-element_type=\"widget\" data-settings=\"{&quot;drop_cap&quot;:&quot;yes&quot;}\" data-widget_type=\"text-editor.default\">\n\t\t\t\t<div class=\"elementor-widget-container\">\n\t\t\t\t\t\t\t\t\t<p>Le Minist\u00e8re de l\u2019Int\u00e9gration R\u00e9gionale et des Ivoiriens de l\u2019Ext\u00e9rieur<strong> d\u00e9livre les d\u00e9cisions d\u2019Agr\u00e9ment au Sch\u00e9ma de Lib\u00e9ralisation des Echanges de la CEDEAO (SLEC)<\/strong> aux entreprises qui souhaitent exporter et qui en font la demande :<\/p><ul><li>[Protocole A\/P1\/1\/03 du 31 Janvier 2003] relatif \u00e0 la d\u00e9finition de la notion de produits originaires des \u00c9tats membres de la CEDEAO\u00a0;<\/li><li>[R\u00e8glement C\/REG.3\/4\/02 du 23 Avril 2002] relatif \u00e0 la proc\u00e9dure d\u2019agr\u00e9ment des produits originaires au Sch\u00e9ma de Lib\u00e9ralisation des \u00c9changes de la CEDEAO.<\/li><\/ul><p>Conform\u00e9ment aux dispositions du R\u00e8glement C\/REG. 3\/4\/02 du 23 avril 2002 [XX], relatif \u00e0 la proc\u00e9dure d\u2019agr\u00e9ment des produits originaires au sch\u00e9ma de lib\u00e9ralisation des \u00e9changes de la CEDEAO, la C\u00f4te d\u2019Ivoire dispose d\u2019un <strong>Comit\u00e9 National d\u2019Agr\u00e9ment<\/strong>.<br \/>Ce Comit\u00e9 National d\u2019Agr\u00e9ment a \u00e9t\u00e9 institu\u00e9 par plusieurs actes administratifs successifs dont le dernier en vigueur est l\u2019Arr\u00eat\u00e9 n\u00b0093 MIA\/CAB du 20 avril 2009 [A2009.093] du Ministre de l\u2019Int\u00e9gration Africaine et des Ivoiriens de l\u2019Ext\u00e9rieur.<br \/>Le Minist\u00e8re apporte son assistance aux entreprises pour le r\u00e8glement des litiges lors des exportations dans la CEDEAO.<\/p>\t\t\t\t\t\t\t\t<\/div>\n\t\t\t\t<\/div>\n\t\t<div class=\"elementor-element elementor-element-2e2afa4 e-con-full e-flex wpr-particle-no wpr-jarallax-no wpr-parallax-no wpr-sticky-section-no e-con e-child\" data-id=\"2e2afa4\" data-element_type=\"container\">\n\t\t\t\t<div class=\"elementor-element elementor-element-648cc20 e-n-tabs-mobile exad-sticky-section-no exad-glass-effect-no elementor-widget elementor-widget-n-tabs\" data-id=\"648cc20\" data-element_type=\"widget\" data-settings=\"{&quot;horizontal_scroll&quot;:&quot;disable&quot;}\" data-widget_type=\"nested-tabs.default\">\n\t\t\t\t<div class=\"elementor-widget-container\">\n\t\t\t\t\t\t\t<div class=\"e-n-tabs\" data-widget-number=\"105434144\" aria-label=\"Onglets. Ouvrez des \u00e9l\u00e9ments avec Entrer ou Espace, fermez-les avec Echape et naviguez \u00e0 l&#039;aide des touches fl\u00e9ch\u00e9es.\">\n\t\t\t<div class=\"e-n-tabs-heading\" role=\"tablist\">\n\t\t\t\t\t<button id=\"e-n-tab-title-1054341441\" data-tab-title-id=\"e-n-tab-title-1054341441\" class=\"e-n-tab-title\" aria-selected=\"true\" data-tab-index=\"1\" role=\"tab\" tabindex=\"0\" aria-controls=\"e-n-tab-content-1054341441\" style=\"--n-tabs-title-order: 1;\">\n\t\t\t\t\t\t<span class=\"e-n-tab-title-text\">\n\t\t\t\tInstitutions concern\u00e9es\t\t\t<\/span>\n\t\t<\/button>\n\t\t\t\t<button id=\"e-n-tab-title-1054341442\" data-tab-title-id=\"e-n-tab-title-1054341442\" class=\"e-n-tab-title\" aria-selected=\"false\" data-tab-index=\"2\" role=\"tab\" tabindex=\"-1\" aria-controls=\"e-n-tab-content-1054341442\" style=\"--n-tabs-title-order: 2;\">\n\t\t\t\t\t\t<span class=\"e-n-tab-title-text\">\n\t\t\t\tProc\u00e9dures\t\t\t<\/span>\n\t\t<\/button>\n\t\t\t\t\t<\/div>\n\t\t\t<div class=\"e-n-tabs-content\">\n\t\t\t\t<div id=\"e-n-tab-content-1054341441\" role=\"tabpanel\" aria-labelledby=\"e-n-tab-title-1054341441\" data-tab-index=\"1\" style=\"--n-tabs-title-order: 1;\" class=\"e-active elementor-element elementor-element-0a547e8 e-con-full e-flex wpr-particle-no wpr-jarallax-no wpr-parallax-no wpr-sticky-section-no e-con e-child\" data-id=\"0a547e8\" data-element_type=\"container\">\n\t\t\t\t<div class=\"elementor-element elementor-element-f1e56d3 exad-sticky-section-no exad-glass-effect-no elementor-widget elementor-widget-text-editor\" data-id=\"f1e56d3\" data-element_type=\"widget\" data-widget_type=\"text-editor.default\">\n\t\t\t\t<div class=\"elementor-widget-container\">\n\t\t\t\t\t\t\t\t\t<p><strong>Minist\u00e8re de l\u2019Int\u00e9gration Africaine et des Ivoiriens de l\u2019Ext\u00e9rieur<\/strong><br \/>Abidjan-Plateau, Cit\u00e9 Administrative, Tour C 22\u00e8me \u00e9tage\u00a0<br \/>01 BPV 225 Abidjan 01<br \/>T\u00e9l : (+225) 20 33 12 12<br \/>Fax : 20 22 41 56<br \/>Email :\u00a0info@integration.gouv.ci\u00a0 Site-web : <a href=\"http:\/\/www.integration.ci\/\">www.integration.ci<\/a><\/p><p><strong>Contact SLEC au Minist\u00e8re de l\u2019Int\u00e9gration R\u00e9gionale et des Ivoiriens de l\u2019Ext\u00e9rieur<\/strong> :<br \/>M. DJE Kouam\u00e9 Olivier,<br \/>T\u00e9l: (+225) 04 01 20 46\/ (+225) 09 21 32 34<br \/>Email: djekoli@yahoo.fr\u00a0<\/p>\t\t\t\t\t\t\t\t<\/div>\n\t\t\t\t<\/div>\n\t\t\t\t<\/div>\n\t\t<div id=\"e-n-tab-content-1054341442\" role=\"tabpanel\" aria-labelledby=\"e-n-tab-title-1054341442\" data-tab-index=\"2\" style=\"--n-tabs-title-order: 2;\" class=\" elementor-element elementor-element-c399107 e-flex e-con-boxed wpr-particle-no wpr-jarallax-no wpr-parallax-no wpr-sticky-section-no e-con e-child\" data-id=\"c399107\" data-element_type=\"container\">\n\t\t\t\t\t<div class=\"e-con-inner\">\n\t\t\t\t<div class=\"elementor-element elementor-element-3b8c9e6 exad-sticky-section-no exad-glass-effect-no elementor-widget elementor-widget-exad-exclusive-tabs\" data-id=\"3b8c9e6\" data-element_type=\"widget\" data-widget_type=\"exad-exclusive-tabs.default\">\n\t\t\t\t<div class=\"elementor-widget-container\">\n\t\t\t\t\t\t\t<div class=\"exad-tabs-3b8c9e6 exad-advance-tab exad-tab-vertical \" data-tabs>\r\n\t\t\t\r\n\t\t\t<ul class=\"exad-advance-tab-nav\">\r\n\t\t\t\t\t\t\t\t\t<li class=\"active \" data-tab>\r\n\t\t\t\t\t\t\t\t\t\t\t\t<span class=\"exad-tab-title\">\r\n\t\t\t\t\t\tEtape 1\t\t\t\t\t\t<\/span>\r\n\t\t\t\t\t<\/li>\r\n\t\t\t\t\t\t\t\t\t<li class=\" \" data-tab>\r\n\t\t\t\t\t\t\t\t\t\t\t\t<span class=\"exad-tab-title\">\r\n\t\t\t\t\t\tEtape 2\t\t\t\t\t\t<\/span>\r\n\t\t\t\t\t<\/li>\r\n\t\t\t\t\t\t\t\t\t<li class=\" \" data-tab>\r\n\t\t\t\t\t\t\t\t\t\t\t\t<span class=\"exad-tab-title\">\r\n\t\t\t\t\t\tEtape 3\t\t\t\t\t\t<\/span>\r\n\t\t\t\t\t<\/li>\r\n\t\t\t\t\t\t\t\t\t<li class=\" \" data-tab>\r\n\t\t\t\t\t\t\t\t\t\t\t\t<span class=\"exad-tab-title\">\r\n\t\t\t\t\t\tEtape 4\t\t\t\t\t\t<\/span>\r\n\t\t\t\t\t<\/li>\r\n\t\t\t\t\t\t\t\t\t<li class=\" \" data-tab>\r\n\t\t\t\t\t\t\t\t\t\t\t\t<span class=\"exad-tab-title\">\r\n\t\t\t\t\t\tEtape 5\t\t\t\t\t\t<\/span>\r\n\t\t\t\t\t<\/li>\r\n\t\t\t\t\t\t\t\t\t<li class=\" \" data-tab>\r\n\t\t\t\t\t\t\t\t\t\t\t\t<span class=\"exad-tab-title\">\r\n\t\t\t\t\t\tEtape 6\t\t\t\t\t\t<\/span>\r\n\t\t\t\t\t<\/li>\r\n\t\t\t\t\t\t\t\t\t<li class=\" \" data-tab>\r\n\t\t\t\t\t\t\t\t\t\t\t\t<span class=\"exad-tab-title\">\r\n\t\t\t\t\t\tEtape 7\t\t\t\t\t\t<\/span>\r\n\t\t\t\t\t<\/li>\r\n\t\t\t\t\t\t\t\t\t<li class=\" \" data-tab>\r\n\t\t\t\t\t\t\t\t\t\t\t\t<span class=\"exad-tab-title\">\r\n\t\t\t\t\t\tEtape 8\t\t\t\t\t\t<\/span>\r\n\t\t\t\t\t<\/li>\r\n\t\t\t\t\t\t\t<\/ul>\r\n\t\t\t\r\n\t\t\t\t\t\t\t<div class=\"exad-advance-tab-content exad-tab-image-has-no active exad-tab-image-right\">\r\n\t\t\t\t\t\t\t\t\t\t\t<div class=\"exad-advance-tab-content-element\">\r\n\t\t\t\t\t\t\t<div class=\"exad-advance-tab-content-description\">\r\n\t\t\t\t\t\t\t<h5>Obtenir, en premier lieu, un formulaire portant dossier-type de demande d\u2019agr\u00e9ment aupr\u00e8s du Minist\u00e8re de l\u2019int\u00e9gration R\u00e9gionale et des Ivoiriens de l\u2019Ext\u00e9rieur. \u2013 (Cf.\u00a0<a href=\"http:\/\/www.etls.ecowas.int\/wp-content\/uploads\/2011\/08\/Application-form-french.pdf\">http:\/\/www.etls.ecowas.int\/wp-content\/uploads\/2011\/08\/Application-form-french.pdf<\/a>). La fiche d\u2019agr\u00e9ment au SLEC demande les documents suivants :<\/h5><div class=\"ea-card sp-ea-single ea-expand\"><div id=\"collapse39250\" class=\"sp-collapse spcollapse show\" role=\"region\" aria-labelledby=\"ea-header-39250\"><div class=\"ea-body\"><ul><li>Une description compl\u00e8te de l\u2019identit\u00e9 de l\u2019entreprise.<\/li><li>Une description compl\u00e8te et assez d\u00e9taill\u00e9e des marchandises et des mati\u00e8res premi\u00e8res utilis\u00e9es dans la production conform\u00e9ment aux pratiques commerciales.<\/li><li>Une description compl\u00e8te du processus de fabrication et les \u00e9l\u00e9ments ainsi que tous les autres co\u00fbts comme les salaires.<\/li><li>Une copie des statuts, des certificats de l\u2019entreprise et toutes les pi\u00e8ces justificatives de l\u2019inscription de l\u2019entreprise.<\/li><\/ul><\/div><\/div><\/div>\t\t\t\t\t\t\t<\/div>\r\n\t\t\t\t\t\t\t\t\t\t\t\t\t<\/div>\r\n\t\t\t\t\t\t\t\t\t\t\t\t\t\t\t<\/div>\r\n\t\t\t\t\t\t\t<div class=\"exad-advance-tab-content exad-tab-image-has-no  exad-tab-image-right\">\r\n\t\t\t\t\t\t\t\t\t\t\t<div class=\"exad-advance-tab-content-element\">\r\n\t\t\t\t\t\t\t<div class=\"exad-advance-tab-content-description\">\r\n\t\t\t\t\t\t\t<div class=\"elementor-element elementor-element-d17c79c exad-sticky-section-no exad-glass-effect-no elementor-widget elementor-widget-heading\" data-id=\"d17c79c\" data-element_type=\"widget\" data-widget_type=\"heading.default\"><h5 class=\"elementor-widget-container\">Remplir et d\u00e9poser le formulaire (en 5 exemplaires) au service courrier du Minist\u00e8re de l\u2019Int\u00e9gration Africaine et des Ivoiriens de l\u2019Ext\u00e9rieur.<\/h5><\/div>\t\t\t\t\t\t\t<\/div>\r\n\t\t\t\t\t\t\t\t\t\t\t\t\t<\/div>\r\n\t\t\t\t\t\t\t\t\t\t\t\t\t\t\t<\/div>\r\n\t\t\t\t\t\t\t<div class=\"exad-advance-tab-content exad-tab-image-has-no  exad-tab-image-right\">\r\n\t\t\t\t\t\t\t\t\t\t\t<div class=\"exad-advance-tab-content-element\">\r\n\t\t\t\t\t\t\t<div class=\"exad-advance-tab-content-description\">\r\n\t\t\t\t\t\t\t<h5>Le Minist\u00e8re envoi les exemplaires du dossier d\u2019agr\u00e9ment aux membres du Comit\u00e9 National d\u2019Agr\u00e9ments (CNA)<\/h5>\t\t\t\t\t\t\t<\/div>\r\n\t\t\t\t\t\t\t\t\t\t\t\t\t<\/div>\r\n\t\t\t\t\t\t\t\t\t\t\t\t\t\t\t<\/div>\r\n\t\t\t\t\t\t\t<div class=\"exad-advance-tab-content exad-tab-image-has-no  exad-tab-image-right\">\r\n\t\t\t\t\t\t\t\t\t\t\t<div class=\"exad-advance-tab-content-element\">\r\n\t\t\t\t\t\t\t<div class=\"exad-advance-tab-content-description\">\r\n\t\t\t\t\t\t\t<p><strong>Le Comit\u00e9 National d\u2019Agr\u00e9ments organise une visite <\/strong>des installations de l\u2019entreprise qui sollicite l\u2019agr\u00e9ment.<\/p>\t\t\t\t\t\t\t<\/div>\r\n\t\t\t\t\t\t\t\t\t\t\t\t\t<\/div>\r\n\t\t\t\t\t\t\t\t\t\t\t\t\t\t\t<\/div>\r\n\t\t\t\t\t\t\t<div class=\"exad-advance-tab-content exad-tab-image-has-no  exad-tab-image-right\">\r\n\t\t\t\t\t\t\t\t\t\t\t<div class=\"exad-advance-tab-content-element\">\r\n\t\t\t\t\t\t\t<div class=\"exad-advance-tab-content-description\">\r\n\t\t\t\t\t\t\t<p><strong>D\u00e9lib\u00e9ration des membres du Comit\u00e9 National d\u2019Agr\u00e9ments\u00a0: <\/strong>\u00a0Avis du CNA.<\/p>\t\t\t\t\t\t\t<\/div>\r\n\t\t\t\t\t\t\t\t\t\t\t\t\t<\/div>\r\n\t\t\t\t\t\t\t\t\t\t\t\t\t\t\t<\/div>\r\n\t\t\t\t\t\t\t<div class=\"exad-advance-tab-content exad-tab-image-has-no  exad-tab-image-right\">\r\n\t\t\t\t\t\t\t\t\t\t\t<div class=\"exad-advance-tab-content-element\">\r\n\t\t\t\t\t\t\t<div class=\"exad-advance-tab-content-description\">\r\n\t\t\t\t\t\t\t<p>Le Minist\u00e8re transmet La<strong> liste des entreprises agr\u00e9\u00e9es <\/strong>\u00e0 la Commission de la CEDEAO <strong>qui valide ou non les agr\u00e9ments.<\/strong><\/p>\t\t\t\t\t\t\t<\/div>\r\n\t\t\t\t\t\t\t\t\t\t\t\t\t<\/div>\r\n\t\t\t\t\t\t\t\t\t\t\t\t\t\t\t<\/div>\r\n\t\t\t\t\t\t\t<div class=\"exad-advance-tab-content exad-tab-image-has-no  exad-tab-image-right\">\r\n\t\t\t\t\t\t\t\t\t\t\t<div class=\"exad-advance-tab-content-element\">\r\n\t\t\t\t\t\t\t<div class=\"exad-advance-tab-content-description\">\r\n\t\t\t\t\t\t\t<p>La <strong>CEDEAO<\/strong> Notifie la liste des entreprises et des produits agr\u00e9\u00e9s \u00e0 l\u2019ensemble des \u00c9tats membres.<\/p>\t\t\t\t\t\t\t<\/div>\r\n\t\t\t\t\t\t\t\t\t\t\t\t\t<\/div>\r\n\t\t\t\t\t\t\t\t\t\t\t\t\t\t\t<\/div>\r\n\t\t\t\t\t\t\t<div class=\"exad-advance-tab-content exad-tab-image-has-no  exad-tab-image-right\">\r\n\t\t\t\t\t\t\t\t\t\t\t<div class=\"exad-advance-tab-content-element\">\r\n\t\t\t\t\t\t\t<div class=\"exad-advance-tab-content-description\">\r\n\t\t\t\t\t\t\t<p><strong>Le Minist\u00e8re de l\u2019int\u00e9gration Africaine et des Ivoiriens de l\u2019Ext\u00e9rieur informe que les produits concern\u00e9s par la requ\u00eate sont agr\u00e9\u00e9s<\/strong>. En cons\u00e9quence, les Certificats d\u2019Origine peuvent faire l\u2019objet de demande de d\u00e9livrance\u00a0aupr\u00e8s du Minist\u00e8re de l\u2019Industrie et des mines [Minist\u00e8re de l\u2019int\u00e9gration africaine]. Le d\u00e9lai de validit\u00e9 du Certificat d\u2019Origine est de 6 mois \u00e0 compter de sa date de d\u00e9livrance et ne couvre qu\u2019un seul produit \u00e0 la fois.<\/p><p><strong>La liste des entreprises et produits agr\u00e9\u00e9s au Sch\u00e9ma de Lib\u00e9ralisation des \u00c9changes de la CEDEAO est disponible sur le site de la CEDEAO\u00a0: <\/strong><strong><a href=\"http:\/\/www.etls.ecowas.int\/approved-products\/\">http:\/\/www.etls.ecowas.int\/approved-products<\/a><\/strong><\/p>\t\t\t\t\t\t\t<\/div>\r\n\t\t\t\t\t\t\t\t\t\t\t\t\t<\/div>\r\n\t\t\t\t\t\t\t\t\t\t\t\t\t\t\t<\/div>\r\n\t\t\t\t\t<\/div>\r\n\t\t\t\t\t<\/div>\n\t\t\t\t<\/div>\n\t\t\t\t\t<\/div>\n\t\t\t\t<\/div>\n\t\t\t\t\t<\/div>\n\t\t<\/div>\n\t\t\t\t\t\t<\/div>\n\t\t\t\t<\/div>\n\t\t\t\t<\/div>\n\t\t\t\t\t<\/div>\n\t\t\t\t<\/div>\n\t\t\t\t<\/div>\n\t\t","protected":false},"excerpt":{"rendered":"<p>Agr\u00e9ment au SLEC &#8211; CEDEAO Le Minist\u00e8re de l\u2019Int\u00e9gration R\u00e9gionale et des Ivoiriens de l\u2019Ext\u00e9rieur d\u00e9livre les d\u00e9cisions d\u2019Agr\u00e9ment au Sch\u00e9ma de Lib\u00e9ralisation des Echanges de la CEDEAO (SLEC) aux entreprises qui souhaitent exporter et qui en font la demande : [Protocole A\/P1\/1\/03 du 31 Janvier 2003] relatif \u00e0 la d\u00e9finition de la notion de produits originaires des \u00c9tats membres de la CEDEAO\u00a0; [R\u00e8glement C\/REG.3\/4\/02 du 23 Avril 2002] relatif \u00e0 la proc\u00e9dure d\u2019agr\u00e9ment des produits originaires au Sch\u00e9ma de Lib\u00e9ralisation des \u00c9changes de la CEDEAO. Conform\u00e9ment aux dispositions du R\u00e8glement C\/REG. 3\/4\/02 du 23 avril 2002 [XX], relatif \u00e0 la proc\u00e9dure d\u2019agr\u00e9ment des produits originaires au sch\u00e9ma de lib\u00e9ralisation des \u00e9changes de la CEDEAO, la C\u00f4te d\u2019Ivoire dispose d\u2019un Comit\u00e9 National d\u2019Agr\u00e9ment.Ce Comit\u00e9 National d\u2019Agr\u00e9ment a \u00e9t\u00e9 institu\u00e9 par plusieurs actes administratifs successifs dont le dernier en vigueur est l\u2019Arr\u00eat\u00e9 n\u00b0093 MIA\/CAB du 20 avril 2009 [A2009.093] du Ministre de l\u2019Int\u00e9gration Africaine et des Ivoiriens de l\u2019Ext\u00e9rieur.Le Minist\u00e8re apporte son assistance aux entreprises pour le r\u00e8glement des litiges lors des exportations dans la CEDEAO. Institutions concern\u00e9es Proc\u00e9dures Minist\u00e8re de l\u2019Int\u00e9gration Africaine et des Ivoiriens de l\u2019Ext\u00e9rieurAbidjan-Plateau, Cit\u00e9 Administrative, Tour C 22\u00e8me \u00e9tage\u00a001 BPV 225 Abidjan 01T\u00e9l : (+225) 20 33 12 12Fax : 20 22 41 56Email :\u00a0info@integration.gouv.ci\u00a0 Site-web : www.integration.ci Contact SLEC au Minist\u00e8re de l\u2019Int\u00e9gration R\u00e9gionale et des Ivoiriens de l\u2019Ext\u00e9rieur :M. DJE Kouam\u00e9 Olivier,T\u00e9l: (+225) 04 01 20 46\/ (+225) 09 21 32 34Email: djekoli@yahoo.fr\u00a0 Etape 1 Etape 2 Etape 3 Etape 4 Etape 5 Etape 6 Etape 7 Etape 8 Obtenir, en premier lieu, un formulaire portant dossier-type de demande d\u2019agr\u00e9ment aupr\u00e8s du Minist\u00e8re de l\u2019int\u00e9gration R\u00e9gionale et des Ivoiriens de l\u2019Ext\u00e9rieur. \u2013 (Cf.\u00a0http:\/\/www.etls.ecowas.int\/wp-content\/uploads\/2011\/08\/Application-form-french.pdf). La fiche d\u2019agr\u00e9ment au SLEC demande les documents suivants : Une description compl\u00e8te de l\u2019identit\u00e9 de l\u2019entreprise. Une description compl\u00e8te et assez d\u00e9taill\u00e9e des marchandises et des mati\u00e8res premi\u00e8res utilis\u00e9es dans la production conform\u00e9ment aux pratiques commerciales. Une description compl\u00e8te du processus de fabrication et les \u00e9l\u00e9ments ainsi que tous les autres co\u00fbts comme les salaires. Une copie des statuts, des certificats de l\u2019entreprise et toutes les pi\u00e8ces justificatives de l\u2019inscription de l\u2019entreprise. Remplir et d\u00e9poser le formulaire (en 5 exemplaires) au service courrier du Minist\u00e8re de l\u2019Int\u00e9gration Africaine et des Ivoiriens de l\u2019Ext\u00e9rieur. Le Minist\u00e8re envoi les exemplaires du dossier d\u2019agr\u00e9ment aux membres du Comit\u00e9 National d\u2019Agr\u00e9ments (CNA) Le Comit\u00e9 National d\u2019Agr\u00e9ments organise une visite des installations de l\u2019entreprise qui sollicite l\u2019agr\u00e9ment. D\u00e9lib\u00e9ration des membres du Comit\u00e9 National d\u2019Agr\u00e9ments\u00a0: \u00a0Avis du CNA. Le Minist\u00e8re transmet La liste des entreprises agr\u00e9\u00e9es \u00e0 la Commission de la CEDEAO qui valide ou non les agr\u00e9ments. La CEDEAO Notifie la liste des entreprises et des produits agr\u00e9\u00e9s \u00e0 l\u2019ensemble des \u00c9tats membres. Le Minist\u00e8re de l\u2019int\u00e9gration Africaine et des Ivoiriens de l\u2019Ext\u00e9rieur informe que les produits concern\u00e9s par la requ\u00eate sont agr\u00e9\u00e9s. En cons\u00e9quence, les Certificats d\u2019Origine peuvent faire l\u2019objet de demande de d\u00e9livrance\u00a0aupr\u00e8s du Minist\u00e8re de l\u2019Industrie et des mines [Minist\u00e8re de l\u2019int\u00e9gration africaine]. Le d\u00e9lai de validit\u00e9 du Certificat d\u2019Origine est de 6 mois \u00e0 compter de sa date de d\u00e9livrance et ne couvre qu\u2019un seul produit \u00e0 la fois. La liste des entreprises et produits agr\u00e9\u00e9s au Sch\u00e9ma de Lib\u00e9ralisation des \u00c9changes de la CEDEAO est disponible sur le site de la CEDEAO\u00a0: http:\/\/www.etls.ecowas.int\/approved-products Minist\u00e8re de l\u2019Int\u00e9gration Africaine et des Ivoiriens de l\u2019Ext\u00e9rieurAbidjan-Plateau, Cit\u00e9 Administrative, Tour C 22\u00e8me \u00e9tage\u00a001 BPV 225 Abidjan 01T\u00e9l : (+225) 20 33 12 12Fax : 20 22 41 56Email :\u00a0info@integration.gouv.ci\u00a0 Site-web : www.integration.ci Contact SLEC au Minist\u00e8re de l\u2019Int\u00e9gration R\u00e9gionale et des Ivoiriens de l\u2019Ext\u00e9rieur :M. DJE Kouam\u00e9 Olivier,T\u00e9l: (+225) 04 01 20 46\/ (+225) 09 21 32 34Email: djekoli@yahoo.fr\u00a0 Etape 1 Etape 2 Etape 3 Etape 4 Etape 5 Etape 6 Etape 7 Etape 8 Obtenir, en premier lieu, un formulaire portant dossier-type de demande d\u2019agr\u00e9ment aupr\u00e8s du Minist\u00e8re de l\u2019int\u00e9gration R\u00e9gionale et des Ivoiriens de l\u2019Ext\u00e9rieur. \u2013 (Cf.\u00a0http:\/\/www.etls.ecowas.int\/wp-content\/uploads\/2011\/08\/Application-form-french.pdf). La fiche d\u2019agr\u00e9ment au SLEC demande les documents suivants : Une description compl\u00e8te de l\u2019identit\u00e9 de l\u2019entreprise. Une description compl\u00e8te et assez d\u00e9taill\u00e9e des marchandises et des mati\u00e8res premi\u00e8res utilis\u00e9es dans la production conform\u00e9ment aux pratiques commerciales. Une description compl\u00e8te du processus de fabrication et les \u00e9l\u00e9ments ainsi que tous les autres co\u00fbts comme les salaires. Une copie des statuts, des certificats de l\u2019entreprise et toutes les pi\u00e8ces justificatives de l\u2019inscription de l\u2019entreprise. Remplir et d\u00e9poser le formulaire (en 5 exemplaires) au service courrier du Minist\u00e8re de l\u2019Int\u00e9gration Africaine et des Ivoiriens de l\u2019Ext\u00e9rieur. Le Minist\u00e8re envoi les exemplaires du dossier d\u2019agr\u00e9ment aux membres du Comit\u00e9 National d\u2019Agr\u00e9ments (CNA) Le Comit\u00e9 National d\u2019Agr\u00e9ments organise une visite des installations de l\u2019entreprise qui sollicite l\u2019agr\u00e9ment. D\u00e9lib\u00e9ration des membres du Comit\u00e9 National d\u2019Agr\u00e9ments\u00a0: \u00a0Avis du CNA. Le Minist\u00e8re transmet La liste des entreprises agr\u00e9\u00e9es \u00e0 la Commission de la CEDEAO qui valide ou non les agr\u00e9ments. La CEDEAO Notifie la liste des entreprises et des produits agr\u00e9\u00e9s \u00e0 l\u2019ensemble des \u00c9tats membres. Le Minist\u00e8re de l\u2019int\u00e9gration Africaine et des Ivoiriens de l\u2019Ext\u00e9rieur informe que les produits concern\u00e9s par la requ\u00eate sont agr\u00e9\u00e9s. En cons\u00e9quence, les Certificats d\u2019Origine peuvent faire l\u2019objet de demande de d\u00e9livrance\u00a0aupr\u00e8s du Minist\u00e8re de l\u2019Industrie et des mines [Minist\u00e8re de l\u2019int\u00e9gration africaine]. Le d\u00e9lai de validit\u00e9 du Certificat d\u2019Origine est de 6 mois \u00e0 compter de sa date de d\u00e9livrance et ne couvre qu\u2019un seul produit \u00e0 la fois. La liste des entreprises et produits agr\u00e9\u00e9s au Sch\u00e9ma de Lib\u00e9ralisation des \u00c9changes de la CEDEAO est disponible sur le site de la CEDEAO\u00a0: http:\/\/www.etls.ecowas.int\/approved-products<\/p>\n","protected":false},"author":1,"featured_media":0,"parent":5182,"menu_order":0,"comment_status":"closed","ping_status":"closed","template":"","meta":{"ngg_post_thumbnail":0,"footnotes":""},"class_list":["post-5213","page","type-page","status-publish","hentry"],"_links":{"self":[{"href":"https:\/\/www.gucecotedivoire.ci\/pwic\/wp-json\/wp\/v2\/pages\/5213","targetHints":{"allow":["GET"]}}],"collection":[{"href":"https:\/\/www.gucecotedivoire.ci\/pwic\/wp-json\/wp\/v2\/pages"}],"about":[{"href":"https:\/\/www.gucecotedivoire.ci\/pwic\/wp-json\/wp\/v2\/types\/page"}],"author":[{"embeddable":true,"href":"https:\/\/www.gucecotedivoire.ci\/pwic\/wp-json\/wp\/v2\/users\/1"}],"replies":[{"embeddable":true,"href":"https:\/\/www.gucecotedivoire.ci\/pwic\/wp-json\/wp\/v2\/comments?post=5213"}],"version-history":[{"count":0,"href":"https:\/\/www.gucecotedivoire.ci\/pwic\/wp-json\/wp\/v2\/pages\/5213\/revisions"}],"up":[{"embeddable":true,"href":"https:\/\/www.gucecotedivoire.ci\/pwic\/wp-json\/wp\/v2\/pages\/5182"}],"wp:attachment":[{"href":"https:\/\/www.gucecotedivoire.ci\/pwic\/wp-json\/wp\/v2\/media?parent=5213"}],"curies":[{"name":"wp","href":"https:\/\/api.w.org\/{rel}","templated":true}]}}