{"id":5262,"date":"2025-03-17T16:35:26","date_gmt":"2025-03-17T15:35:26","guid":{"rendered":"http:\/\/localhost\/pwic.gouv.ci\/?page_id=5262"},"modified":"2025-03-17T16:46:16","modified_gmt":"2025-03-17T15:46:16","slug":"etlsa","status":"publish","type":"page","link":"https:\/\/www.gucecotedivoire.ci\/pwic\/en\/intra_regional_trade_cedeao\/etlsa\/","title":{"rendered":"ETLS approval \u2013 approval procedure in C\u00d4TE D\u2019IVOIRE"},"content":{"rendered":"\t\t<div data-elementor-type=\"wp-page\" data-elementor-id=\"5262\" class=\"elementor elementor-5262\">\n\t\t\t\t<div class=\"elementor-element elementor-element-ebcd43f e-flex e-con-boxed wpr-particle-no wpr-jarallax-no wpr-parallax-no wpr-sticky-section-no e-con e-parent\" data-id=\"ebcd43f\" data-element_type=\"container\">\n\t\t\t\t\t<div class=\"e-con-inner\">\n\t\t<div class=\"elementor-element elementor-element-adf24aa e-con-full e-flex wpr-particle-no wpr-jarallax-no wpr-parallax-no wpr-sticky-section-no e-con e-child\" data-id=\"adf24aa\" data-element_type=\"container\" data-settings=\"{&quot;background_background&quot;:&quot;slideshow&quot;,&quot;background_slideshow_gallery&quot;:[{&quot;id&quot;:5188,&quot;url&quot;:&quot;https:\\\/\\\/www.gucecotedivoire.ci\\\/pwic\\\/wp-content\\\/uploads\\\/2025\\\/03\\\/hand-holding-cherry-tomato-plastic-crate-market-1-scaled.jpg&quot;}],&quot;background_slideshow_loop&quot;:&quot;yes&quot;,&quot;background_slideshow_slide_duration&quot;:5000,&quot;background_slideshow_slide_transition&quot;:&quot;fade&quot;,&quot;background_slideshow_transition_duration&quot;:500}\">\n\t\t\t\t<div class=\"elementor-element elementor-element-4279ce0 exad-sticky-section-no exad-glass-effect-no elementor-widget elementor-widget-heading\" data-id=\"4279ce0\" data-element_type=\"widget\" data-widget_type=\"heading.default\">\n\t\t\t\t<div class=\"elementor-widget-container\">\n\t\t\t\t\t<h1 class=\"elementor-heading-title elementor-size-default\">Community preferential tax (CPT) approval<\/h1>\t\t\t\t<\/div>\n\t\t\t\t<\/div>\n\t\t\t\t<\/div>\n\t\t\t\t<div class=\"elementor-element elementor-element-4d58bb4 elementor-drop-cap-yes elementor-drop-cap-view-default exad-sticky-section-no exad-glass-effect-no elementor-widget elementor-widget-text-editor\" data-id=\"4d58bb4\" data-element_type=\"widget\" data-settings=\"{&quot;drop_cap&quot;:&quot;yes&quot;}\" data-widget_type=\"text-editor.default\">\n\t\t\t\t<div class=\"elementor-widget-container\">\n\t\t\t\t\t\t\t\t\t<p>The Ministry of Regional Integration and Ivorians Living abroad <strong>issues decisions of approval to the ECOWAS Trade Liberalisation Scheme (ETLS)<\/strong> to companies wishing to export and who request it:<\/p><ul><li>Protocol A\/P1\/1\/03 of 31 January 2003] on the definition of the concept of products originating from ECOWAS Member States;<\/li><li>Regulation C\/REG.3\/4\/02 of 23 April 2002] on the procedure for the approval of originating products under the ECOWAS Trade Liberalization Scheme.<\/li><\/ul><p>In accordance with the provisions of Regulation C\/REG. 3\/4\/02 of 23 April 2002 [XX], on the approval procedure of originating products to the ECOWAS trade liberalisation scheme, C\u00f4te d\u2019Ivoire has a <strong>National Approval Committee<\/strong>.<\/p><p>This National Approval Committee was established by several successive administrative acts, the latest of which is Order No. 093 MIA\/CAB of 20 April 2009 [A2009.093] of the Minister of African Integration and Ivorians Living Abroad.<\/p><p>The Ministry provides assistance to companies for the settlement of disputes during exports to ECOWAS.<\/p>\t\t\t\t\t\t\t\t<\/div>\n\t\t\t\t<\/div>\n\t\t<div class=\"elementor-element elementor-element-2e2afa4 e-con-full e-flex wpr-particle-no wpr-jarallax-no wpr-parallax-no wpr-sticky-section-no e-con e-child\" data-id=\"2e2afa4\" data-element_type=\"container\">\n\t\t\t\t<div class=\"elementor-element elementor-element-648cc20 e-n-tabs-mobile exad-sticky-section-no exad-glass-effect-no elementor-widget elementor-widget-n-tabs\" data-id=\"648cc20\" data-element_type=\"widget\" data-settings=\"{&quot;horizontal_scroll&quot;:&quot;disable&quot;}\" data-widget_type=\"nested-tabs.default\">\n\t\t\t\t<div class=\"elementor-widget-container\">\n\t\t\t\t\t\t\t<div class=\"e-n-tabs\" data-widget-number=\"105434144\" aria-label=\"Tabs. Open items with Enter or Space, close with Escape and navigate using the Arrow keys.\">\n\t\t\t<div class=\"e-n-tabs-heading\" role=\"tablist\">\n\t\t\t\t\t<button id=\"e-n-tab-title-1054341441\" data-tab-title-id=\"e-n-tab-title-1054341441\" class=\"e-n-tab-title\" aria-selected=\"true\" data-tab-index=\"1\" role=\"tab\" tabindex=\"0\" aria-controls=\"e-n-tab-content-1054341441\" style=\"--n-tabs-title-order: 1;\">\n\t\t\t\t\t\t<span class=\"e-n-tab-title-text\">\n\t\t\t\tInstitutions involved\t\t\t<\/span>\n\t\t<\/button>\n\t\t\t\t<button id=\"e-n-tab-title-1054341442\" data-tab-title-id=\"e-n-tab-title-1054341442\" class=\"e-n-tab-title\" aria-selected=\"false\" data-tab-index=\"2\" role=\"tab\" tabindex=\"-1\" aria-controls=\"e-n-tab-content-1054341442\" style=\"--n-tabs-title-order: 2;\">\n\t\t\t\t\t\t<span class=\"e-n-tab-title-text\">\n\t\t\t\tProcedures\t\t\t<\/span>\n\t\t<\/button>\n\t\t\t\t\t<\/div>\n\t\t\t<div class=\"e-n-tabs-content\">\n\t\t\t\t<div id=\"e-n-tab-content-1054341441\" role=\"tabpanel\" aria-labelledby=\"e-n-tab-title-1054341441\" data-tab-index=\"1\" style=\"--n-tabs-title-order: 1;\" class=\"e-active elementor-element elementor-element-0a547e8 e-con-full e-flex wpr-particle-no wpr-jarallax-no wpr-parallax-no wpr-sticky-section-no e-con e-child\" data-id=\"0a547e8\" data-element_type=\"container\">\n\t\t\t\t<div class=\"elementor-element elementor-element-f1e56d3 exad-sticky-section-no exad-glass-effect-no elementor-widget elementor-widget-text-editor\" data-id=\"f1e56d3\" data-element_type=\"widget\" data-widget_type=\"text-editor.default\">\n\t\t\t\t<div class=\"elementor-widget-container\">\n\t\t\t\t\t\t\t\t\t<p><strong>Ministry of African Integration and Ivorians Living Abroad<\/strong><br \/>Abidjan-Plateau, Cit\u00e9 Administrative, Tour C 22\u00e8me \u00e9tage<br \/>01 BPV 225 Abidjan 01<br \/>Tel : (+225) 20 33 12 12<br \/>Fax : 20 22 41 56<br \/>Email : info@integration.gouv.ci\u00a0 Website : <a href=\"http:\/\/www.integration.ci\/\">www.integration.ci<\/a><\/p><p><strong>ETLS contact at the Ministry of Regional Integration and Ivorians Livilg Abroad<\/strong>\u00a0:<br \/>M. DJE Kouam\u00e9 Olivier,<br \/>Tel: (+225) 04 01 20 46\/ (+225) 09 21 32 34<br \/>Email: djekoli@yahoo.fr<\/p>\t\t\t\t\t\t\t\t<\/div>\n\t\t\t\t<\/div>\n\t\t\t\t<\/div>\n\t\t<div id=\"e-n-tab-content-1054341442\" role=\"tabpanel\" aria-labelledby=\"e-n-tab-title-1054341442\" data-tab-index=\"2\" style=\"--n-tabs-title-order: 2;\" class=\" elementor-element elementor-element-c399107 e-flex e-con-boxed wpr-particle-no wpr-jarallax-no wpr-parallax-no wpr-sticky-section-no e-con e-child\" data-id=\"c399107\" data-element_type=\"container\">\n\t\t\t\t\t<div class=\"e-con-inner\">\n\t\t\t\t<div class=\"elementor-element elementor-element-3b8c9e6 exad-sticky-section-no exad-glass-effect-no elementor-widget elementor-widget-exad-exclusive-tabs\" data-id=\"3b8c9e6\" data-element_type=\"widget\" data-widget_type=\"exad-exclusive-tabs.default\">\n\t\t\t\t<div class=\"elementor-widget-container\">\n\t\t\t\t\t\t\t<div class=\"exad-tabs-3b8c9e6 exad-advance-tab exad-tab-vertical \" data-tabs>\r\n\t\t\t\r\n\t\t\t<ul class=\"exad-advance-tab-nav\">\r\n\t\t\t\t\t\t\t\t\t<li class=\"active \" data-tab>\r\n\t\t\t\t\t\t\t\t\t\t\t\t<span class=\"exad-tab-title\">\r\n\t\t\t\t\t\tStep 1\t\t\t\t\t\t<\/span>\r\n\t\t\t\t\t<\/li>\r\n\t\t\t\t\t\t\t\t\t<li class=\" \" data-tab>\r\n\t\t\t\t\t\t\t\t\t\t\t\t<span class=\"exad-tab-title\">\r\n\t\t\t\t\t\tStep 2\t\t\t\t\t\t<\/span>\r\n\t\t\t\t\t<\/li>\r\n\t\t\t\t\t\t\t\t\t<li class=\" \" data-tab>\r\n\t\t\t\t\t\t\t\t\t\t\t\t<span class=\"exad-tab-title\">\r\n\t\t\t\t\t\tStep 3\t\t\t\t\t\t<\/span>\r\n\t\t\t\t\t<\/li>\r\n\t\t\t\t\t\t\t\t\t<li class=\" \" data-tab>\r\n\t\t\t\t\t\t\t\t\t\t\t\t<span class=\"exad-tab-title\">\r\n\t\t\t\t\t\tStep 4\t\t\t\t\t\t<\/span>\r\n\t\t\t\t\t<\/li>\r\n\t\t\t\t\t\t\t\t\t<li class=\" \" data-tab>\r\n\t\t\t\t\t\t\t\t\t\t\t\t<span class=\"exad-tab-title\">\r\n\t\t\t\t\t\tStep 5\t\t\t\t\t\t<\/span>\r\n\t\t\t\t\t<\/li>\r\n\t\t\t\t\t\t\t\t\t<li class=\" \" data-tab>\r\n\t\t\t\t\t\t\t\t\t\t\t\t<span class=\"exad-tab-title\">\r\n\t\t\t\t\t\tStep 6\t\t\t\t\t\t<\/span>\r\n\t\t\t\t\t<\/li>\r\n\t\t\t\t\t\t\t\t\t<li class=\" \" data-tab>\r\n\t\t\t\t\t\t\t\t\t\t\t\t<span class=\"exad-tab-title\">\r\n\t\t\t\t\t\tEtape 7\t\t\t\t\t\t<\/span>\r\n\t\t\t\t\t<\/li>\r\n\t\t\t\t\t\t\t\t\t<li class=\" \" data-tab>\r\n\t\t\t\t\t\t\t\t\t\t\t\t<span class=\"exad-tab-title\">\r\n\t\t\t\t\t\tEtape 8\t\t\t\t\t\t<\/span>\r\n\t\t\t\t\t<\/li>\r\n\t\t\t\t\t\t\t<\/ul>\r\n\t\t\t\r\n\t\t\t\t\t\t\t<div class=\"exad-advance-tab-content exad-tab-image-has-no active exad-tab-image-right\">\r\n\t\t\t\t\t\t\t\t\t\t\t<div class=\"exad-advance-tab-content-element\">\r\n\t\t\t\t\t\t\t<div class=\"exad-advance-tab-content-description\">\r\n\t\t\t\t\t\t\t<p>First, obtain a standard application form from the Ministry of Regional Integration and Ivorians Living Abroad. \u2013 (Cf. http:\/\/www.etls.ecowas.int\/wp-content\/uploads\/2011\/08\/Application-form-french.pdf). The ETLS approval form requires the following documents<\/p><ul><li>A complete description of the company\u2019s identity.<\/li><li>A complete and sufficiently detailed description of the goods and raw materials used in production in accordance with commercial practice.<\/li><li>A complete description of the manufacturing process and elements as well as all other costs such as wages.<\/li><li>A copy of the company\u2019s articles of association, certificates and all supporting documents for the company\u2019s registration.<\/li><\/ul>\t\t\t\t\t\t\t<\/div>\r\n\t\t\t\t\t\t\t\t\t\t\t\t\t<\/div>\r\n\t\t\t\t\t\t\t\t\t\t\t\t\t\t\t<\/div>\r\n\t\t\t\t\t\t\t<div class=\"exad-advance-tab-content exad-tab-image-has-no  exad-tab-image-right\">\r\n\t\t\t\t\t\t\t\t\t\t\t<div class=\"exad-advance-tab-content-element\">\r\n\t\t\t\t\t\t\t<div class=\"exad-advance-tab-content-description\">\r\n\t\t\t\t\t\t\t<div class=\"elementor-element elementor-element-d17c79c exad-sticky-section-no exad-glass-effect-no elementor-widget elementor-widget-heading\" data-id=\"d17c79c\" data-element_type=\"widget\" data-widget_type=\"heading.default\"><p class=\"elementor-widget-container\">Complete and submit the form (in 5 copies) to the mail service of the Ministry of African Integration and Ivorians Living Abroad.<\/p><\/div>\t\t\t\t\t\t\t<\/div>\r\n\t\t\t\t\t\t\t\t\t\t\t\t\t<\/div>\r\n\t\t\t\t\t\t\t\t\t\t\t\t\t\t\t<\/div>\r\n\t\t\t\t\t\t\t<div class=\"exad-advance-tab-content exad-tab-image-has-no  exad-tab-image-right\">\r\n\t\t\t\t\t\t\t\t\t\t\t<div class=\"exad-advance-tab-content-element\">\r\n\t\t\t\t\t\t\t<div class=\"exad-advance-tab-content-description\">\r\n\t\t\t\t\t\t\t<p>The Ministry sends the copies of the approval file to the members of the National Approval Committee (NAC)<\/p>\t\t\t\t\t\t\t<\/div>\r\n\t\t\t\t\t\t\t\t\t\t\t\t\t<\/div>\r\n\t\t\t\t\t\t\t\t\t\t\t\t\t\t\t<\/div>\r\n\t\t\t\t\t\t\t<div class=\"exad-advance-tab-content exad-tab-image-has-no  exad-tab-image-right\">\r\n\t\t\t\t\t\t\t\t\t\t\t<div class=\"exad-advance-tab-content-element\">\r\n\t\t\t\t\t\t\t<div class=\"exad-advance-tab-content-description\">\r\n\t\t\t\t\t\t\t<p><strong>The National Approval Committee organises a visit<\/strong> to the facilities of the company applying for approval.<\/p>\t\t\t\t\t\t\t<\/div>\r\n\t\t\t\t\t\t\t\t\t\t\t\t\t<\/div>\r\n\t\t\t\t\t\t\t\t\t\t\t\t\t\t\t<\/div>\r\n\t\t\t\t\t\t\t<div class=\"exad-advance-tab-content exad-tab-image-has-no  exad-tab-image-right\">\r\n\t\t\t\t\t\t\t\t\t\t\t<div class=\"exad-advance-tab-content-element\">\r\n\t\t\t\t\t\t\t<div class=\"exad-advance-tab-content-description\">\r\n\t\t\t\t\t\t\t<p><strong>Deliberation by the members of the National Accreditation Committee<\/strong>:\u00a0 decision of the NAC.<\/p>\t\t\t\t\t\t\t<\/div>\r\n\t\t\t\t\t\t\t\t\t\t\t\t\t<\/div>\r\n\t\t\t\t\t\t\t\t\t\t\t\t\t\t\t<\/div>\r\n\t\t\t\t\t\t\t<div class=\"exad-advance-tab-content exad-tab-image-has-no  exad-tab-image-right\">\r\n\t\t\t\t\t\t\t\t\t\t\t<div class=\"exad-advance-tab-content-element\">\r\n\t\t\t\t\t\t\t<div class=\"exad-advance-tab-content-description\">\r\n\t\t\t\t\t\t\t<p>The Ministry transmits <strong>the list of approved companies<\/strong> to the ECOWAS Commission <strong>which validates or not the approvals.<\/strong><\/p>\t\t\t\t\t\t\t<\/div>\r\n\t\t\t\t\t\t\t\t\t\t\t\t\t<\/div>\r\n\t\t\t\t\t\t\t\t\t\t\t\t\t\t\t<\/div>\r\n\t\t\t\t\t\t\t<div class=\"exad-advance-tab-content exad-tab-image-has-no  exad-tab-image-right\">\r\n\t\t\t\t\t\t\t\t\t\t\t<div class=\"exad-advance-tab-content-element\">\r\n\t\t\t\t\t\t\t<div class=\"exad-advance-tab-content-description\">\r\n\t\t\t\t\t\t\t<p><strong>ECOWAS<\/strong> notifies all Member States of the list of approved companies and products.<\/p>\t\t\t\t\t\t\t<\/div>\r\n\t\t\t\t\t\t\t\t\t\t\t\t\t<\/div>\r\n\t\t\t\t\t\t\t\t\t\t\t\t\t\t\t<\/div>\r\n\t\t\t\t\t\t\t<div class=\"exad-advance-tab-content exad-tab-image-has-no  exad-tab-image-right\">\r\n\t\t\t\t\t\t\t\t\t\t\t<div class=\"exad-advance-tab-content-element\">\r\n\t\t\t\t\t\t\t<div class=\"exad-advance-tab-content-description\">\r\n\t\t\t\t\t\t\t<p><strong>The Ministry of African Integration and Ivorians Living Abroad informs that the products concerned by the request are approved<\/strong>. Consequently, the Certificates of Origin may be requested from the Ministry of Industry and Mines [Ministry of African Integration]. The Certificate of Origin is valid for 6 months from the date of issue and covers only one product at a time.<\/p><p><strong>The list of companies and products approved under the ECOWAS Trade Liberalization Scheme is available on the ECOWAS website<\/strong>: <a href=\"http:\/\/www.etls.ecowas.int\/approved-products\">http:\/\/www.etls.ecowas.int\/approved-products<\/a><\/p>\t\t\t\t\t\t\t<\/div>\r\n\t\t\t\t\t\t\t\t\t\t\t\t\t<\/div>\r\n\t\t\t\t\t\t\t\t\t\t\t\t\t\t\t<\/div>\r\n\t\t\t\t\t<\/div>\r\n\t\t\t\t\t<\/div>\n\t\t\t\t<\/div>\n\t\t\t\t\t<\/div>\n\t\t\t\t<\/div>\n\t\t\t\t\t<\/div>\n\t\t<\/div>\n\t\t\t\t\t\t<\/div>\n\t\t\t\t<\/div>\n\t\t\t\t<\/div>\n\t\t\t\t\t<\/div>\n\t\t\t\t<\/div>\n\t\t\t\t<\/div>\n\t\t","protected":false},"excerpt":{"rendered":"<p>Community preferential tax (CPT) approval The Ministry of Regional Integration and Ivorians Living abroad issues decisions of approval to the ECOWAS Trade Liberalisation Scheme (ETLS) to companies wishing to export and who request it: Protocol A\/P1\/1\/03 of 31 January 2003] on the definition of the concept of products originating from ECOWAS Member States; Regulation C\/REG.3\/4\/02 of 23 April 2002] on the procedure for the approval of originating products under the ECOWAS Trade Liberalization Scheme. In accordance with the provisions of Regulation C\/REG. 3\/4\/02 of 23 April 2002 [XX], on the approval procedure of originating products to the ECOWAS trade liberalisation scheme, C\u00f4te d\u2019Ivoire has a National Approval Committee. This National Approval Committee was established by several successive administrative acts, the latest of which is Order No. 093 MIA\/CAB of 20 April 2009 [A2009.093] of the Minister of African Integration and Ivorians Living Abroad. The Ministry provides assistance to companies for the settlement of disputes during exports to ECOWAS. Institutions involved Procedures Ministry of African Integration and Ivorians Living AbroadAbidjan-Plateau, Cit\u00e9 Administrative, Tour C 22\u00e8me \u00e9tage01 BPV 225 Abidjan 01Tel : (+225) 20 33 12 12Fax : 20 22 41 56Email : info@integration.gouv.ci\u00a0 Website : www.integration.ci ETLS contact at the Ministry of Regional Integration and Ivorians Livilg Abroad\u00a0:M. DJE Kouam\u00e9 Olivier,Tel: (+225) 04 01 20 46\/ (+225) 09 21 32 34Email: djekoli@yahoo.fr Step 1 Step 2 Step 3 Step 4 Step 5 Step 6 Etape 7 Etape 8 First, obtain a standard application form from the Ministry of Regional Integration and Ivorians Living Abroad. \u2013 (Cf. http:\/\/www.etls.ecowas.int\/wp-content\/uploads\/2011\/08\/Application-form-french.pdf). The ETLS approval form requires the following documents A complete description of the company\u2019s identity. A complete and sufficiently detailed description of the goods and raw materials used in production in accordance with commercial practice. A complete description of the manufacturing process and elements as well as all other costs such as wages. A copy of the company\u2019s articles of association, certificates and all supporting documents for the company\u2019s registration. Complete and submit the form (in 5 copies) to the mail service of the Ministry of African Integration and Ivorians Living Abroad. The Ministry sends the copies of the approval file to the members of the National Approval Committee (NAC) The National Approval Committee organises a visit to the facilities of the company applying for approval. Deliberation by the members of the National Accreditation Committee:\u00a0 decision of the NAC. The Ministry transmits the list of approved companies to the ECOWAS Commission which validates or not the approvals. ECOWAS notifies all Member States of the list of approved companies and products. The Ministry of African Integration and Ivorians Living Abroad informs that the products concerned by the request are approved. Consequently, the Certificates of Origin may be requested from the Ministry of Industry and Mines [Ministry of African Integration]. The Certificate of Origin is valid for 6 months from the date of issue and covers only one product at a time. The list of companies and products approved under the ECOWAS Trade Liberalization Scheme is available on the ECOWAS website: http:\/\/www.etls.ecowas.int\/approved-products Ministry of African Integration and Ivorians Living AbroadAbidjan-Plateau, Cit\u00e9 Administrative, Tour C 22\u00e8me \u00e9tage01 BPV 225 Abidjan 01Tel : (+225) 20 33 12 12Fax : 20 22 41 56Email : info@integration.gouv.ci\u00a0 Website : www.integration.ci ETLS contact at the Ministry of Regional Integration and Ivorians Livilg Abroad\u00a0:M. DJE Kouam\u00e9 Olivier,Tel: (+225) 04 01 20 46\/ (+225) 09 21 32 34Email: djekoli@yahoo.fr Step 1 Step 2 Step 3 Step 4 Step 5 Step 6 Etape 7 Etape 8 First, obtain a standard application form from the Ministry of Regional Integration and Ivorians Living Abroad. \u2013 (Cf. http:\/\/www.etls.ecowas.int\/wp-content\/uploads\/2011\/08\/Application-form-french.pdf). The ETLS approval form requires the following documents A complete description of the company\u2019s identity. A complete and sufficiently detailed description of the goods and raw materials used in production in accordance with commercial practice. A complete description of the manufacturing process and elements as well as all other costs such as wages. A copy of the company\u2019s articles of association, certificates and all supporting documents for the company\u2019s registration. Complete and submit the form (in 5 copies) to the mail service of the Ministry of African Integration and Ivorians Living Abroad. The Ministry sends the copies of the approval file to the members of the National Approval Committee (NAC) The National Approval Committee organises a visit to the facilities of the company applying for approval. Deliberation by the members of the National Accreditation Committee:\u00a0 decision of the NAC. The Ministry transmits the list of approved companies to the ECOWAS Commission which validates or not the approvals. ECOWAS notifies all Member States of the list of approved companies and products. The Ministry of African Integration and Ivorians Living Abroad informs that the products concerned by the request are approved. Consequently, the Certificates of Origin may be requested from the Ministry of Industry and Mines [Ministry of African Integration]. The Certificate of Origin is valid for 6 months from the date of issue and covers only one product at a time. The list of companies and products approved under the ECOWAS Trade Liberalization Scheme is available on the ECOWAS website: http:\/\/www.etls.ecowas.int\/approved-products<\/p>\n","protected":false},"author":1,"featured_media":0,"parent":5257,"menu_order":0,"comment_status":"closed","ping_status":"closed","template":"","meta":{"ngg_post_thumbnail":0,"footnotes":""},"class_list":["post-5262","page","type-page","status-publish","hentry"],"_links":{"self":[{"href":"https:\/\/www.gucecotedivoire.ci\/pwic\/wp-json\/wp\/v2\/pages\/5262","targetHints":{"allow":["GET"]}}],"collection":[{"href":"https:\/\/www.gucecotedivoire.ci\/pwic\/wp-json\/wp\/v2\/pages"}],"about":[{"href":"https:\/\/www.gucecotedivoire.ci\/pwic\/wp-json\/wp\/v2\/types\/page"}],"author":[{"embeddable":true,"href":"https:\/\/www.gucecotedivoire.ci\/pwic\/wp-json\/wp\/v2\/users\/1"}],"replies":[{"embeddable":true,"href":"https:\/\/www.gucecotedivoire.ci\/pwic\/wp-json\/wp\/v2\/comments?post=5262"}],"version-history":[{"count":0,"href":"https:\/\/www.gucecotedivoire.ci\/pwic\/wp-json\/wp\/v2\/pages\/5262\/revisions"}],"up":[{"embeddable":true,"href":"https:\/\/www.gucecotedivoire.ci\/pwic\/wp-json\/wp\/v2\/pages\/5257"}],"wp:attachment":[{"href":"https:\/\/www.gucecotedivoire.ci\/pwic\/wp-json\/wp\/v2\/media?parent=5262"}],"curies":[{"name":"wp","href":"https:\/\/api.w.org\/{rel}","templated":true}]}}