{"id":5337,"date":"2025-03-17T17:15:14","date_gmt":"2025-03-17T16:15:14","guid":{"rendered":"http:\/\/localhost\/pwic.gouv.ci\/?page_id=5337"},"modified":"2026-02-17T12:28:53","modified_gmt":"2026-02-17T12:28:53","slug":"bagages_accompagnes","status":"publish","type":"page","link":"https:\/\/www.gucecotedivoire.ci\/pwic\/bagages_accompagnes\/","title":{"rendered":"Bagages accompagn\u00e9s"},"content":{"rendered":"\t\t<div data-elementor-type=\"wp-page\" data-elementor-id=\"5337\" class=\"elementor elementor-5337\">\n\t\t\t\t<div class=\"elementor-element elementor-element-a9813bf e-flex e-con-boxed wpr-particle-no wpr-jarallax-no wpr-parallax-no wpr-sticky-section-no e-con e-parent\" data-id=\"a9813bf\" data-element_type=\"container\">\n\t\t\t\t\t<div class=\"e-con-inner\">\n\t\t<div class=\"elementor-element elementor-element-314665d e-con-full e-flex wpr-particle-no wpr-jarallax-no wpr-parallax-no wpr-sticky-section-no e-con e-child\" data-id=\"314665d\" data-element_type=\"container\" data-settings=\"{&quot;background_background&quot;:&quot;classic&quot;}\">\n\t\t\t\t<div class=\"elementor-element elementor-element-77b5f79 exad-sticky-section-no exad-glass-effect-no elementor-widget elementor-widget-heading\" data-id=\"77b5f79\" data-element_type=\"widget\" data-widget_type=\"heading.default\">\n\t\t\t\t<div class=\"elementor-widget-container\">\n\t\t\t\t\t<h1 class=\"elementor-heading-title elementor-size-default\">Bagages accompagn\u00e9s<\/h1>\t\t\t\t<\/div>\n\t\t\t\t<\/div>\n\t\t\t\t<\/div>\n\t\t\t\t<div class=\"elementor-element elementor-element-a03bbf6 elementor-drop-cap-yes elementor-drop-cap-view-default exad-sticky-section-no exad-glass-effect-no elementor-widget elementor-widget-text-editor\" data-id=\"a03bbf6\" data-element_type=\"widget\" data-settings=\"{&quot;drop_cap&quot;:&quot;yes&quot;}\" data-widget_type=\"text-editor.default\">\n\t\t\t\t<div class=\"elementor-widget-container\">\n\t\t\t\t\t\t\t\t\t<header class=\"entry-header ast-no-thumbnail ast-no-meta\">\n<h5>Marchandises voyageant en bagage accompagn\u00e9 &#8211;\u00a0Proc\u00e9dure pour les particuliers<\/h5>\n<\/header>\t\t\t\t\t\t\t\t<\/div>\n\t\t\t\t<\/div>\n\t\t\t\t<div class=\"elementor-element elementor-element-8cb7236 elementor-drop-cap-yes elementor-drop-cap-view-default exad-sticky-section-no exad-glass-effect-no elementor-widget elementor-widget-text-editor\" data-id=\"8cb7236\" data-element_type=\"widget\" data-settings=\"{&quot;drop_cap&quot;:&quot;yes&quot;}\" data-widget_type=\"text-editor.default\">\n\t\t\t\t<div class=\"elementor-widget-container\">\n\t\t\t\t\t\t\t\t\t<p>L\u2019Autorisation d\u2019Exportation est \u00e9galement obligatoire pour tout objet d\u2019art ou artisanal voyageant avec leur propri\u00e9taire (l\u2019attestation d\u2019exportation n\u2019\u00e9tant pas, dans ce cas, obligatoire).<\/p><p>LISTE DES PRODUITS<\/p><figure class=\"wp-block-table is-style-stripes\"><table><thead><tr><th><strong>Technique<\/strong><\/th><th><strong>Mat\u00e9riaux<\/strong><\/th><th><strong>Produits<\/strong><\/th><\/tr><\/thead><tbody><tr><td>Sculpture<\/td><td>Bois, m\u00e9tal, terre cuite, fibre v\u00e9g\u00e9tale, pierre, os.<\/td><td>Masques, statuettes, statues, portes sculpt\u00e9es, tambours, serrures, bobines, cannes, tabourets, chaises, m\u00e9tiers \u00e0 tisser, tambours \u00e0 membrane, chasse-mouches, tambours \u00e0 fente, tam-tam, pirogues, peignes, cuill\u00e8res ordinaires et c\u00e9r\u00e9monielles, bo\u00eetes \u00e0 onguent.<\/td><\/tr><tr><td>Forge<\/td><td>Fer, argent, bronze, or et autres alliages cuivreux.<\/td><td>Cloches, clochettes, gongs et idiophones racl\u00e9s\/bagues, objets en fer forg\u00e9 (bracelets, anneaux de cheville, orf\u00e8vrerie).<\/td><\/tr><tr><td>Fonte \u00e0 cire perdue<\/td><td>Statuettes \u00e0 cire perdue, poids \u00e0 peser l\u2019or et tout insigne de pouvoir traditionnel.<\/td><td>\u00a0<\/td><\/tr><tr><td>Poterie modelage<\/td><td>Argile.<\/td><td>Objets usuels traditionnels tels que jarres, cruches, gargoulettes, pots, vases et autres objets m\u00e9nagers anciens, statuettes, pipes, colliers.<\/td><\/tr><tr><td>Tissage\u00a0(pagnes traditionnels)<\/td><td>Coton, soie ou laine et \u00e9corce.<\/td><td>Pagnes tiss\u00e9s, quelques objets traditionnels tiss\u00e9s fibres diverses et autres techniques de pagnes traditionnels peints, teints, pagnes en fibre de raphia, tapa, etc.<\/td><\/tr><tr><td>Vannerie<\/td><td>Rotin, roseaux, raphia et feuilles diverses.<\/td><td>Hottes rigides, corbeilles, nattes et autres objets de vannerie anciens ou repr\u00e9sentant les objets a usage quotidien.<\/td><\/tr><tr><td>Peinture, tapisserie<\/td><td>Toile, papier, carton, contre-plaqu\u00e9, bois, verre, mur.<\/td><td>Tableaux, tapisserie, bien meuble peint, etc.<\/td><\/tr><\/tbody><\/table><\/figure>\t\t\t\t\t\t\t\t<\/div>\n\t\t\t\t<\/div>\n\t\t\t\t\t<\/div>\n\t\t\t\t<\/div>\n\t\t\t\t<\/div>\n\t\t","protected":false},"excerpt":{"rendered":"<p>Bagages accompagn\u00e9s Marchandises voyageant en bagage accompagn\u00e9 &#8211;\u00a0Proc\u00e9dure pour les particuliers L\u2019Autorisation d\u2019Exportation est \u00e9galement obligatoire pour tout objet d\u2019art ou artisanal voyageant avec leur propri\u00e9taire (l\u2019attestation d\u2019exportation n\u2019\u00e9tant pas, dans ce cas, obligatoire). LISTE DES PRODUITS Technique Mat\u00e9riaux Produits Sculpture Bois, m\u00e9tal, terre cuite, fibre v\u00e9g\u00e9tale, pierre, os. Masques, statuettes, statues, portes sculpt\u00e9es, tambours, serrures, bobines, cannes, tabourets, chaises, m\u00e9tiers \u00e0 tisser, tambours \u00e0 membrane, chasse-mouches, tambours \u00e0 fente, tam-tam, pirogues, peignes, cuill\u00e8res ordinaires et c\u00e9r\u00e9monielles, bo\u00eetes \u00e0 onguent. Forge Fer, argent, bronze, or et autres alliages cuivreux. Cloches, clochettes, gongs et idiophones racl\u00e9s\/bagues, objets en fer forg\u00e9 (bracelets, anneaux de cheville, orf\u00e8vrerie). Fonte \u00e0 cire perdue Statuettes \u00e0 cire perdue, poids \u00e0 peser l\u2019or et tout insigne de pouvoir traditionnel. \u00a0 Poterie modelage Argile. Objets usuels traditionnels tels que jarres, cruches, gargoulettes, pots, vases et autres objets m\u00e9nagers anciens, statuettes, pipes, colliers. Tissage\u00a0(pagnes traditionnels) Coton, soie ou laine et \u00e9corce. Pagnes tiss\u00e9s, quelques objets traditionnels tiss\u00e9s fibres diverses et autres techniques de pagnes traditionnels peints, teints, pagnes en fibre de raphia, tapa, etc. Vannerie Rotin, roseaux, raphia et feuilles diverses. Hottes rigides, corbeilles, nattes et autres objets de vannerie anciens ou repr\u00e9sentant les objets a usage quotidien. Peinture, tapisserie Toile, papier, carton, contre-plaqu\u00e9, bois, verre, mur. Tableaux, tapisserie, bien meuble peint, etc.<\/p>\n","protected":false},"author":1,"featured_media":0,"parent":0,"menu_order":0,"comment_status":"closed","ping_status":"closed","template":"","meta":{"ngg_post_thumbnail":0,"footnotes":""},"class_list":["post-5337","page","type-page","status-publish","hentry"],"_links":{"self":[{"href":"https:\/\/www.gucecotedivoire.ci\/pwic\/wp-json\/wp\/v2\/pages\/5337","targetHints":{"allow":["GET"]}}],"collection":[{"href":"https:\/\/www.gucecotedivoire.ci\/pwic\/wp-json\/wp\/v2\/pages"}],"about":[{"href":"https:\/\/www.gucecotedivoire.ci\/pwic\/wp-json\/wp\/v2\/types\/page"}],"author":[{"embeddable":true,"href":"https:\/\/www.gucecotedivoire.ci\/pwic\/wp-json\/wp\/v2\/users\/1"}],"replies":[{"embeddable":true,"href":"https:\/\/www.gucecotedivoire.ci\/pwic\/wp-json\/wp\/v2\/comments?post=5337"}],"version-history":[{"count":3,"href":"https:\/\/www.gucecotedivoire.ci\/pwic\/wp-json\/wp\/v2\/pages\/5337\/revisions"}],"predecessor-version":[{"id":9694,"href":"https:\/\/www.gucecotedivoire.ci\/pwic\/wp-json\/wp\/v2\/pages\/5337\/revisions\/9694"}],"wp:attachment":[{"href":"https:\/\/www.gucecotedivoire.ci\/pwic\/wp-json\/wp\/v2\/media?parent=5337"}],"curies":[{"name":"wp","href":"https:\/\/api.w.org\/{rel}","templated":true}]}}