{"id":5853,"date":"2025-03-28T09:43:17","date_gmt":"2025-03-28T08:43:17","guid":{"rendered":"http:\/\/localhost\/pwic.gouv.ci\/?page_id=5853"},"modified":"2025-04-22T02:46:16","modified_gmt":"2025-04-22T00:46:16","slug":"termes-et-conditions","status":"publish","type":"page","link":"https:\/\/www.gucecotedivoire.ci\/pwic\/termes-et-conditions\/","title":{"rendered":"Termes et conditions"},"content":{"rendered":"\t\t<div data-elementor-type=\"wp-page\" data-elementor-id=\"5853\" class=\"elementor elementor-5853\">\n\t\t\t\t<div class=\"elementor-element elementor-element-a9813bf e-flex e-con-boxed wpr-particle-no wpr-jarallax-no wpr-parallax-no wpr-sticky-section-no e-con e-parent\" data-id=\"a9813bf\" data-element_type=\"container\">\n\t\t\t\t\t<div class=\"e-con-inner\">\n\t\t<div class=\"elementor-element elementor-element-314665d e-con-full e-flex wpr-particle-no wpr-jarallax-no wpr-parallax-no wpr-sticky-section-no e-con e-child\" data-id=\"314665d\" data-element_type=\"container\" data-settings=\"{&quot;background_background&quot;:&quot;classic&quot;}\">\n\t\t\t\t<div class=\"elementor-element elementor-element-77b5f79 exad-sticky-section-no exad-glass-effect-no elementor-widget elementor-widget-heading\" data-id=\"77b5f79\" data-element_type=\"widget\" data-widget_type=\"heading.default\">\n\t\t\t\t<div class=\"elementor-widget-container\">\n\t\t\t\t\t<h1 class=\"elementor-heading-title elementor-size-default\">Termes et conditions<\/h1>\t\t\t\t<\/div>\n\t\t\t\t<\/div>\n\t\t\t\t<\/div>\n\t\t\t\t\t<\/div>\n\t\t\t\t<\/div>\n\t\t<div class=\"elementor-element elementor-element-6c92bdf e-flex e-con-boxed wpr-particle-no wpr-jarallax-no wpr-parallax-no wpr-sticky-section-no e-con e-parent\" data-id=\"6c92bdf\" data-element_type=\"container\">\n\t\t\t\t\t<div class=\"e-con-inner\">\n\t\t\t\t<div class=\"elementor-element elementor-element-8cb7236 elementor-drop-cap-yes elementor-drop-cap-view-default exad-sticky-section-no exad-glass-effect-no elementor-widget elementor-widget-text-editor\" data-id=\"8cb7236\" data-element_type=\"widget\" data-settings=\"{&quot;drop_cap&quot;:&quot;yes&quot;}\" data-widget_type=\"text-editor.default\">\n\t\t\t\t<div class=\"elementor-widget-container\">\n\t\t\t\t\t\t\t\t\t<div class=\"entry-content clear\"><p>Bienvenue sur notre site. Si vous continuez \u00e0 naviguer et utiliser ce site, vous acceptez de respecter et d\u2019\u00eatre li\u00e9 par les termes et conditions d\u2019utilisation suivantes, qui, avec notre politique de confidentialit\u00e9 r\u00e9gissent la relation entre GUCE CI et vous par rapport \u00e0 ce site. Si vous \u00eates en d\u00e9saccord avec une partie quelconque de ces termes et conditions, veuillez ne pas utiliser notre site Web.<\/p><p>Le terme \u201cGUCE CI\u201d ou \u201cnous\u201d d\u00e9signe le propri\u00e9taire du site Web dont le si\u00e8ge social est \u201cImmeuble Plein Ciel, Boulevard Valery Giscard d\u2019Estaing, 26 BP 822 Abidjan 26\u201d. Le terme \u201cvous\u201d fait r\u00e9f\u00e9rence \u00e0 l\u2019utilisateur ou au visiteur de notre site Web.<\/p><p>L\u2019utilisation de ce site est soumise aux conditions d\u2019utilisation suivantes:<\/p><ul><li>Le contenu des pages de ce site est pour votre information g\u00e9n\u00e9rale et l\u2019utilisation seulement. Un changement sans pr\u00e9avis est possible.<\/li><li>Ce site utilise des cookies pour suivre les pr\u00e9f\u00e9rences de navigation. Si vous permettez que des cookies soient utilis\u00e9s, les informations personnelles suivantes peuvent \u00eatre stock\u00e9es par nous pour une utilisation par des tiers: \u201clangue pr\u00e9f\u00e9r\u00e9e\u201d.<\/li><li>Ni nous ni aucun tiers ne fournissons aucune garantie quant \u00e0 l\u2019exactitude, l\u2019actualit\u00e9, la performance, l\u2019exhaustivit\u00e9 ou la pertinence des informations et des mat\u00e9riaux trouv\u00e9s ou offerts sur ce site \u00e0 des fins particuli\u00e8res. Vous reconnaissez que ces informations et mat\u00e9riaux peuvent contenir des inexactitudes ou des erreurs et nous excluons express\u00e9ment toute responsabilit\u00e9 pour de telles inexactitudes ou erreurs dans toute la mesure permise par la loi.<\/li><li>Votre utilisation de toute information ou mat\u00e9riel sur ce site est enti\u00e8rement \u00e0 vos propres risques, pour lesquels nous ne serons pas responsables. Il est de votre responsabilit\u00e9 de veiller \u00e0 ce que tous les produits, services ou informations disponibles sur ce site r\u00e9pondent\u00a0\u00e0 vos besoins sp\u00e9cifiques.<\/li><li>Ce site contient du mat\u00e9riel qui est d\u00e9tenue par ou autoris\u00e9 \u00e0 nous. Ce mat\u00e9riel inclut, mais sans s\u2019y limiter, la conception, la mise en page, l\u2019apparence et les graphiques. La reproduction est interdite, sauf en conformit\u00e9 avec l\u2019avis du droit d\u2019auteur, qui fait partie de ces termes et conditions.<\/li><li>Toutes les marques reproduites sur ce site qui ne sont pas la propri\u00e9t\u00e9 de ou sous licence de\u00a0l\u2019op\u00e9rateur sont identifi\u00e9es sur le site.<\/li><li>L\u2019utilisation non autoris\u00e9e de ce site peut donner lieu \u00e0 une demande de dommages-int\u00e9r\u00eats et \/ ou constituer une infraction p\u00e9nale.<\/li><li>Ce site peut \u00e9galement inclure des liens vers d\u2019autres sites. Ces liens sont fournis pour votre convenance pour fournir de plus amples informations. Ils ne signifient pas que nous approuvons le(s) site(s). Nous n\u2019avons aucune responsabilit\u00e9 pour le contenu des\u00a0sites li\u00e9s.<\/li><li>Votre utilisation de ce site et tout litige d\u00e9coulant d\u2019une telle utilisation\u00a0est soumis aux lois de la C\u00f4te d\u2019Ivoire.<\/li><\/ul><\/div>\t\t\t\t\t\t\t\t<\/div>\n\t\t\t\t<\/div>\n\t\t\t\t\t<\/div>\n\t\t\t\t<\/div>\n\t\t<div class=\"elementor-element elementor-element-ac52d7a e-flex e-con-boxed wpr-particle-no wpr-jarallax-no wpr-parallax-no wpr-sticky-section-no e-con e-parent\" data-id=\"ac52d7a\" data-element_type=\"container\">\n\t\t\t\t\t<div class=\"e-con-inner\">\n\t\t\t\t<div class=\"elementor-element elementor-element-7fdb773 elementor-widget-divider--view-line exad-sticky-section-no exad-glass-effect-no elementor-widget elementor-widget-divider\" data-id=\"7fdb773\" data-element_type=\"widget\" data-widget_type=\"divider.default\">\n\t\t\t\t<div class=\"elementor-widget-container\">\n\t\t\t\t\t\t\t<div class=\"elementor-divider\">\n\t\t\t<span class=\"elementor-divider-separator\">\n\t\t\t\t\t\t<\/span>\n\t\t<\/div>\n\t\t\t\t\t\t<\/div>\n\t\t\t\t<\/div>\n\t\t\t\t\t<\/div>\n\t\t\t\t<\/div>\n\t\t\t\t<\/div>\n\t\t","protected":false},"excerpt":{"rendered":"<p>Termes et conditions Bienvenue sur notre site. Si vous continuez \u00e0 naviguer et utiliser ce site, vous acceptez de respecter et d\u2019\u00eatre li\u00e9 par les termes et conditions d\u2019utilisation suivantes, qui, avec notre politique de confidentialit\u00e9 r\u00e9gissent la relation entre GUCE CI et vous par rapport \u00e0 ce site. Si vous \u00eates en d\u00e9saccord avec une partie quelconque de ces termes et conditions, veuillez ne pas utiliser notre site Web. Le terme \u201cGUCE CI\u201d ou \u201cnous\u201d d\u00e9signe le propri\u00e9taire du site Web dont le si\u00e8ge social est \u201cImmeuble Plein Ciel, Boulevard Valery Giscard d\u2019Estaing, 26 BP 822 Abidjan 26\u201d. Le terme \u201cvous\u201d fait r\u00e9f\u00e9rence \u00e0 l\u2019utilisateur ou au visiteur de notre site Web. L\u2019utilisation de ce site est soumise aux conditions d\u2019utilisation suivantes: Le contenu des pages de ce site est pour votre information g\u00e9n\u00e9rale et l\u2019utilisation seulement. Un changement sans pr\u00e9avis est possible. Ce site utilise des cookies pour suivre les pr\u00e9f\u00e9rences de navigation. Si vous permettez que des cookies soient utilis\u00e9s, les informations personnelles suivantes peuvent \u00eatre stock\u00e9es par nous pour une utilisation par des tiers: \u201clangue pr\u00e9f\u00e9r\u00e9e\u201d. Ni nous ni aucun tiers ne fournissons aucune garantie quant \u00e0 l\u2019exactitude, l\u2019actualit\u00e9, la performance, l\u2019exhaustivit\u00e9 ou la pertinence des informations et des mat\u00e9riaux trouv\u00e9s ou offerts sur ce site \u00e0 des fins particuli\u00e8res. Vous reconnaissez que ces informations et mat\u00e9riaux peuvent contenir des inexactitudes ou des erreurs et nous excluons express\u00e9ment toute responsabilit\u00e9 pour de telles inexactitudes ou erreurs dans toute la mesure permise par la loi. Votre utilisation de toute information ou mat\u00e9riel sur ce site est enti\u00e8rement \u00e0 vos propres risques, pour lesquels nous ne serons pas responsables. Il est de votre responsabilit\u00e9 de veiller \u00e0 ce que tous les produits, services ou informations disponibles sur ce site r\u00e9pondent\u00a0\u00e0 vos besoins sp\u00e9cifiques. Ce site contient du mat\u00e9riel qui est d\u00e9tenue par ou autoris\u00e9 \u00e0 nous. Ce mat\u00e9riel inclut, mais sans s\u2019y limiter, la conception, la mise en page, l\u2019apparence et les graphiques. La reproduction est interdite, sauf en conformit\u00e9 avec l\u2019avis du droit d\u2019auteur, qui fait partie de ces termes et conditions. Toutes les marques reproduites sur ce site qui ne sont pas la propri\u00e9t\u00e9 de ou sous licence de\u00a0l\u2019op\u00e9rateur sont identifi\u00e9es sur le site. L\u2019utilisation non autoris\u00e9e de ce site peut donner lieu \u00e0 une demande de dommages-int\u00e9r\u00eats et \/ ou constituer une infraction p\u00e9nale. Ce site peut \u00e9galement inclure des liens vers d\u2019autres sites. Ces liens sont fournis pour votre convenance pour fournir de plus amples informations. Ils ne signifient pas que nous approuvons le(s) site(s). Nous n\u2019avons aucune responsabilit\u00e9 pour le contenu des\u00a0sites li\u00e9s. Votre utilisation de ce site et tout litige d\u00e9coulant d\u2019une telle utilisation\u00a0est soumis aux lois de la C\u00f4te d\u2019Ivoire.<\/p>\n","protected":false},"author":1,"featured_media":0,"parent":0,"menu_order":0,"comment_status":"closed","ping_status":"closed","template":"","meta":{"ngg_post_thumbnail":0,"footnotes":""},"class_list":["post-5853","page","type-page","status-publish","hentry"],"_links":{"self":[{"href":"https:\/\/www.gucecotedivoire.ci\/pwic\/wp-json\/wp\/v2\/pages\/5853","targetHints":{"allow":["GET"]}}],"collection":[{"href":"https:\/\/www.gucecotedivoire.ci\/pwic\/wp-json\/wp\/v2\/pages"}],"about":[{"href":"https:\/\/www.gucecotedivoire.ci\/pwic\/wp-json\/wp\/v2\/types\/page"}],"author":[{"embeddable":true,"href":"https:\/\/www.gucecotedivoire.ci\/pwic\/wp-json\/wp\/v2\/users\/1"}],"replies":[{"embeddable":true,"href":"https:\/\/www.gucecotedivoire.ci\/pwic\/wp-json\/wp\/v2\/comments?post=5853"}],"version-history":[{"count":3,"href":"https:\/\/www.gucecotedivoire.ci\/pwic\/wp-json\/wp\/v2\/pages\/5853\/revisions"}],"predecessor-version":[{"id":8430,"href":"https:\/\/www.gucecotedivoire.ci\/pwic\/wp-json\/wp\/v2\/pages\/5853\/revisions\/8430"}],"wp:attachment":[{"href":"https:\/\/www.gucecotedivoire.ci\/pwic\/wp-json\/wp\/v2\/media?parent=5853"}],"curies":[{"name":"wp","href":"https:\/\/api.w.org\/{rel}","templated":true}]}}